{"id":1715,"date":"2025-01-06T15:05:52","date_gmt":"2025-01-06T15:05:52","guid":{"rendered":"https:\/\/dogapanel.com\/kurumsal\/"},"modified":"2025-06-01T15:41:24","modified_gmt":"2025-06-01T15:41:24","slug":"about-us","status":"publish","type":"page","link":"https:\/\/dogapanel.com\/en\/about-us\/","title":{"rendered":"About Us"},"content":{"rendered":"\t\t<div data-elementor-type=\"wp-page\" data-elementor-id=\"1715\" class=\"elementor elementor-1715 elementor-26\" data-elementor-post-type=\"page\">\n\t\t\t\t<div class=\"elementor-element elementor-element-e9fb551 e-flex e-con-boxed e-con e-parent\" data-id=\"e9fb551\" data-element_type=\"container\" data-settings=\"{&quot;background_background&quot;:&quot;classic&quot;}\">\n\t\t\t\t\t<div class=\"e-con-inner\">\n\t\t\t\t\t<\/div>\n\t\t\t\t<\/div>\n\t\t<div class=\"elementor-element elementor-element-f7a54a9 e-flex e-con-boxed e-con e-parent\" data-id=\"f7a54a9\" data-element_type=\"container\">\n\t\t\t\t\t<div class=\"e-con-inner\">\n\t\t<div class=\"elementor-element elementor-element-bed8a73 e-con-full e-flex e-con e-child\" data-id=\"bed8a73\" data-element_type=\"container\">\n\t\t\t\t<div class=\"elementor-element elementor-element-4e0a49f elementor-widget elementor-widget-image\" data-id=\"4e0a49f\" data-element_type=\"widget\" data-widget_type=\"image.default\">\n\t\t\t\t\t\t\t\t\t\t\t\t\t\t\t<img loading=\"lazy\" decoding=\"async\" width=\"158\" height=\"203\" src=\"https:\/\/dogapanel.com\/wp-content\/uploads\/doga-panel-element-1-1.webp\" class=\"attachment-full size-full wp-image-651\" alt=\"\" \/>\t\t\t\t\t\t\t\t\t\t\t\t\t\t\t<\/div>\n\t\t\t\t<div class=\"elementor-element elementor-element-e17c442 elementor-widget elementor-widget-image\" data-id=\"e17c442\" data-element_type=\"widget\" data-settings=\"{&quot;motion_fx_motion_fx_mouse&quot;:&quot;yes&quot;,&quot;motion_fx_tilt_effect&quot;:&quot;yes&quot;,&quot;motion_fx_tilt_speed&quot;:{&quot;unit&quot;:&quot;px&quot;,&quot;size&quot;:1,&quot;sizes&quot;:[]}}\" data-widget_type=\"image.default\">\n\t\t\t\t\t\t\t\t\t\t\t\t\t\t\t<img loading=\"lazy\" decoding=\"async\" width=\"1600\" height=\"1066\" src=\"https:\/\/dogapanel.com\/wp-content\/uploads\/doga-panel-biz-kimiz-ve-neler-yapiyoruz.webp\" class=\"attachment-full size-full wp-image-652\" alt=\"\" srcset=\"https:\/\/dogapanel.com\/wp-content\/uploads\/doga-panel-biz-kimiz-ve-neler-yapiyoruz.webp 1600w, https:\/\/dogapanel.com\/wp-content\/uploads\/doga-panel-biz-kimiz-ve-neler-yapiyoruz-300x200.webp 300w, https:\/\/dogapanel.com\/wp-content\/uploads\/doga-panel-biz-kimiz-ve-neler-yapiyoruz-1024x682.webp 1024w, https:\/\/dogapanel.com\/wp-content\/uploads\/doga-panel-biz-kimiz-ve-neler-yapiyoruz-768x512.webp 768w, https:\/\/dogapanel.com\/wp-content\/uploads\/doga-panel-biz-kimiz-ve-neler-yapiyoruz-1536x1023.webp 1536w\" sizes=\"auto, (max-width: 1600px) 100vw, 1600px\" \/>\t\t\t\t\t\t\t\t\t\t\t\t\t\t\t<\/div>\n\t\t\t\t<div class=\"elementor-element elementor-element-a59d4a1 elementor-widget elementor-widget-image\" data-id=\"a59d4a1\" data-element_type=\"widget\" data-widget_type=\"image.default\">\n\t\t\t\t\t\t\t\t\t\t\t\t\t\t\t<img loading=\"lazy\" decoding=\"async\" width=\"178\" height=\"234\" src=\"https:\/\/dogapanel.com\/wp-content\/uploads\/doga-panel-element-2.webp\" class=\"attachment-full size-full wp-image-653\" alt=\"\" \/>\t\t\t\t\t\t\t\t\t\t\t\t\t\t\t<\/div>\n\t\t\t\t<\/div>\n\t\t<div class=\"elementor-element elementor-element-56425c2 e-con-full e-flex e-con e-child\" data-id=\"56425c2\" data-element_type=\"container\">\n\t\t<div class=\"elementor-element elementor-element-8551b6e e-con-full e-flex e-con e-child\" data-id=\"8551b6e\" data-element_type=\"container\">\n\t\t\t\t<div class=\"elementor-element elementor-element-a2bfc4e elementor-widget elementor-widget-heading\" data-id=\"a2bfc4e\" data-element_type=\"widget\" data-widget_type=\"heading.default\">\n\t\t\t\t\t<span class=\"elementor-heading-title elementor-size-default\">DO\u011eA PANEL<\/span>\t\t\t\t<\/div>\n\t\t\t\t<div class=\"elementor-element elementor-element-e86c739 elementor-widget elementor-widget-heading\" data-id=\"e86c739\" data-element_type=\"widget\" data-widget_type=\"heading.default\">\n\t\t\t\t\t<h2 class=\"elementor-heading-title elementor-size-default\">Who Are We and What Do We Do?<\/h2>\t\t\t\t<\/div>\n\t\t\t\t<div class=\"elementor-element elementor-element-7394827 elementor-widget-divider--view-line elementor-widget elementor-widget-divider\" data-id=\"7394827\" data-element_type=\"widget\" data-widget_type=\"divider.default\">\n\t\t\t\t\t\t\t<div class=\"elementor-divider\">\n\t\t\t<span class=\"elementor-divider-separator\">\n\t\t\t\t\t\t<\/span>\n\t\t<\/div>\n\t\t\t\t\t\t<\/div>\n\t\t\t\t<\/div>\n\t\t\t\t<div class=\"elementor-element elementor-element-02098c5 elementor-widget elementor-widget-text-editor\" data-id=\"02098c5\" data-element_type=\"widget\" data-widget_type=\"text-editor.default\">\n\t\t\t\t\t\t\t\t\t<p>Our company was established in 2021 in\u00a0<span style=\"font-weight: bolder;\">Kahramanmara\u015f<\/span>\u00a0and initially began serving industrial buildings in the region with\u00a0<span style=\"font-weight: bolder;\">Kahramanmara\u015f Sandwich Panel<\/span>,\u00a0<span style=\"font-weight: bolder;\">Kahramanmara\u015f Roof Panel<\/span>,\u00a0and\u00a0<span style=\"font-weight: bolder;\">Kahramanmara\u015f Facade Panel<\/span>\u00a0solutions. It has also undertaken projects in neighboring provinces such as\u00a0<span style=\"font-weight: bolder;\">\u015eanl\u0131urfa<\/span>,\u00a0<span style=\"font-weight: bolder;\">Malatya<\/span>, and\u00a0<span style=\"font-weight: bolder;\">Ad\u0131yaman<\/span>.<\/p><p>Thanks to its rapid rise in a short time, Do\u011fa Panel has gone beyond being a local company and has become a solution partner for roof and facade projects across Turkey, from\u00a0<span style=\"font-weight: bolder;\">Hakkari to \u00c7orlu<\/span>\u00a0and\u00a0<span style=\"font-weight: bolder;\">Denizli to Samsun<\/span>.<\/p>\t\t\t\t\t\t\t\t<\/div>\n\t\t\t\t<div class=\"elementor-element elementor-element-3729b8a elementor-align-left elementor-widget elementor-widget-button\" data-id=\"3729b8a\" data-element_type=\"widget\" data-widget_type=\"button.default\">\n\t\t\t\t\t\t\t\t\t\t<a class=\"elementor-button elementor-button-link elementor-size-sm\" href=\"\/en\/contact-us\/\">\n\t\t\t\t\t\t<span class=\"elementor-button-content-wrapper\">\n\t\t\t\t\t\t<span class=\"elementor-button-icon\">\n\t\t\t\t<i aria-hidden=\"true\" class=\"fas fa-arrow-right\"><\/i>\t\t\t<\/span>\n\t\t\t\t\t\t\t\t\t<span class=\"elementor-button-text\">CONTACT US<\/span>\n\t\t\t\t\t<\/span>\n\t\t\t\t\t<\/a>\n\t\t\t\t\t\t\t\t<\/div>\n\t\t\t\t<\/div>\n\t\t\t\t\t<\/div>\n\t\t\t\t<\/div>\n\t\t<div class=\"elementor-element elementor-element-f20c9ed e-flex e-con-boxed e-con e-parent\" data-id=\"f20c9ed\" data-element_type=\"container\">\n\t\t\t\t\t<div class=\"e-con-inner\">\n\t\t<div class=\"elementor-element elementor-element-06557b0 e-con-full e-flex e-con e-child\" data-id=\"06557b0\" data-element_type=\"container\">\n\t\t<div class=\"elementor-element elementor-element-87c205e e-con-full e-flex e-con e-child\" data-id=\"87c205e\" data-element_type=\"container\">\n\t\t\t\t<div class=\"elementor-element elementor-element-2ca95a9 elementor-widget elementor-widget-heading\" data-id=\"2ca95a9\" data-element_type=\"widget\" data-widget_type=\"heading.default\">\n\t\t\t\t\t<h3 class=\"elementor-heading-title elementor-size-default\">Do\u011fa Panel: Kahramanmara\u015f's Assurance in Sandwich Panels<\/h3>\t\t\t\t<\/div>\n\t\t\t\t<div class=\"elementor-element elementor-element-8e21788 elementor-widget-divider--view-line elementor-widget elementor-widget-divider\" data-id=\"8e21788\" data-element_type=\"widget\" data-widget_type=\"divider.default\">\n\t\t\t\t\t\t\t<div class=\"elementor-divider\">\n\t\t\t<span class=\"elementor-divider-separator\">\n\t\t\t\t\t\t<\/span>\n\t\t<\/div>\n\t\t\t\t\t\t<\/div>\n\t\t\t\t<\/div>\n\t\t\t\t<div class=\"elementor-element elementor-element-6fa9699 elementor-widget elementor-widget-text-editor\" data-id=\"6fa9699\" data-element_type=\"widget\" data-widget_type=\"text-editor.default\">\n\t\t\t\t\t\t\t\t\t<p class=\"whitespace-pre-wrap break-words\">Do\u011fa Panel was established in Kahramanmara\u015f in 2021 and has quickly become a company making a name for itself by offering high-quality roofing and facade solutions to the construction and industrial sector. We provide services with our expert staff to meet the needs of industrial buildings in the region, especially with our <strong>Kahramanmara\u015f Sandwich Panel<\/strong>, <strong>Kahramanmara\u015f Facade Panel<\/strong>, and <strong>Kahramanmara\u015f Roof Panel<\/strong> solutions. We meet the insulation and durability needs of industrial buildings by reaching a wide customer portfolio in surrounding provinces such as Malatya, \u015eanl\u0131urfa, and Ad\u0131yaman.<\/p><p class=\"whitespace-pre-wrap break-words\">Our company, knowing the importance of insulation and energy efficiency in industrial buildings, takes great care in producing PUR and PIR-filled sandwich panels. These panels offer high performance in thermal insulation while providing long-lasting protection against environmental factors. Do\u011fa Panel has succeeded in making a difference in the <strong>Kahramanmara\u015f sandwich panel<\/strong> sector thanks to its industry knowledge and investments in innovative technologies.<\/p><p class=\"whitespace-pre-wrap break-words\">Not content with just traditional panel solutions, Do\u011fa Panel also aims to produce <strong>Solar-compatible Polyurethane-filled sandwich panels<\/strong>, being aware of the need for renewable energy. These panels, which can work integrated with solar energy, help modern industrial buildings achieve sustainability and energy savings while playing an important role in environmentally conscious projects.<\/p><p class=\"whitespace-pre-wrap break-words\">Since our establishment, starting our journey as a local roofing and facade company, we have become a national brand with our projects spread across Turkey. We have become a solution partner in the construction and modernization of industrial buildings across a wide geography extending from Hakkari to \u00c7orlu, and from Denizli to Samsun. We achieve this success through our board of directors&#8217; long-standing sectoral experience and the meticulous work of our professional team.<\/p><p class=\"whitespace-pre-wrap break-words\">Do\u011fa Panel continues to be a reliable partner not only in Kahramanmara\u015f but throughout Turkey with its rapidly growing customer portfolio and commitment to quality. Our aim is to provide the highest quality <strong>sandwich panel<\/strong> solutions to every region of Turkey by leading innovations in the sector.<\/p>\t\t\t\t\t\t\t\t<\/div>\n\t\t\t\t<\/div>\n\t\t<div class=\"elementor-element elementor-element-ca0b38b e-con-full e-flex e-con e-child\" data-id=\"ca0b38b\" data-element_type=\"container\">\n\t\t<div class=\"elementor-element elementor-element-94cb001 e-con-full e-flex e-con e-child\" data-id=\"94cb001\" data-element_type=\"container\">\n\t\t\t\t<div class=\"elementor-element elementor-element-9197a80 elementor-widget elementor-widget-heading\" data-id=\"9197a80\" data-element_type=\"widget\" data-widget_type=\"heading.default\">\n\t\t\t\t\t<h3 class=\"elementor-heading-title elementor-size-default\">Our Quality Policy<\/h3>\t\t\t\t<\/div>\n\t\t\t\t<div class=\"elementor-element elementor-element-5101f78 elementor-widget-divider--view-line elementor-widget elementor-widget-divider\" data-id=\"5101f78\" data-element_type=\"widget\" data-widget_type=\"divider.default\">\n\t\t\t\t\t\t\t<div class=\"elementor-divider\">\n\t\t\t<span class=\"elementor-divider-separator\">\n\t\t\t\t\t\t<\/span>\n\t\t<\/div>\n\t\t\t\t\t\t<\/div>\n\t\t\t\t<\/div>\n\t\t\t\t<div class=\"elementor-element elementor-element-4373810 elementor-widget elementor-widget-text-editor\" data-id=\"4373810\" data-element_type=\"widget\" data-widget_type=\"text-editor.default\">\n\t\t\t\t\t\t\t\t\t<ul><li class=\"whitespace-normal break-words\">Ensuring full compliance with legal regulations, statutory requirements and customer conditions,<\/li><li class=\"whitespace-normal break-words\">Making continuous improvements in all processes we conduct in line with the quality management system,<\/li><li class=\"whitespace-normal break-words\">Raising quality standards by using the latest technologies in production processes,<\/li><li class=\"whitespace-normal break-words\">Ensuring timely delivery, cost efficiency and high quality in projects by creating reliable and sustainable collaborations in the supply chain,<\/li><li class=\"whitespace-normal break-words\">Differentiating ourselves from our competitors in the sector with &#8220;Do\u011fa \u00c7at\u0131 Panel Quality&#8221; and maximizing customer satisfaction,<\/li><li class=\"whitespace-normal break-words\">Organizing continuous training programs to develop the professional knowledge and skills of our employees,<\/li><li class=\"whitespace-normal break-words\">Encouraging teamwork among our employees and enabling them to use their abilities at the highest level,<\/li><li class=\"whitespace-normal break-words\">Instilling quality awareness in all our employees, bringing full participation and responsibility awareness to our business processes,<\/li><li class=\"whitespace-normal break-words\">Ensuring sustainability by adopting environmentally conscious production processes and a business approach that respects society,<\/li><li class=\"whitespace-normal break-words\">Maintaining our leading position in the sector and contributing to the country&#8217;s economy by continuously developing our business volume.<\/li><\/ul>\t\t\t\t\t\t\t\t<\/div>\n\t\t\t\t<\/div>\n\t\t\t\t\t<\/div>\n\t\t\t\t<\/div>\n\t\t\t\t<\/div>\n\t\t","protected":false},"excerpt":{"rendered":"<p>DO\u011eA PANEL Who Are We and What Do We Do? Our company was established in 2021 in\u00a0Kahramanmara\u015f\u00a0and initially began serving industrial buildings in the region with\u00a0Kahramanmara\u015f Sandwich Panel,\u00a0Kahramanmara\u015f Roof Panel,\u00a0and\u00a0Kahramanmara\u015f Facade Panel\u00a0solutions. It has also undertaken projects in neighboring provinces such as\u00a0\u015eanl\u0131urfa,\u00a0Malatya, and\u00a0Ad\u0131yaman. Thanks to its rapid rise in a short time, Do\u011fa Panel has [&hellip;]<\/p>\n","protected":false},"author":1,"featured_media":0,"parent":0,"menu_order":0,"comment_status":"closed","ping_status":"closed","template":"","meta":{"_acf_changed":false,"footnotes":""},"class_list":["post-1715","page","type-page","status-publish","hentry"],"acf":[],"_links":{"self":[{"href":"https:\/\/dogapanel.com\/en\/wp-json\/wp\/v2\/pages\/1715","targetHints":{"allow":["GET"]}}],"collection":[{"href":"https:\/\/dogapanel.com\/en\/wp-json\/wp\/v2\/pages"}],"about":[{"href":"https:\/\/dogapanel.com\/en\/wp-json\/wp\/v2\/types\/page"}],"author":[{"embeddable":true,"href":"https:\/\/dogapanel.com\/en\/wp-json\/wp\/v2\/users\/1"}],"replies":[{"embeddable":true,"href":"https:\/\/dogapanel.com\/en\/wp-json\/wp\/v2\/comments?post=1715"}],"version-history":[{"count":0,"href":"https:\/\/dogapanel.com\/en\/wp-json\/wp\/v2\/pages\/1715\/revisions"}],"wp:attachment":[{"href":"https:\/\/dogapanel.com\/en\/wp-json\/wp\/v2\/media?parent=1715"}],"curies":[{"name":"wp","href":"https:\/\/api.w.org\/{rel}","templated":true}]}}