{"id":1719,"date":"2025-01-06T15:05:52","date_gmt":"2025-01-06T15:05:52","guid":{"rendered":"https:\/\/dogapanel.com\/kurumsal\/"},"modified":"2025-06-01T15:48:36","modified_gmt":"2025-06-01T15:48:36","slug":"sobre-nosotros","status":"publish","type":"page","link":"https:\/\/dogapanel.com\/es\/sobre-nosotros\/","title":{"rendered":"Sobre Nosotros"},"content":{"rendered":"\t\t<div data-elementor-type=\"wp-page\" data-elementor-id=\"1719\" class=\"elementor elementor-1719 elementor-26\" data-elementor-post-type=\"page\">\n\t\t\t\t<div class=\"elementor-element elementor-element-e9fb551 e-flex e-con-boxed e-con e-parent\" data-id=\"e9fb551\" data-element_type=\"container\" data-settings=\"{&quot;background_background&quot;:&quot;classic&quot;}\">\n\t\t\t\t\t<div class=\"e-con-inner\">\n\t\t\t\t\t<\/div>\n\t\t\t\t<\/div>\n\t\t<div class=\"elementor-element elementor-element-f7a54a9 e-flex e-con-boxed e-con e-parent\" data-id=\"f7a54a9\" data-element_type=\"container\">\n\t\t\t\t\t<div class=\"e-con-inner\">\n\t\t<div class=\"elementor-element elementor-element-bed8a73 e-con-full e-flex e-con e-child\" data-id=\"bed8a73\" data-element_type=\"container\">\n\t\t\t\t<div class=\"elementor-element elementor-element-4e0a49f elementor-widget elementor-widget-image\" data-id=\"4e0a49f\" data-element_type=\"widget\" data-widget_type=\"image.default\">\n\t\t\t\t\t\t\t\t\t\t\t\t\t\t\t<img loading=\"lazy\" decoding=\"async\" width=\"158\" height=\"203\" src=\"https:\/\/dogapanel.com\/wp-content\/uploads\/doga-panel-element-1-1.webp\" class=\"attachment-full size-full wp-image-322\" alt=\"\" \/>\t\t\t\t\t\t\t\t\t\t\t\t\t\t\t<\/div>\n\t\t\t\t<div class=\"elementor-element elementor-element-e17c442 elementor-widget elementor-widget-image\" data-id=\"e17c442\" data-element_type=\"widget\" data-settings=\"{&quot;motion_fx_motion_fx_mouse&quot;:&quot;yes&quot;,&quot;motion_fx_tilt_effect&quot;:&quot;yes&quot;,&quot;motion_fx_tilt_speed&quot;:{&quot;unit&quot;:&quot;px&quot;,&quot;size&quot;:1,&quot;sizes&quot;:[]}}\" data-widget_type=\"image.default\">\n\t\t\t\t\t\t\t\t\t\t\t\t\t\t\t<img loading=\"lazy\" decoding=\"async\" width=\"1600\" height=\"1066\" src=\"https:\/\/dogapanel.com\/wp-content\/uploads\/doga-panel-biz-kimiz-ve-neler-yapiyoruz.webp\" class=\"attachment-full size-full wp-image-323\" alt=\"\" srcset=\"https:\/\/dogapanel.com\/wp-content\/uploads\/doga-panel-biz-kimiz-ve-neler-yapiyoruz.webp 1600w, https:\/\/dogapanel.com\/wp-content\/uploads\/doga-panel-biz-kimiz-ve-neler-yapiyoruz-300x200.webp 300w, https:\/\/dogapanel.com\/wp-content\/uploads\/doga-panel-biz-kimiz-ve-neler-yapiyoruz-1024x682.webp 1024w, https:\/\/dogapanel.com\/wp-content\/uploads\/doga-panel-biz-kimiz-ve-neler-yapiyoruz-768x512.webp 768w, https:\/\/dogapanel.com\/wp-content\/uploads\/doga-panel-biz-kimiz-ve-neler-yapiyoruz-1536x1023.webp 1536w\" sizes=\"auto, (max-width: 1600px) 100vw, 1600px\" \/>\t\t\t\t\t\t\t\t\t\t\t\t\t\t\t<\/div>\n\t\t\t\t<div class=\"elementor-element elementor-element-a59d4a1 elementor-widget elementor-widget-image\" data-id=\"a59d4a1\" data-element_type=\"widget\" data-widget_type=\"image.default\">\n\t\t\t\t\t\t\t\t\t\t\t\t\t\t\t<img loading=\"lazy\" decoding=\"async\" width=\"178\" height=\"234\" src=\"https:\/\/dogapanel.com\/wp-content\/uploads\/doga-panel-element-2.webp\" class=\"attachment-full size-full wp-image-324\" alt=\"\" \/>\t\t\t\t\t\t\t\t\t\t\t\t\t\t\t<\/div>\n\t\t\t\t<\/div>\n\t\t<div class=\"elementor-element elementor-element-56425c2 e-con-full e-flex e-con e-child\" data-id=\"56425c2\" data-element_type=\"container\">\n\t\t<div class=\"elementor-element elementor-element-8551b6e e-con-full e-flex e-con e-child\" data-id=\"8551b6e\" data-element_type=\"container\">\n\t\t\t\t<div class=\"elementor-element elementor-element-a2bfc4e elementor-widget elementor-widget-heading\" data-id=\"a2bfc4e\" data-element_type=\"widget\" data-widget_type=\"heading.default\">\n\t\t\t\t\t<span class=\"elementor-heading-title elementor-size-default\">DO\u011eA PANEL<\/span>\t\t\t\t<\/div>\n\t\t\t\t<div class=\"elementor-element elementor-element-e86c739 elementor-widget elementor-widget-heading\" data-id=\"e86c739\" data-element_type=\"widget\" data-widget_type=\"heading.default\">\n\t\t\t\t\t<h2 class=\"elementor-heading-title elementor-size-default\">Qui\u00e9nes Somos y Qu\u00e9 Hacemos?<\/h2>\t\t\t\t<\/div>\n\t\t\t\t<div class=\"elementor-element elementor-element-7394827 elementor-widget-divider--view-line elementor-widget elementor-widget-divider\" data-id=\"7394827\" data-element_type=\"widget\" data-widget_type=\"divider.default\">\n\t\t\t\t\t\t\t<div class=\"elementor-divider\">\n\t\t\t<span class=\"elementor-divider-separator\">\n\t\t\t\t\t\t<\/span>\n\t\t<\/div>\n\t\t\t\t\t\t<\/div>\n\t\t\t\t<\/div>\n\t\t\t\t<div class=\"elementor-element elementor-element-5d026e5 elementor-widget elementor-widget-text-editor\" data-id=\"5d026e5\" data-element_type=\"widget\" data-widget_type=\"text-editor.default\">\n\t\t\t\t\t\t\t\t\t<p>Nuestra empresa fue fundada en 2021 en\u00a0<span style=\"font-weight: bolder;\">Kahramanmara\u015f<\/span>\u00a0y comenz\u00f3 sirviendo a edificios industriales en la regi\u00f3n con soluciones como\u00a0<span style=\"font-weight: bolder;\">Panel Sandwich Kahramanmara\u015f<\/span>,\u00a0<span style=\"font-weight: bolder;\">Panel de Techo Kahramanmara\u015f<\/span>,\u00a0y\u00a0<span style=\"font-weight: bolder;\">Panel de Fachada Kahramanmara\u015f<\/span>. Tambi\u00e9n asumi\u00f3 proyectos en provincias vecinas como\u00a0<span style=\"font-weight: bolder;\">\u015eanl\u0131urfa<\/span>,\u00a0<span style=\"font-weight: bolder;\">Malatya<\/span>, y\u00a0<span style=\"font-weight: bolder;\">Ad\u0131yaman<\/span>.<\/p><p>Gracias a su r\u00e1pido crecimiento en poco tiempo, Do\u011fa Panel ha pasado de ser una empresa local a convertirse en un socio de soluciones para proyectos de techos y fachadas en toda Turqu\u00eda, desde\u00a0<span style=\"font-weight: bolder;\">Hakkari hasta \u00c7orlu<\/span>\u00a0y desde\u00a0<span style=\"font-weight: bolder;\">Denizli hasta Samsun<\/span>.<\/p>\t\t\t\t\t\t\t\t<\/div>\n\t\t\t\t<div class=\"elementor-element elementor-element-3729b8a elementor-align-left elementor-widget elementor-widget-button\" data-id=\"3729b8a\" data-element_type=\"widget\" data-widget_type=\"button.default\">\n\t\t\t\t\t\t\t\t\t\t<a class=\"elementor-button elementor-button-link elementor-size-sm\" href=\"\/es\/contacto\/\">\n\t\t\t\t\t\t<span class=\"elementor-button-content-wrapper\">\n\t\t\t\t\t\t<span class=\"elementor-button-icon\">\n\t\t\t\t<i aria-hidden=\"true\" class=\"fas fa-arrow-right\"><\/i>\t\t\t<\/span>\n\t\t\t\t\t\t\t\t\t<span class=\"elementor-button-text\">CONT\u00c1CTENOS<\/span>\n\t\t\t\t\t<\/span>\n\t\t\t\t\t<\/a>\n\t\t\t\t\t\t\t\t<\/div>\n\t\t\t\t<\/div>\n\t\t\t\t\t<\/div>\n\t\t\t\t<\/div>\n\t\t<div class=\"elementor-element elementor-element-f20c9ed e-flex e-con-boxed e-con e-parent\" data-id=\"f20c9ed\" data-element_type=\"container\">\n\t\t\t\t\t<div class=\"e-con-inner\">\n\t\t<div class=\"elementor-element elementor-element-06557b0 e-con-full e-flex e-con e-child\" data-id=\"06557b0\" data-element_type=\"container\">\n\t\t<div class=\"elementor-element elementor-element-87c205e e-con-full e-flex e-con e-child\" data-id=\"87c205e\" data-element_type=\"container\">\n\t\t\t\t<div class=\"elementor-element elementor-element-2ca95a9 elementor-widget elementor-widget-heading\" data-id=\"2ca95a9\" data-element_type=\"widget\" data-widget_type=\"heading.default\">\n\t\t\t\t\t<h3 class=\"elementor-heading-title elementor-size-default\">Do\u011fa Panel: La Garant\u00eda de Kahramanmara\u015f en Paneles S\u00e1ndwich<\/h3>\t\t\t\t<\/div>\n\t\t\t\t<div class=\"elementor-element elementor-element-8e21788 elementor-widget-divider--view-line elementor-widget elementor-widget-divider\" data-id=\"8e21788\" data-element_type=\"widget\" data-widget_type=\"divider.default\">\n\t\t\t\t\t\t\t<div class=\"elementor-divider\">\n\t\t\t<span class=\"elementor-divider-separator\">\n\t\t\t\t\t\t<\/span>\n\t\t<\/div>\n\t\t\t\t\t\t<\/div>\n\t\t\t\t<\/div>\n\t\t\t\t<div class=\"elementor-element elementor-element-6fa9699 elementor-widget elementor-widget-text-editor\" data-id=\"6fa9699\" data-element_type=\"widget\" data-widget_type=\"text-editor.default\">\n\t\t\t\t\t\t\t\t\t<p class=\"whitespace-pre-wrap break-words\">Do\u011fa Panel se estableci\u00f3 en Kahramanmara\u015f en 2021 y r\u00e1pidamente se convirti\u00f3 en una empresa que se ha hecho un nombre ofreciendo soluciones de alta calidad en cubiertas y fachadas para el sector de la construcci\u00f3n e industrial. Prestamos servicios con nuestro personal experto para satisfacer las necesidades de los edificios industriales en la regi\u00f3n, especialmente con nuestras soluciones de <strong>Paneles S\u00e1ndwich Kahramanmara\u015f<\/strong>, <strong>Paneles de Fachada Kahramanmara\u015f<\/strong> y <strong>Paneles de Cubierta Kahramanmara\u015f<\/strong>. Satisfacemos las necesidades de aislamiento y durabilidad de los edificios industriales alcanzando una amplia cartera de clientes en provincias vecinas como Malatya, \u015eanl\u0131urfa y Ad\u0131yaman.<\/p><p class=\"whitespace-pre-wrap break-words\">Nuestra empresa, conociendo la importancia del aislamiento y la eficiencia energ\u00e9tica en edificios industriales, pone gran cuidado en la producci\u00f3n de paneles s\u00e1ndwich rellenos de PUR y PIR. Estos paneles ofrecen un alto rendimiento en aislamiento t\u00e9rmico mientras proporcionan una protecci\u00f3n duradera contra factores ambientales. Do\u011fa Panel ha logrado hacer una diferencia en el sector de <strong>paneles s\u00e1ndwich Kahramanmara\u015f<\/strong> gracias a su conocimiento de la industria e inversiones en tecnolog\u00edas innovadoras.<\/p><p class=\"whitespace-pre-wrap break-words\">No content\u00e1ndose solo con soluciones de paneles tradicionales, Do\u011fa Panel tambi\u00e9n apunta a producir <strong>paneles s\u00e1ndwich rellenos de poliuretano compatibles con energ\u00eda solar<\/strong>, siendo consciente de la necesidad de energ\u00eda renovable. Estos paneles, que pueden trabajar de forma integrada con energ\u00eda solar, ayudan a los edificios industriales modernos a lograr sostenibilidad y ahorro energ\u00e9tico, mientras juegan un papel importante en proyectos ambientalmente conscientes.<\/p><p class=\"whitespace-pre-wrap break-words\">Desde nuestra fundaci\u00f3n, comenzando nuestro viaje como una empresa local de cubiertas y fachadas, nos hemos convertido en una marca nacional con nuestros proyectos distribuidos por toda T\u00fcrkiye. Nos hemos convertido en un socio de soluciones en la construcci\u00f3n y modernizaci\u00f3n de edificios industriales en una amplia geograf\u00eda que se extiende desde Hakkari hasta \u00c7orlu, y desde Denizli hasta Samsun. Logramos este \u00e9xito a trav\u00e9s de la larga experiencia sectorial de nuestro consejo directivo y el trabajo meticuloso de nuestro equipo profesional.<\/p><p class=\"whitespace-pre-wrap break-words\">Do\u011fa Panel contin\u00faa siendo un socio confiable no solo en Kahramanmara\u015f sino en toda T\u00fcrkiye con su cartera de clientes en r\u00e1pido crecimiento y compromiso con la calidad. Nuestro objetivo es proporcionar las soluciones de <strong>paneles s\u00e1ndwich<\/strong> de la m\u00e1s alta calidad a cada regi\u00f3n de T\u00fcrkiye liderando las innovaciones en el sector.<\/p>\t\t\t\t\t\t\t\t<\/div>\n\t\t\t\t<\/div>\n\t\t<div class=\"elementor-element elementor-element-ca0b38b e-con-full e-flex e-con e-child\" data-id=\"ca0b38b\" data-element_type=\"container\">\n\t\t<div class=\"elementor-element elementor-element-94cb001 e-con-full e-flex e-con e-child\" data-id=\"94cb001\" data-element_type=\"container\">\n\t\t\t\t<div class=\"elementor-element elementor-element-9197a80 elementor-widget elementor-widget-heading\" data-id=\"9197a80\" data-element_type=\"widget\" data-widget_type=\"heading.default\">\n\t\t\t\t\t<h3 class=\"elementor-heading-title elementor-size-default\">Nuestra Pol\u00edtica de Calidad<\/h3>\t\t\t\t<\/div>\n\t\t\t\t<div class=\"elementor-element elementor-element-5101f78 elementor-widget-divider--view-line elementor-widget elementor-widget-divider\" data-id=\"5101f78\" data-element_type=\"widget\" data-widget_type=\"divider.default\">\n\t\t\t\t\t\t\t<div class=\"elementor-divider\">\n\t\t\t<span class=\"elementor-divider-separator\">\n\t\t\t\t\t\t<\/span>\n\t\t<\/div>\n\t\t\t\t\t\t<\/div>\n\t\t\t\t<\/div>\n\t\t\t\t<div class=\"elementor-element elementor-element-4373810 elementor-widget elementor-widget-text-editor\" data-id=\"4373810\" data-element_type=\"widget\" data-widget_type=\"text-editor.default\">\n\t\t\t\t\t\t\t\t\t<ul><li>Garantizar el pleno cumplimiento de las legislaciones legales, normativas y condiciones de los clientes,<\/li><li>Mejorar continuamente todos los procesos llevados a cabo de acuerdo con el sistema de gesti\u00f3n de calidad,<\/li><li>Elevar los est\u00e1ndares de calidad utilizando las tecnolog\u00edas m\u00e1s avanzadas en los procesos de producci\u00f3n,<\/li><li>Establecer asociaciones confiables y sostenibles en la cadena de suministro para garantizar entregas puntuales, eficiencia en costos y alta calidad en los proyectos,<\/li><li>Diferenciarnos de nuestros competidores en el sector con la \u00abCalidad de Paneles de Techo Do\u011fa\u00bb y maximizar la satisfacci\u00f3n del cliente,<\/li><li>Organizar programas de formaci\u00f3n continua para desarrollar los conocimientos y habilidades profesionales de nuestros empleados,<\/li><li>Fomentar el trabajo en equipo entre nuestros empleados y garantizar que utilicen sus talentos al m\u00e1ximo,<\/li><li>Inculcar una conciencia de calidad en todos nuestros empleados para garantizar su plena participaci\u00f3n y sentido de responsabilidad en los procesos de trabajo,<\/li><li>Adoptar procesos de producci\u00f3n respetuosos con el medio ambiente y una forma de trabajo socialmente responsable para lograr la sostenibilidad,<\/li><li>Expandir continuamente nuestro volumen de negocios para mantener nuestra posici\u00f3n de liderazgo en el sector y contribuir a la econom\u00eda nacional.<\/li><\/ul>\t\t\t\t\t\t\t\t<\/div>\n\t\t\t\t<\/div>\n\t\t\t\t\t<\/div>\n\t\t\t\t<\/div>\n\t\t\t\t<\/div>\n\t\t","protected":false},"excerpt":{"rendered":"<p>DO\u011eA PANEL Qui\u00e9nes Somos y Qu\u00e9 Hacemos? Nuestra empresa fue fundada en 2021 en\u00a0Kahramanmara\u015f\u00a0y comenz\u00f3 sirviendo a edificios industriales en la regi\u00f3n con soluciones como\u00a0Panel Sandwich Kahramanmara\u015f,\u00a0Panel de Techo Kahramanmara\u015f,\u00a0y\u00a0Panel de Fachada Kahramanmara\u015f. Tambi\u00e9n asumi\u00f3 proyectos en provincias vecinas como\u00a0\u015eanl\u0131urfa,\u00a0Malatya, y\u00a0Ad\u0131yaman. Gracias a su r\u00e1pido crecimiento en poco tiempo, Do\u011fa Panel ha pasado de ser [&hellip;]<\/p>\n","protected":false},"author":1,"featured_media":0,"parent":0,"menu_order":0,"comment_status":"closed","ping_status":"closed","template":"","meta":{"_acf_changed":false,"footnotes":""},"class_list":["post-1719","page","type-page","status-publish","hentry"],"acf":[],"_links":{"self":[{"href":"https:\/\/dogapanel.com\/es\/wp-json\/wp\/v2\/pages\/1719","targetHints":{"allow":["GET"]}}],"collection":[{"href":"https:\/\/dogapanel.com\/es\/wp-json\/wp\/v2\/pages"}],"about":[{"href":"https:\/\/dogapanel.com\/es\/wp-json\/wp\/v2\/types\/page"}],"author":[{"embeddable":true,"href":"https:\/\/dogapanel.com\/es\/wp-json\/wp\/v2\/users\/1"}],"replies":[{"embeddable":true,"href":"https:\/\/dogapanel.com\/es\/wp-json\/wp\/v2\/comments?post=1719"}],"version-history":[{"count":0,"href":"https:\/\/dogapanel.com\/es\/wp-json\/wp\/v2\/pages\/1719\/revisions"}],"wp:attachment":[{"href":"https:\/\/dogapanel.com\/es\/wp-json\/wp\/v2\/media?parent=1719"}],"curies":[{"name":"wp","href":"https:\/\/api.w.org\/{rel}","templated":true}]}}