{"id":1743,"date":"2025-01-06T15:06:55","date_gmt":"2025-01-06T15:06:55","guid":{"rendered":"https:\/\/dogapanel.com\/yasal-bilgilendirme\/"},"modified":"2025-01-10T04:51:08","modified_gmt":"2025-01-10T04:51:08","slug":"informacion-legal","status":"publish","type":"page","link":"https:\/\/dogapanel.com\/es\/informacion-legal\/","title":{"rendered":"Informaci\u00f3n Legal"},"content":{"rendered":"\t\t<div data-elementor-type=\"wp-page\" data-elementor-id=\"1743\" class=\"elementor elementor-1743 elementor-30\" data-elementor-post-type=\"page\">\n\t\t\t\t<div class=\"elementor-element elementor-element-e63d266 e-flex e-con-boxed e-con e-parent\" data-id=\"e63d266\" data-element_type=\"container\" data-settings=\"{&quot;background_background&quot;:&quot;classic&quot;}\">\n\t\t\t\t\t<div class=\"e-con-inner\">\n\t\t\t\t\t<\/div>\n\t\t\t\t<\/div>\n\t\t<div class=\"elementor-element elementor-element-f0968a0 e-flex e-con-boxed e-con e-parent\" data-id=\"f0968a0\" data-element_type=\"container\">\n\t\t\t\t\t<div class=\"e-con-inner\">\n\t\t<div class=\"elementor-element elementor-element-7aadf3f e-con-full e-flex e-con e-child\" data-id=\"7aadf3f\" data-element_type=\"container\" id=\"kvkk-aydinlatma-metni\">\n\t\t<div class=\"elementor-element elementor-element-10a0476 e-con-full e-flex e-con e-child\" data-id=\"10a0476\" data-element_type=\"container\">\n\t\t\t\t<div class=\"elementor-element elementor-element-704c707 elementor-widget elementor-widget-heading\" data-id=\"704c707\" data-element_type=\"widget\" data-widget_type=\"heading.default\">\n\t\t\t\t\t<h2 class=\"elementor-heading-title elementor-size-default\">Texto de Aclaraci\u00f3n de la Ley de Protecci\u00f3n de Datos Personales (KVKK)<\/h2>\t\t\t\t<\/div>\n\t\t\t\t<div class=\"elementor-element elementor-element-40af2c4 elementor-widget-divider--view-line elementor-invisible elementor-widget elementor-widget-divider\" data-id=\"40af2c4\" data-element_type=\"widget\" data-settings=\"{&quot;_animation&quot;:&quot;fadeIn&quot;}\" data-widget_type=\"divider.default\">\n\t\t\t\t\t\t\t<div class=\"elementor-divider\">\n\t\t\t<span class=\"elementor-divider-separator\">\n\t\t\t\t\t\t<\/span>\n\t\t<\/div>\n\t\t\t\t\t\t<\/div>\n\t\t\t\t<\/div>\n\t\t\t\t<div class=\"elementor-element elementor-element-d4dc6ff elementor-widget elementor-widget-text-editor\" data-id=\"d4dc6ff\" data-element_type=\"widget\" data-widget_type=\"text-editor.default\">\n\t\t\t\t\t\t\t\t\t<p><strong>Informaci\u00f3n sobre el Responsable de los Datos<\/strong><br \/>En el marco de la Ley de Protecci\u00f3n de Datos Personales N\u00ba 6698 (\u00abKVKK\u00bb), sus datos personales son procesados por Do\u011fa Panel como responsable de los datos, dentro del alcance detallado a continuaci\u00f3n.<\/p><p><strong>Prop\u00f3sito del Procesamiento de sus Datos Personales<\/strong><br \/>Los datos personales recopilados pueden procesarse para los siguientes fines, de acuerdo con las condiciones de procesamiento de datos personales especificadas en los art\u00edculos 5 y 6 de KVKK:<\/p><ul><li>Proporcionar los servicios ofrecidos a trav\u00e9s de nuestro sitio web,<\/li><li>Gestionar los procesos de comunicaci\u00f3n,<\/li><li>Manejar solicitudes y quejas,<\/li><li>Cumplir con las obligaciones legales.<\/li><\/ul><p><strong>M\u00e9todos de Recopilaci\u00f3n de sus Datos Personales y Fundamentos Legales<\/strong><br \/>Sus datos personales se recopilan electr\u00f3nicamente a trav\u00e9s de formularios de contacto en nuestro sitio web, transacciones de usuarios y cookies. Estos procesos se basan en los fundamentos legales especificados en el art\u00edculo 5 de KVKK, como la necesidad de establecer o ejecutar un contrato y el inter\u00e9s leg\u00edtimo del responsable de los datos.<\/p><p><strong>Transferencia de sus Datos Personales<\/strong><br \/>Los datos personales recopilados pueden compartirse con terceros \u00fanicamente cuando sea necesario para cumplir con los fines especificados anteriormente y de acuerdo con la normativa legal. Estos terceros pueden incluir nuestros socios comerciales, proveedores e instituciones p\u00fablicas autorizadas.<\/p><p><strong>Derechos del Titular de los Datos<\/strong><br \/>Como titular de los datos personales, tiene los siguientes derechos en virtud del art\u00edculo 11 de KVKK:<\/p><ul><li>Saber si se est\u00e1n procesando sus datos personales,<\/li><li>Solicitar informaci\u00f3n si sus datos personales han sido procesados,<\/li><li>Conocer el prop\u00f3sito del procesamiento de sus datos personales y si se utilizan de acuerdo con ese prop\u00f3sito,<\/li><li>Conocer a las terceras partes a las que se transfieren sus datos personales dentro o fuera del pa\u00eds,<\/li><li>Solicitar la correcci\u00f3n de sus datos personales si han sido procesados de manera incompleta o incorrecta,<\/li><li>Solicitar la eliminaci\u00f3n o destrucci\u00f3n de sus datos personales en las condiciones especificadas en KVKK,<\/li><li>Oponerse a cualquier resultado que pueda surgir en su contra debido al an\u00e1lisis exclusivo de los datos mediante sistemas automatizados,<\/li><li>Solicitar una compensaci\u00f3n por da\u00f1os en caso de procesamiento ilegal de sus datos personales.<\/li><\/ul><p>Puede ponerse en contacto con nosotros para ejercer estos derechos.<\/p><p><strong>Informaci\u00f3n de Contacto<\/strong><br \/>Para obtener m\u00e1s informaci\u00f3n o ejercer sus derechos, puede ponerse en contacto con nosotros a trav\u00e9s de los siguientes canales:<\/p><ul><li>Correo electr\u00f3nico: info@dogapanel.com<\/li><li>Tel\u00e9fono: +90 (344) 331 21 00<\/li><\/ul>\t\t\t\t\t\t\t\t<\/div>\n\t\t\t\t<\/div>\n\t\t<div class=\"elementor-element elementor-element-7825362 e-con-full e-flex e-con e-child\" data-id=\"7825362\" data-element_type=\"container\" id=\"cerez-politikasi\">\n\t\t<div class=\"elementor-element elementor-element-2bc444c e-con-full e-flex e-con e-child\" data-id=\"2bc444c\" data-element_type=\"container\">\n\t\t\t\t<div class=\"elementor-element elementor-element-bc092fd elementor-widget elementor-widget-heading\" data-id=\"bc092fd\" data-element_type=\"widget\" data-widget_type=\"heading.default\">\n\t\t\t\t\t<h2 class=\"elementor-heading-title elementor-size-default\">Pol\u00edtica de Cookies<\/h2>\t\t\t\t<\/div>\n\t\t\t\t<div class=\"elementor-element elementor-element-5910999 elementor-widget-divider--view-line elementor-invisible elementor-widget elementor-widget-divider\" data-id=\"5910999\" data-element_type=\"widget\" data-settings=\"{&quot;_animation&quot;:&quot;fadeIn&quot;}\" data-widget_type=\"divider.default\">\n\t\t\t\t\t\t\t<div class=\"elementor-divider\">\n\t\t\t<span class=\"elementor-divider-separator\">\n\t\t\t\t\t\t<\/span>\n\t\t<\/div>\n\t\t\t\t\t\t<\/div>\n\t\t\t\t<\/div>\n\t\t\t\t<div class=\"elementor-element elementor-element-ceaeac5 elementor-widget elementor-widget-text-editor\" data-id=\"ceaeac5\" data-element_type=\"widget\" data-widget_type=\"text-editor.default\">\n\t\t\t\t\t\t\t\t\t<p><strong>Qu\u00e9 son las cookies?<\/strong><br \/>Las cookies son peque\u00f1os archivos de datos que los sitios web que visitas colocan en tu navegador. Estas se utilizan para mejorar tu experiencia en el sitio web, proporcionar contenido personalizado y recordar tus preferencias.<\/p><p><strong>\u00bfQu\u00e9 cookies utilizamos?<\/strong><br \/>En nuestro sitio web se utilizan diferentes tipos de cookies. Estas se pueden clasificar en las siguientes categor\u00edas:<\/p><ul><li><strong>Cookies Necesarias:<\/strong> Estas cookies son esenciales para el funcionamiento correcto de nuestro sitio web. Proporcionan funcionalidades b\u00e1sicas, como el inicio de sesi\u00f3n de usuarios o las preferencias de idioma.<\/li><li><strong>Cookies de Rendimiento y An\u00e1lisis:<\/strong> Estas cookies nos ayudan a entender c\u00f3mo utilizas nuestro sitio web y a mejorar nuestro rendimiento. Por ejemplo, recopilan datos an\u00f3nimos como las p\u00e1ginas visitadas y el tiempo pasado en ellas.<\/li><li><strong>Cookies Funcionales:<\/strong> Estas cookies mejoran la funcionalidad de nuestro sitio web y nos permiten ofrecer servicios personalizados. Por ejemplo, pueden recordar tus preferencias de idioma o informaci\u00f3n de inicio de sesi\u00f3n.<\/li><li><strong>Cookies de Segmentaci\u00f3n y Publicidad:<\/strong> Estas cookies se utilizan para mostrar anuncios alineados con tus intereses y para medir la eficacia de nuestras campa\u00f1as publicitarias.<\/li><\/ul><p><strong>Objetivos del uso de cookies<\/strong><br \/>Las cookies en nuestro sitio web se utilizan con los siguientes prop\u00f3sitos:<\/p><ul><li>Analizar el tr\u00e1fico del sitio y el comportamiento de los usuarios,<\/li><li>Mejorar nuestros servicios,<\/li><li>Reconocerte y recordar tus preferencias,<\/li><li>Proporcionar una mejor experiencia al usuario.<\/li><\/ul><p><strong>Gesti\u00f3n y desactivaci\u00f3n de cookies<\/strong><br \/>Puedes gestionar o desactivar las cookies utilizando la configuraci\u00f3n de tu navegador. Ten en cuenta que si desactivas las cookies, algunas caracter\u00edsticas de nuestro sitio web pueden no funcionar correctamente. Para m\u00e1s informaci\u00f3n sobre la configuraci\u00f3n de cookies, consulta el men\u00fa de ayuda de tu navegador.<\/p><p><strong>M\u00e1s informaci\u00f3n sobre cookies<\/strong><br \/>Si deseas obtener m\u00e1s informaci\u00f3n sobre las cookies y c\u00f3mo funcionan, puedes visitar el sitio <a href=\"http:\/\/www.aboutcookies.org\" target=\"_new\" rel=\"noopener\">www.aboutcookies.org<\/a>.<\/p><p><strong>Contacto<\/strong><br \/>Si tienes preguntas o solicitudes sobre nuestra pol\u00edtica de cookies, no dudes en ponerte en contacto con nosotros:<\/p><ul><li>Correo electr\u00f3nico: info@dogapanel.com<\/li><li>Tel\u00e9fono: +90 (344) 331 21 00<\/li><\/ul>\t\t\t\t\t\t\t\t<\/div>\n\t\t\t\t<\/div>\n\t\t\t\t\t<\/div>\n\t\t\t\t<\/div>\n\t\t\t\t<\/div>\n\t\t","protected":false},"excerpt":{"rendered":"<p>Texto de Aclaraci\u00f3n de la Ley de Protecci\u00f3n de Datos Personales (KVKK) Informaci\u00f3n sobre el Responsable de los DatosEn el marco de la Ley de Protecci\u00f3n de Datos Personales N\u00ba 6698 (\u00abKVKK\u00bb), sus datos personales son procesados por como responsable de los datos, dentro del alcance detallado a continuaci\u00f3n. Prop\u00f3sito del Procesamiento de sus Datos [&hellip;]<\/p>\n","protected":false},"author":1,"featured_media":0,"parent":0,"menu_order":0,"comment_status":"closed","ping_status":"closed","template":"","meta":{"_acf_changed":false,"footnotes":""},"class_list":["post-1743","page","type-page","status-publish","hentry"],"acf":[],"_links":{"self":[{"href":"https:\/\/dogapanel.com\/es\/wp-json\/wp\/v2\/pages\/1743","targetHints":{"allow":["GET"]}}],"collection":[{"href":"https:\/\/dogapanel.com\/es\/wp-json\/wp\/v2\/pages"}],"about":[{"href":"https:\/\/dogapanel.com\/es\/wp-json\/wp\/v2\/types\/page"}],"author":[{"embeddable":true,"href":"https:\/\/dogapanel.com\/es\/wp-json\/wp\/v2\/users\/1"}],"replies":[{"embeddable":true,"href":"https:\/\/dogapanel.com\/es\/wp-json\/wp\/v2\/comments?post=1743"}],"version-history":[{"count":0,"href":"https:\/\/dogapanel.com\/es\/wp-json\/wp\/v2\/pages\/1743\/revisions"}],"wp:attachment":[{"href":"https:\/\/dogapanel.com\/es\/wp-json\/wp\/v2\/media?parent=1743"}],"curies":[{"name":"wp","href":"https:\/\/api.w.org\/{rel}","templated":true}]}}