{"id":1716,"date":"2025-01-06T15:05:52","date_gmt":"2025-01-06T15:05:52","guid":{"rendered":"https:\/\/dogapanel.com\/kurumsal\/"},"modified":"2025-06-01T15:43:55","modified_gmt":"2025-06-01T15:43:55","slug":"a-propos","status":"publish","type":"page","link":"https:\/\/dogapanel.com\/fr\/a-propos\/","title":{"rendered":"\u00c0 propos"},"content":{"rendered":"\t\t<div data-elementor-type=\"wp-page\" data-elementor-id=\"1716\" class=\"elementor elementor-1716 elementor-26\" data-elementor-post-type=\"page\">\n\t\t\t\t<div class=\"elementor-element elementor-element-e9fb551 e-flex e-con-boxed e-con e-parent\" data-id=\"e9fb551\" data-element_type=\"container\" data-settings=\"{&quot;background_background&quot;:&quot;classic&quot;}\">\n\t\t\t\t\t<div class=\"e-con-inner\">\n\t\t\t\t\t<\/div>\n\t\t\t\t<\/div>\n\t\t<div class=\"elementor-element elementor-element-f7a54a9 e-flex e-con-boxed e-con e-parent\" data-id=\"f7a54a9\" data-element_type=\"container\">\n\t\t\t\t\t<div class=\"e-con-inner\">\n\t\t<div class=\"elementor-element elementor-element-bed8a73 e-con-full e-flex e-con e-child\" data-id=\"bed8a73\" data-element_type=\"container\">\n\t\t\t\t<div class=\"elementor-element elementor-element-4e0a49f elementor-widget elementor-widget-image\" data-id=\"4e0a49f\" data-element_type=\"widget\" data-widget_type=\"image.default\">\n\t\t\t\t\t\t\t\t\t\t\t\t\t\t\t<img loading=\"lazy\" decoding=\"async\" width=\"158\" height=\"203\" src=\"https:\/\/dogapanel.com\/wp-content\/uploads\/doga-panel-element-1-1.webp\" class=\"attachment-full size-full wp-image-322\" alt=\"\" \/>\t\t\t\t\t\t\t\t\t\t\t\t\t\t\t<\/div>\n\t\t\t\t<div class=\"elementor-element elementor-element-e17c442 elementor-widget elementor-widget-image\" data-id=\"e17c442\" data-element_type=\"widget\" data-settings=\"{&quot;motion_fx_motion_fx_mouse&quot;:&quot;yes&quot;,&quot;motion_fx_tilt_effect&quot;:&quot;yes&quot;,&quot;motion_fx_tilt_speed&quot;:{&quot;unit&quot;:&quot;px&quot;,&quot;size&quot;:1,&quot;sizes&quot;:[]}}\" data-widget_type=\"image.default\">\n\t\t\t\t\t\t\t\t\t\t\t\t\t\t\t<img loading=\"lazy\" decoding=\"async\" width=\"1600\" height=\"1066\" src=\"https:\/\/dogapanel.com\/wp-content\/uploads\/doga-panel-biz-kimiz-ve-neler-yapiyoruz.webp\" class=\"attachment-full size-full wp-image-323\" alt=\"\" srcset=\"https:\/\/dogapanel.com\/wp-content\/uploads\/doga-panel-biz-kimiz-ve-neler-yapiyoruz.webp 1600w, https:\/\/dogapanel.com\/wp-content\/uploads\/doga-panel-biz-kimiz-ve-neler-yapiyoruz-300x200.webp 300w, https:\/\/dogapanel.com\/wp-content\/uploads\/doga-panel-biz-kimiz-ve-neler-yapiyoruz-1024x682.webp 1024w, https:\/\/dogapanel.com\/wp-content\/uploads\/doga-panel-biz-kimiz-ve-neler-yapiyoruz-768x512.webp 768w, https:\/\/dogapanel.com\/wp-content\/uploads\/doga-panel-biz-kimiz-ve-neler-yapiyoruz-1536x1023.webp 1536w\" sizes=\"auto, (max-width: 1600px) 100vw, 1600px\" \/>\t\t\t\t\t\t\t\t\t\t\t\t\t\t\t<\/div>\n\t\t\t\t<div class=\"elementor-element elementor-element-a59d4a1 elementor-widget elementor-widget-image\" data-id=\"a59d4a1\" data-element_type=\"widget\" data-widget_type=\"image.default\">\n\t\t\t\t\t\t\t\t\t\t\t\t\t\t\t<img loading=\"lazy\" decoding=\"async\" width=\"178\" height=\"234\" src=\"https:\/\/dogapanel.com\/wp-content\/uploads\/doga-panel-element-2.webp\" class=\"attachment-full size-full wp-image-324\" alt=\"\" \/>\t\t\t\t\t\t\t\t\t\t\t\t\t\t\t<\/div>\n\t\t\t\t<\/div>\n\t\t<div class=\"elementor-element elementor-element-56425c2 e-con-full e-flex e-con e-child\" data-id=\"56425c2\" data-element_type=\"container\">\n\t\t<div class=\"elementor-element elementor-element-8551b6e e-con-full e-flex e-con e-child\" data-id=\"8551b6e\" data-element_type=\"container\">\n\t\t\t\t<div class=\"elementor-element elementor-element-a2bfc4e elementor-widget elementor-widget-heading\" data-id=\"a2bfc4e\" data-element_type=\"widget\" data-widget_type=\"heading.default\">\n\t\t\t\t\t<span class=\"elementor-heading-title elementor-size-default\">DO\u011eA PANEL<\/span>\t\t\t\t<\/div>\n\t\t\t\t<div class=\"elementor-element elementor-element-e86c739 elementor-widget elementor-widget-heading\" data-id=\"e86c739\" data-element_type=\"widget\" data-widget_type=\"heading.default\">\n\t\t\t\t\t<h2 class=\"elementor-heading-title elementor-size-default\">Qui Sommes-Nous et Que Faisons-Nous ?<\/h2>\t\t\t\t<\/div>\n\t\t\t\t<div class=\"elementor-element elementor-element-7394827 elementor-widget-divider--view-line elementor-widget elementor-widget-divider\" data-id=\"7394827\" data-element_type=\"widget\" data-widget_type=\"divider.default\">\n\t\t\t\t\t\t\t<div class=\"elementor-divider\">\n\t\t\t<span class=\"elementor-divider-separator\">\n\t\t\t\t\t\t<\/span>\n\t\t<\/div>\n\t\t\t\t\t\t<\/div>\n\t\t\t\t<\/div>\n\t\t\t\t<div class=\"elementor-element elementor-element-119059e elementor-widget elementor-widget-text-editor\" data-id=\"119059e\" data-element_type=\"widget\" data-widget_type=\"text-editor.default\">\n\t\t\t\t\t\t\t\t\t<p>Notre entreprise a \u00e9t\u00e9 fond\u00e9e en 2021 \u00e0\u00a0<span style=\"font-weight: bolder;\">Kahramanmara\u015f<\/span>\u00a0et a commenc\u00e9 \u00e0 servir les b\u00e2timents industriels de la r\u00e9gion avec des solutions telles que\u00a0<span style=\"font-weight: bolder;\">Panneau Sandwich Kahramanmara\u015f<\/span>,\u00a0<span style=\"font-weight: bolder;\">Panneau de Toit Kahramanmara\u015f<\/span>,\u00a0et\u00a0<span style=\"font-weight: bolder;\">Panneau de Fa\u00e7ade Kahramanmara\u015f<\/span>. Elle a \u00e9galement r\u00e9alis\u00e9 des projets dans des provinces voisines comme\u00a0<span style=\"font-weight: bolder;\">\u015eanl\u0131urfa<\/span>,\u00a0<span style=\"font-weight: bolder;\">Malatya<\/span>, et\u00a0<span style=\"font-weight: bolder;\">Ad\u0131yaman<\/span>.<\/p><p>Gr\u00e2ce \u00e0 son essor rapide en peu de temps, Do\u011fa Panel a d\u00e9pass\u00e9 le statut d\u2019entreprise locale pour devenir un partenaire de solutions pour les projets de toitures et de fa\u00e7ades dans toute la Turquie, de\u00a0<span style=\"font-weight: bolder;\">Hakkari \u00e0 \u00c7orlu<\/span>\u00a0et de\u00a0<span style=\"font-weight: bolder;\">Denizli \u00e0 Samsun<\/span>.<\/p>\t\t\t\t\t\t\t\t<\/div>\n\t\t\t\t<div class=\"elementor-element elementor-element-3729b8a elementor-align-left elementor-widget elementor-widget-button\" data-id=\"3729b8a\" data-element_type=\"widget\" data-widget_type=\"button.default\">\n\t\t\t\t\t\t\t\t\t\t<a class=\"elementor-button elementor-button-link elementor-size-sm\" href=\"\/fr\/contact\/\">\n\t\t\t\t\t\t<span class=\"elementor-button-content-wrapper\">\n\t\t\t\t\t\t<span class=\"elementor-button-icon\">\n\t\t\t\t<i aria-hidden=\"true\" class=\"fas fa-arrow-right\"><\/i>\t\t\t<\/span>\n\t\t\t\t\t\t\t\t\t<span class=\"elementor-button-text\">CONTACTEZ-NOUS<\/span>\n\t\t\t\t\t<\/span>\n\t\t\t\t\t<\/a>\n\t\t\t\t\t\t\t\t<\/div>\n\t\t\t\t<\/div>\n\t\t\t\t\t<\/div>\n\t\t\t\t<\/div>\n\t\t<div class=\"elementor-element elementor-element-f20c9ed e-flex e-con-boxed e-con e-parent\" data-id=\"f20c9ed\" data-element_type=\"container\">\n\t\t\t\t\t<div class=\"e-con-inner\">\n\t\t<div class=\"elementor-element elementor-element-06557b0 e-con-full e-flex e-con e-child\" data-id=\"06557b0\" data-element_type=\"container\">\n\t\t<div class=\"elementor-element elementor-element-87c205e e-con-full e-flex e-con e-child\" data-id=\"87c205e\" data-element_type=\"container\">\n\t\t\t\t<div class=\"elementor-element elementor-element-2ca95a9 elementor-widget elementor-widget-heading\" data-id=\"2ca95a9\" data-element_type=\"widget\" data-widget_type=\"heading.default\">\n\t\t\t\t\t<h3 class=\"elementor-heading-title elementor-size-default\">Do\u011fa Panel : L'assurance de Kahramanmara\u015f dans les panneaux sandwich<\/h3>\t\t\t\t<\/div>\n\t\t\t\t<div class=\"elementor-element elementor-element-8e21788 elementor-widget-divider--view-line elementor-widget elementor-widget-divider\" data-id=\"8e21788\" data-element_type=\"widget\" data-widget_type=\"divider.default\">\n\t\t\t\t\t\t\t<div class=\"elementor-divider\">\n\t\t\t<span class=\"elementor-divider-separator\">\n\t\t\t\t\t\t<\/span>\n\t\t<\/div>\n\t\t\t\t\t\t<\/div>\n\t\t\t\t<\/div>\n\t\t\t\t<div class=\"elementor-element elementor-element-6fa9699 elementor-widget elementor-widget-text-editor\" data-id=\"6fa9699\" data-element_type=\"widget\" data-widget_type=\"text-editor.default\">\n\t\t\t\t\t\t\t\t\t<p class=\"whitespace-pre-wrap break-words\">Do\u011fa Panel a \u00e9t\u00e9 cr\u00e9\u00e9e en 2021 \u00e0 Kahramanmara\u015f et est rapidement devenue une entreprise qui s&rsquo;est fait un nom en offrant des solutions de toiture et de fa\u00e7ade de haute qualit\u00e9 au secteur de la construction et de l&rsquo;industrie. Nous fournissons des services avec notre personnel expert pour r\u00e9pondre aux besoins des b\u00e2timents industriels de la r\u00e9gion, en particulier avec nos solutions <strong>Panneaux Sandwich Kahramanmara\u015f<\/strong>, <strong>Panneaux de Fa\u00e7ade Kahramanmara\u015f<\/strong> et <strong>Panneaux de Toiture Kahramanmara\u015f<\/strong>. Nous r\u00e9pondons aux besoins d&rsquo;isolation et de durabilit\u00e9 des b\u00e2timents industriels en atteignant un large portefeuille de clients dans les provinces environnantes comme Malatya, \u015eanl\u0131urfa et Ad\u0131yaman.<\/p><p class=\"whitespace-pre-wrap break-words\">Notre entreprise, consciente de l&rsquo;importance de l&rsquo;isolation et de l&rsquo;efficacit\u00e9 \u00e9nerg\u00e9tique dans les b\u00e2timents industriels, accorde une grande attention \u00e0 la production de panneaux sandwich remplis de PUR et PIR. Ces panneaux offrent une haute performance en isolation thermique tout en assurant une protection durable contre les facteurs environnementaux. Do\u011fa Panel a r\u00e9ussi \u00e0 faire la diff\u00e9rence dans le secteur des <strong>panneaux sandwich Kahramanmara\u015f<\/strong> gr\u00e2ce \u00e0 ses connaissances industrielles et ses investissements dans les technologies innovantes.<\/p><p class=\"whitespace-pre-wrap break-words\">Ne se contentant pas uniquement des solutions de panneaux traditionnels, Do\u011fa Panel vise \u00e9galement \u00e0 produire des <strong>panneaux sandwich remplis de polyur\u00e9thane compatibles avec l&rsquo;\u00e9nergie solaire<\/strong>, consciente du besoin en \u00e9nergies renouvelables. Ces panneaux, qui peuvent fonctionner de mani\u00e8re int\u00e9gr\u00e9e avec l&rsquo;\u00e9nergie solaire, aident les b\u00e2timents industriels modernes \u00e0 atteindre la durabilit\u00e9 et les \u00e9conomies d&rsquo;\u00e9nergie tout en jouant un r\u00f4le important dans les projets respectueux de l&rsquo;environnement.<\/p><p class=\"whitespace-pre-wrap break-words\">Depuis notre cr\u00e9ation, en commen\u00e7ant notre voyage en tant qu&rsquo;entreprise locale de toiture et de fa\u00e7ade, nous sommes devenus une marque nationale avec nos projets r\u00e9partis dans toute la T\u00fcrkiye. Nous sommes devenus un partenaire de solutions dans la construction et la modernisation des b\u00e2timents industriels sur une vaste zone g\u00e9ographique s&rsquo;\u00e9tendant de Hakkari \u00e0 \u00c7orlu, et de Denizli \u00e0 Samsun. Nous r\u00e9alisons ce succ\u00e8s gr\u00e2ce \u00e0 la longue exp\u00e9rience sectorielle de notre conseil d&rsquo;administration et au travail m\u00e9ticuleux de notre \u00e9quipe professionnelle.<\/p><p class=\"whitespace-pre-wrap break-words\">Do\u011fa Panel continue d&rsquo;\u00eatre un partenaire fiable non seulement \u00e0 Kahramanmara\u015f mais dans toute la T\u00fcrkiye avec son portefeuille de clients en croissance rapide et son engagement envers la qualit\u00e9. Notre objectif est de fournir les solutions de <strong>panneaux sandwich<\/strong> de la plus haute qualit\u00e9 \u00e0 chaque r\u00e9gion de la T\u00fcrkiye en \u00e9tant leader des innovations dans le secteur.<\/p>\t\t\t\t\t\t\t\t<\/div>\n\t\t\t\t<\/div>\n\t\t<div class=\"elementor-element elementor-element-ca0b38b e-con-full e-flex e-con e-child\" data-id=\"ca0b38b\" data-element_type=\"container\">\n\t\t<div class=\"elementor-element elementor-element-94cb001 e-con-full e-flex e-con e-child\" data-id=\"94cb001\" data-element_type=\"container\">\n\t\t\t\t<div class=\"elementor-element elementor-element-9197a80 elementor-widget elementor-widget-heading\" data-id=\"9197a80\" data-element_type=\"widget\" data-widget_type=\"heading.default\">\n\t\t\t\t\t<h3 class=\"elementor-heading-title elementor-size-default\">Notre Politique de Qualit\u00e9<\/h3>\t\t\t\t<\/div>\n\t\t\t\t<div class=\"elementor-element elementor-element-5101f78 elementor-widget-divider--view-line elementor-widget elementor-widget-divider\" data-id=\"5101f78\" data-element_type=\"widget\" data-widget_type=\"divider.default\">\n\t\t\t\t\t\t\t<div class=\"elementor-divider\">\n\t\t\t<span class=\"elementor-divider-separator\">\n\t\t\t\t\t\t<\/span>\n\t\t<\/div>\n\t\t\t\t\t\t<\/div>\n\t\t\t\t<\/div>\n\t\t\t\t<div class=\"elementor-element elementor-element-4373810 elementor-widget elementor-widget-text-editor\" data-id=\"4373810\" data-element_type=\"widget\" data-widget_type=\"text-editor.default\">\n\t\t\t\t\t\t\t\t\t<ul><li class=\"whitespace-normal break-words\">Assurer une conformit\u00e9 totale aux r\u00e9glementations l\u00e9gales, aux dispositions l\u00e9gislatives et aux conditions des clients,<\/li><li class=\"whitespace-normal break-words\">R\u00e9aliser des am\u00e9liorations continues dans tous les processus que nous menons conform\u00e9ment au syst\u00e8me de gestion de la qualit\u00e9,<\/li><li class=\"whitespace-normal break-words\">\u00c9lever les normes de qualit\u00e9 en utilisant les derni\u00e8res technologies dans les processus de production,<\/li><li class=\"whitespace-normal break-words\">Assurer la livraison dans les d\u00e9lais, l&rsquo;efficacit\u00e9 des co\u00fbts et la haute qualit\u00e9 dans les projets en cr\u00e9ant des collaborations fiables et durables dans la cha\u00eene d&rsquo;approvisionnement,<\/li><li class=\"whitespace-normal break-words\">Nous diff\u00e9rencier de nos concurrents du secteur avec la \u00ab\u00a0Qualit\u00e9 Do\u011fa \u00c7at\u0131 Panel\u00a0\u00bb et maximiser la satisfaction client,<\/li><li class=\"whitespace-normal break-words\">Organiser des programmes de formation continue pour d\u00e9velopper les connaissances et comp\u00e9tences professionnelles de nos employ\u00e9s,<\/li><li class=\"whitespace-normal break-words\">Encourager le travail d&rsquo;\u00e9quipe parmi nos employ\u00e9s et leur permettre d&rsquo;utiliser leurs capacit\u00e9s au plus haut niveau,<\/li><li class=\"whitespace-normal break-words\">Inculquer la conscience de la qualit\u00e9 \u00e0 tous nos employ\u00e9s, apporter une participation totale et une conscience des responsabilit\u00e9s \u00e0 nos processus d&rsquo;affaires,<\/li><li class=\"whitespace-normal break-words\">Assurer la durabilit\u00e9 en adoptant des processus de production respectueux de l&rsquo;environnement et une fa\u00e7on de faire des affaires qui respecte la soci\u00e9t\u00e9,<\/li><li class=\"whitespace-normal break-words\">Maintenir notre position de leader dans le secteur et contribuer \u00e0 l&rsquo;\u00e9conomie du pays en d\u00e9veloppant continuellement notre volume d&rsquo;affaires.<\/li><\/ul>\t\t\t\t\t\t\t\t<\/div>\n\t\t\t\t<\/div>\n\t\t\t\t\t<\/div>\n\t\t\t\t<\/div>\n\t\t\t\t<\/div>\n\t\t","protected":false},"excerpt":{"rendered":"<p>DO\u011eA PANEL Qui Sommes-Nous et Que Faisons-Nous ? Notre entreprise a \u00e9t\u00e9 fond\u00e9e en 2021 \u00e0\u00a0Kahramanmara\u015f\u00a0et a commenc\u00e9 \u00e0 servir les b\u00e2timents industriels de la r\u00e9gion avec des solutions telles que\u00a0Panneau Sandwich Kahramanmara\u015f,\u00a0Panneau de Toit Kahramanmara\u015f,\u00a0et\u00a0Panneau de Fa\u00e7ade Kahramanmara\u015f. Elle a \u00e9galement r\u00e9alis\u00e9 des projets dans des provinces voisines comme\u00a0\u015eanl\u0131urfa,\u00a0Malatya, et\u00a0Ad\u0131yaman. Gr\u00e2ce \u00e0 son essor [&hellip;]<\/p>\n","protected":false},"author":1,"featured_media":0,"parent":0,"menu_order":0,"comment_status":"closed","ping_status":"closed","template":"","meta":{"_acf_changed":false,"footnotes":""},"class_list":["post-1716","page","type-page","status-publish","hentry"],"acf":[],"_links":{"self":[{"href":"https:\/\/dogapanel.com\/fr\/wp-json\/wp\/v2\/pages\/1716","targetHints":{"allow":["GET"]}}],"collection":[{"href":"https:\/\/dogapanel.com\/fr\/wp-json\/wp\/v2\/pages"}],"about":[{"href":"https:\/\/dogapanel.com\/fr\/wp-json\/wp\/v2\/types\/page"}],"author":[{"embeddable":true,"href":"https:\/\/dogapanel.com\/fr\/wp-json\/wp\/v2\/users\/1"}],"replies":[{"embeddable":true,"href":"https:\/\/dogapanel.com\/fr\/wp-json\/wp\/v2\/comments?post=1716"}],"version-history":[{"count":0,"href":"https:\/\/dogapanel.com\/fr\/wp-json\/wp\/v2\/pages\/1716\/revisions"}],"wp:attachment":[{"href":"https:\/\/dogapanel.com\/fr\/wp-json\/wp\/v2\/media?parent=1716"}],"curies":[{"name":"wp","href":"https:\/\/api.w.org\/{rel}","templated":true}]}}