{"id":1740,"date":"2025-01-06T15:06:55","date_gmt":"2025-01-06T15:06:55","guid":{"rendered":"https:\/\/dogapanel.com\/yasal-bilgilendirme\/"},"modified":"2025-01-10T04:49:09","modified_gmt":"2025-01-10T04:49:09","slug":"mentions-legales","status":"publish","type":"page","link":"https:\/\/dogapanel.com\/fr\/mentions-legales\/","title":{"rendered":"Mentions l\u00e9gales"},"content":{"rendered":"\t\t<div data-elementor-type=\"wp-page\" data-elementor-id=\"1740\" class=\"elementor elementor-1740 elementor-30\" data-elementor-post-type=\"page\">\n\t\t\t\t<div class=\"elementor-element elementor-element-e63d266 e-flex e-con-boxed e-con e-parent\" data-id=\"e63d266\" data-element_type=\"container\" data-settings=\"{&quot;background_background&quot;:&quot;classic&quot;}\">\n\t\t\t\t\t<div class=\"e-con-inner\">\n\t\t\t\t\t<\/div>\n\t\t\t\t<\/div>\n\t\t<div class=\"elementor-element elementor-element-f0968a0 e-flex e-con-boxed e-con e-parent\" data-id=\"f0968a0\" data-element_type=\"container\">\n\t\t\t\t\t<div class=\"e-con-inner\">\n\t\t<div class=\"elementor-element elementor-element-7aadf3f e-con-full e-flex e-con e-child\" data-id=\"7aadf3f\" data-element_type=\"container\" id=\"kvkk-aydinlatma-metni\">\n\t\t<div class=\"elementor-element elementor-element-10a0476 e-con-full e-flex e-con e-child\" data-id=\"10a0476\" data-element_type=\"container\">\n\t\t\t\t<div class=\"elementor-element elementor-element-704c707 elementor-widget elementor-widget-heading\" data-id=\"704c707\" data-element_type=\"widget\" data-widget_type=\"heading.default\">\n\t\t\t\t\t<h2 class=\"elementor-heading-title elementor-size-default\">Texte d'Information sur la Loi de Protection des Donn\u00e9es Personnelles (KVKK)<\/h2>\t\t\t\t<\/div>\n\t\t\t\t<div class=\"elementor-element elementor-element-40af2c4 elementor-widget-divider--view-line elementor-invisible elementor-widget elementor-widget-divider\" data-id=\"40af2c4\" data-element_type=\"widget\" data-settings=\"{&quot;_animation&quot;:&quot;fadeIn&quot;}\" data-widget_type=\"divider.default\">\n\t\t\t\t\t\t\t<div class=\"elementor-divider\">\n\t\t\t<span class=\"elementor-divider-separator\">\n\t\t\t\t\t\t<\/span>\n\t\t<\/div>\n\t\t\t\t\t\t<\/div>\n\t\t\t\t<\/div>\n\t\t\t\t<div class=\"elementor-element elementor-element-d4dc6ff elementor-widget elementor-widget-text-editor\" data-id=\"d4dc6ff\" data-element_type=\"widget\" data-widget_type=\"text-editor.default\">\n\t\t\t\t\t\t\t\t\t<p><strong>Informations sur le Responsable des Donn\u00e9es<\/strong><br \/>Dans le cadre de la Loi sur la Protection des Donn\u00e9es Personnelles n\u00b0 6698 (\u00ab\u00a0KVKK\u00a0\u00bb), vos donn\u00e9es personnelles sont trait\u00e9es par Do\u011fa Panel en tant que responsable des donn\u00e9es, conform\u00e9ment au cadre d\u00e9taill\u00e9 ci-dessous.<\/p><p><strong>Objectif du Traitement de Vos Donn\u00e9es Personnelles<\/strong><br \/>Les donn\u00e9es personnelles collect\u00e9es peuvent \u00eatre trait\u00e9es aux fins suivantes, conform\u00e9ment aux conditions de traitement des donn\u00e9es personnelles sp\u00e9cifi\u00e9es dans les articles 5 et 6 de la KVKK :<\/p><ul><li>Fournir les services propos\u00e9s via notre site Web,<\/li><li>G\u00e9rer les processus de communication,<\/li><li>G\u00e9rer les demandes et r\u00e9clamations,<\/li><li>Respecter les obligations l\u00e9gales.<\/li><\/ul><p><strong>M\u00e9thodes de Collecte de Vos Donn\u00e9es Personnelles et Fondements Juridiques<\/strong><br \/>Vos donn\u00e9es personnelles sont collect\u00e9es \u00e9lectroniquement via les formulaires de contact sur notre site Web, les transactions des utilisateurs et les cookies. Ces traitements sont fond\u00e9s sur les raisons l\u00e9gales \u00e9nonc\u00e9es dans l&rsquo;article 5 de la KVKK, telles que la n\u00e9cessit\u00e9 d&rsquo;\u00e9tablir ou d&rsquo;ex\u00e9cuter un contrat, et l&rsquo;int\u00e9r\u00eat l\u00e9gitime du responsable des donn\u00e9es.<\/p><p><strong>Transfert de Vos Donn\u00e9es Personnelles<\/strong><br \/>Les donn\u00e9es personnelles collect\u00e9es peuvent \u00eatre partag\u00e9es avec des tiers uniquement lorsque cela est n\u00e9cessaire pour atteindre les objectifs sp\u00e9cifi\u00e9s ci-dessus et en conformit\u00e9 avec la r\u00e9glementation l\u00e9gale. Ces tiers peuvent inclure nos partenaires commerciaux, fournisseurs et institutions publiques autoris\u00e9es.<\/p><p><strong>Droits de la Personne Concern\u00e9e<\/strong><br \/>En tant que propri\u00e9taire de donn\u00e9es personnelles, vous disposez des droits suivants en vertu de l&rsquo;article 11 de la KVKK :<\/p><ul><li>Savoir si vos donn\u00e9es personnelles sont trait\u00e9es,<\/li><li>Demander des informations si vos donn\u00e9es personnelles ont \u00e9t\u00e9 trait\u00e9es,<\/li><li>Savoir dans quel but vos donn\u00e9es personnelles sont trait\u00e9es et si elles sont utilis\u00e9es conform\u00e9ment \u00e0 cet objectif,<\/li><li>Conna\u00eetre les tiers \u00e0 qui vos donn\u00e9es personnelles sont transf\u00e9r\u00e9es dans le pays ou \u00e0 l&rsquo;\u00e9tranger,<\/li><li>Demander la correction de vos donn\u00e9es personnelles si elles ont \u00e9t\u00e9 trait\u00e9es de mani\u00e8re incompl\u00e8te ou incorrecte,<\/li><li>Demander la suppression ou la destruction de vos donn\u00e9es personnelles conform\u00e9ment aux conditions sp\u00e9cifi\u00e9es dans la KVKK,<\/li><li>S&rsquo;opposer \u00e0 toute cons\u00e9quence r\u00e9sultant du traitement automatis\u00e9 exclusif de vos donn\u00e9es,<\/li><li>Demander une indemnisation pour les dommages subis en cas de traitement ill\u00e9gal de vos donn\u00e9es personnelles.<\/li><\/ul><p>Vous pouvez nous contacter pour exercer ces droits.<\/p><p><strong>Informations de Contact<\/strong><br \/>Pour plus d&rsquo;informations ou pour exercer vos droits, vous pouvez nous contacter via les canaux suivants :<\/p><ul><li>Email : info@dogapanel.com<\/li><li>T\u00e9l\u00e9phone : +90 (344) 331 21 00<\/li><\/ul>\t\t\t\t\t\t\t\t<\/div>\n\t\t\t\t<\/div>\n\t\t<div class=\"elementor-element elementor-element-7825362 e-con-full e-flex e-con e-child\" data-id=\"7825362\" data-element_type=\"container\" id=\"cerez-politikasi\">\n\t\t<div class=\"elementor-element elementor-element-2bc444c e-con-full e-flex e-con e-child\" data-id=\"2bc444c\" data-element_type=\"container\">\n\t\t\t\t<div class=\"elementor-element elementor-element-bc092fd elementor-widget elementor-widget-heading\" data-id=\"bc092fd\" data-element_type=\"widget\" data-widget_type=\"heading.default\">\n\t\t\t\t\t<h2 class=\"elementor-heading-title elementor-size-default\">Politique de Cookies<\/h2>\t\t\t\t<\/div>\n\t\t\t\t<div class=\"elementor-element elementor-element-5910999 elementor-widget-divider--view-line elementor-invisible elementor-widget elementor-widget-divider\" data-id=\"5910999\" data-element_type=\"widget\" data-settings=\"{&quot;_animation&quot;:&quot;fadeIn&quot;}\" data-widget_type=\"divider.default\">\n\t\t\t\t\t\t\t<div class=\"elementor-divider\">\n\t\t\t<span class=\"elementor-divider-separator\">\n\t\t\t\t\t\t<\/span>\n\t\t<\/div>\n\t\t\t\t\t\t<\/div>\n\t\t\t\t<\/div>\n\t\t\t\t<div class=\"elementor-element elementor-element-ceaeac5 elementor-widget elementor-widget-text-editor\" data-id=\"ceaeac5\" data-element_type=\"widget\" data-widget_type=\"text-editor.default\">\n\t\t\t\t\t\t\t\t\t<p><strong>Qu&rsquo;est-ce qu&rsquo;un cookie ?<\/strong><br \/>Les cookies sont de petits fichiers de donn\u00e9es plac\u00e9s sur votre navigateur par les sites Web que vous visitez. Ils sont utilis\u00e9s pour am\u00e9liorer votre exp\u00e9rience sur le site, fournir du contenu personnalis\u00e9 et m\u00e9moriser vos pr\u00e9f\u00e9rences.<\/p><p><strong>Quels cookies utilisons-nous ?<\/strong><br \/>Notre site Web utilise diff\u00e9rents types de cookies. Ils peuvent \u00eatre class\u00e9s dans les cat\u00e9gories suivantes :<\/p><ul><li><strong>Cookies n\u00e9cessaires :<\/strong> Ces cookies sont indispensables pour le bon fonctionnement de notre site Web. Ils permettent des fonctionnalit\u00e9s de base comme la connexion des utilisateurs ou les pr\u00e9f\u00e9rences linguistiques.<\/li><li><strong>Cookies de performance et d&rsquo;analyse :<\/strong> Ces cookies nous aident \u00e0 comprendre comment vous utilisez notre site et \u00e0 am\u00e9liorer nos performances. Par exemple, ils collectent des donn\u00e9es anonymes telles que les pages visit\u00e9es et le temps pass\u00e9.<\/li><li><strong>Cookies fonctionnels :<\/strong> Ces cookies am\u00e9liorent la fonctionnalit\u00e9 de notre site Web et nous permettent de fournir des services personnalis\u00e9s. Par exemple, ils peuvent m\u00e9moriser vos pr\u00e9f\u00e9rences linguistiques ou vos informations de connexion.<\/li><li><strong>Cookies de ciblage et publicitaires :<\/strong> Ces cookies sont utilis\u00e9s pour afficher des publicit\u00e9s adapt\u00e9es \u00e0 vos int\u00e9r\u00eats et pour mesurer l&rsquo;efficacit\u00e9 de nos campagnes publicitaires.<\/li><\/ul><p><strong>Objectifs de l&rsquo;utilisation des cookies<\/strong><br \/>Les cookies sur notre site Web sont utilis\u00e9s pour :<\/p><ul><li>Analyser le trafic du site et le comportement des utilisateurs,<\/li><li>Am\u00e9liorer nos services,<\/li><li>Vous reconna\u00eetre et m\u00e9moriser vos pr\u00e9f\u00e9rences,<\/li><li>Offrir une meilleure exp\u00e9rience utilisateur.<\/li><\/ul><p><strong>Gestion et d\u00e9sactivation des cookies<\/strong><br \/>Vous pouvez g\u00e9rer ou d\u00e9sactiver les cookies en utilisant les param\u00e8tres de votre navigateur. Veuillez noter que si vous d\u00e9sactivez les cookies, certaines fonctionnalit\u00e9s de notre site pourraient ne pas fonctionner correctement. Pour plus d&rsquo;informations sur les param\u00e8tres des cookies, veuillez consulter le menu d&rsquo;aide de votre navigateur.<\/p><p><strong>Plus d&rsquo;informations sur les cookies<\/strong><br \/>Pour en savoir plus sur les cookies et leur fonctionnement, vous pouvez visiter le site <a href=\"http:\/\/www.aboutcookies.org\" target=\"_new\" rel=\"noopener\">www.aboutcookies.org<\/a>.<\/p><p><strong>Contact<\/strong><br \/>Si vous avez des questions ou des demandes concernant notre politique sur les cookies, n&rsquo;h\u00e9sitez pas \u00e0 nous contacter :<\/p><ul><li>Email : info@dogapanel.com<\/li><li>T\u00e9l\u00e9phone : +90 (344) 331 21 00<\/li><\/ul>\t\t\t\t\t\t\t\t<\/div>\n\t\t\t\t<\/div>\n\t\t\t\t\t<\/div>\n\t\t\t\t<\/div>\n\t\t\t\t<\/div>\n\t\t","protected":false},"excerpt":{"rendered":"<p>Texte d&rsquo;Information sur la Loi de Protection des Donn\u00e9es Personnelles (KVKK) Informations sur le Responsable des Donn\u00e9esDans le cadre de la Loi sur la Protection des Donn\u00e9es Personnelles n\u00b0 6698 (\u00ab\u00a0KVKK\u00a0\u00bb), vos donn\u00e9es personnelles sont trait\u00e9es par en tant que responsable des donn\u00e9es, conform\u00e9ment au cadre d\u00e9taill\u00e9 ci-dessous. Objectif du Traitement de Vos Donn\u00e9es PersonnellesLes [&hellip;]<\/p>\n","protected":false},"author":1,"featured_media":0,"parent":0,"menu_order":0,"comment_status":"closed","ping_status":"closed","template":"","meta":{"_acf_changed":false,"footnotes":""},"class_list":["post-1740","page","type-page","status-publish","hentry"],"acf":[],"_links":{"self":[{"href":"https:\/\/dogapanel.com\/fr\/wp-json\/wp\/v2\/pages\/1740","targetHints":{"allow":["GET"]}}],"collection":[{"href":"https:\/\/dogapanel.com\/fr\/wp-json\/wp\/v2\/pages"}],"about":[{"href":"https:\/\/dogapanel.com\/fr\/wp-json\/wp\/v2\/types\/page"}],"author":[{"embeddable":true,"href":"https:\/\/dogapanel.com\/fr\/wp-json\/wp\/v2\/users\/1"}],"replies":[{"embeddable":true,"href":"https:\/\/dogapanel.com\/fr\/wp-json\/wp\/v2\/comments?post=1740"}],"version-history":[{"count":0,"href":"https:\/\/dogapanel.com\/fr\/wp-json\/wp\/v2\/pages\/1740\/revisions"}],"wp:attachment":[{"href":"https:\/\/dogapanel.com\/fr\/wp-json\/wp\/v2\/media?parent=1740"}],"curies":[{"name":"wp","href":"https:\/\/api.w.org\/{rel}","templated":true}]}}