{"id":1717,"date":"2025-01-06T15:05:52","date_gmt":"2025-01-06T15:05:52","guid":{"rendered":"https:\/\/dogapanel.com\/kurumsal\/"},"modified":"2025-06-01T15:46:00","modified_gmt":"2025-06-01T15:46:00","slug":"sobre-nos","status":"publish","type":"page","link":"https:\/\/dogapanel.com\/pt-br\/sobre-nos\/","title":{"rendered":"Sobre N\u00f3s"},"content":{"rendered":"\t\t<div data-elementor-type=\"wp-page\" data-elementor-id=\"1717\" class=\"elementor elementor-1717 elementor-26\" data-elementor-post-type=\"page\">\n\t\t\t\t<div class=\"elementor-element elementor-element-e9fb551 e-flex e-con-boxed e-con e-parent\" data-id=\"e9fb551\" data-element_type=\"container\" data-settings=\"{&quot;background_background&quot;:&quot;classic&quot;}\">\n\t\t\t\t\t<div class=\"e-con-inner\">\n\t\t\t\t\t<\/div>\n\t\t\t\t<\/div>\n\t\t<div class=\"elementor-element elementor-element-f7a54a9 e-flex e-con-boxed e-con e-parent\" data-id=\"f7a54a9\" data-element_type=\"container\">\n\t\t\t\t\t<div class=\"e-con-inner\">\n\t\t<div class=\"elementor-element elementor-element-bed8a73 e-con-full e-flex e-con e-child\" data-id=\"bed8a73\" data-element_type=\"container\">\n\t\t\t\t<div class=\"elementor-element elementor-element-4e0a49f elementor-widget elementor-widget-image\" data-id=\"4e0a49f\" data-element_type=\"widget\" data-widget_type=\"image.default\">\n\t\t\t\t\t\t\t\t\t\t\t\t\t\t\t<img loading=\"lazy\" decoding=\"async\" width=\"158\" height=\"203\" src=\"https:\/\/dogapanel.com\/wp-content\/uploads\/doga-panel-element-1-1.webp\" class=\"attachment-full size-full wp-image-322\" alt=\"\" \/>\t\t\t\t\t\t\t\t\t\t\t\t\t\t\t<\/div>\n\t\t\t\t<div class=\"elementor-element elementor-element-e17c442 elementor-widget elementor-widget-image\" data-id=\"e17c442\" data-element_type=\"widget\" data-settings=\"{&quot;motion_fx_motion_fx_mouse&quot;:&quot;yes&quot;,&quot;motion_fx_tilt_effect&quot;:&quot;yes&quot;,&quot;motion_fx_tilt_speed&quot;:{&quot;unit&quot;:&quot;px&quot;,&quot;size&quot;:1,&quot;sizes&quot;:[]}}\" data-widget_type=\"image.default\">\n\t\t\t\t\t\t\t\t\t\t\t\t\t\t\t<img loading=\"lazy\" decoding=\"async\" width=\"1600\" height=\"1066\" src=\"https:\/\/dogapanel.com\/wp-content\/uploads\/doga-panel-biz-kimiz-ve-neler-yapiyoruz.webp\" class=\"attachment-full size-full wp-image-323\" alt=\"\" srcset=\"https:\/\/dogapanel.com\/wp-content\/uploads\/doga-panel-biz-kimiz-ve-neler-yapiyoruz.webp 1600w, https:\/\/dogapanel.com\/wp-content\/uploads\/doga-panel-biz-kimiz-ve-neler-yapiyoruz-300x200.webp 300w, https:\/\/dogapanel.com\/wp-content\/uploads\/doga-panel-biz-kimiz-ve-neler-yapiyoruz-1024x682.webp 1024w, https:\/\/dogapanel.com\/wp-content\/uploads\/doga-panel-biz-kimiz-ve-neler-yapiyoruz-768x512.webp 768w, https:\/\/dogapanel.com\/wp-content\/uploads\/doga-panel-biz-kimiz-ve-neler-yapiyoruz-1536x1023.webp 1536w\" sizes=\"auto, (max-width: 1600px) 100vw, 1600px\" \/>\t\t\t\t\t\t\t\t\t\t\t\t\t\t\t<\/div>\n\t\t\t\t<div class=\"elementor-element elementor-element-a59d4a1 elementor-widget elementor-widget-image\" data-id=\"a59d4a1\" data-element_type=\"widget\" data-widget_type=\"image.default\">\n\t\t\t\t\t\t\t\t\t\t\t\t\t\t\t<img loading=\"lazy\" decoding=\"async\" width=\"178\" height=\"234\" src=\"https:\/\/dogapanel.com\/wp-content\/uploads\/doga-panel-element-2.webp\" class=\"attachment-full size-full wp-image-324\" alt=\"\" \/>\t\t\t\t\t\t\t\t\t\t\t\t\t\t\t<\/div>\n\t\t\t\t<\/div>\n\t\t<div class=\"elementor-element elementor-element-56425c2 e-con-full e-flex e-con e-child\" data-id=\"56425c2\" data-element_type=\"container\">\n\t\t<div class=\"elementor-element elementor-element-8551b6e e-con-full e-flex e-con e-child\" data-id=\"8551b6e\" data-element_type=\"container\">\n\t\t\t\t<div class=\"elementor-element elementor-element-a2bfc4e elementor-widget elementor-widget-heading\" data-id=\"a2bfc4e\" data-element_type=\"widget\" data-widget_type=\"heading.default\">\n\t\t\t\t\t<span class=\"elementor-heading-title elementor-size-default\">DO\u011eA PANEL<\/span>\t\t\t\t<\/div>\n\t\t\t\t<div class=\"elementor-element elementor-element-e86c739 elementor-widget elementor-widget-heading\" data-id=\"e86c739\" data-element_type=\"widget\" data-widget_type=\"heading.default\">\n\t\t\t\t\t<h2 class=\"elementor-heading-title elementor-size-default\">Quem Somos e o Que Fazemos?<\/h2>\t\t\t\t<\/div>\n\t\t\t\t<div class=\"elementor-element elementor-element-7394827 elementor-widget-divider--view-line elementor-widget elementor-widget-divider\" data-id=\"7394827\" data-element_type=\"widget\" data-widget_type=\"divider.default\">\n\t\t\t\t\t\t\t<div class=\"elementor-divider\">\n\t\t\t<span class=\"elementor-divider-separator\">\n\t\t\t\t\t\t<\/span>\n\t\t<\/div>\n\t\t\t\t\t\t<\/div>\n\t\t\t\t<\/div>\n\t\t\t\t<div class=\"elementor-element elementor-element-a694eb3 elementor-widget elementor-widget-text-editor\" data-id=\"a694eb3\" data-element_type=\"widget\" data-widget_type=\"text-editor.default\">\n\t\t\t\t\t\t\t\t\t<p>Nosso empresa foi fundada em 2021 em\u00a0<span style=\"font-weight: bolder;\">Kahramanmara\u015f<\/span>\u00a0e inicialmente come\u00e7ou a atender edif\u00edcios industriais na regi\u00e3o com solu\u00e7\u00f5es como\u00a0<span style=\"font-weight: bolder;\">Painel Sandu\u00edche Kahramanmara\u015f<\/span>,\u00a0<span style=\"font-weight: bolder;\">Painel de Telhado Kahramanmara\u015f<\/span>\u00a0e\u00a0<span style=\"font-weight: bolder;\">Painel de Fachada Kahramanmara\u015f<\/span>. Tamb\u00e9m assumiu projetos em prov\u00edncias vizinhas como\u00a0<span style=\"font-weight: bolder;\">\u015eanl\u0131urfa<\/span>,\u00a0<span style=\"font-weight: bolder;\">Malatya<\/span>\u00a0e\u00a0<span style=\"font-weight: bolder;\">Ad\u0131yaman<\/span>.<\/p><p>Gra\u00e7as ao seu r\u00e1pido crescimento em pouco tempo, a Do\u011fa Panel foi al\u00e9m de ser uma empresa local e tornou-se um parceiro de solu\u00e7\u00f5es para projetos de telhados e fachadas em toda a Turquia, de\u00a0<span style=\"font-weight: bolder;\">Hakkari a \u00c7orlu<\/span>\u00a0e de\u00a0<span style=\"font-weight: bolder;\">Denizli a Samsun<\/span>.<\/p>\t\t\t\t\t\t\t\t<\/div>\n\t\t\t\t<div class=\"elementor-element elementor-element-3729b8a elementor-align-left elementor-widget elementor-widget-button\" data-id=\"3729b8a\" data-element_type=\"widget\" data-widget_type=\"button.default\">\n\t\t\t\t\t\t\t\t\t\t<a class=\"elementor-button elementor-button-link elementor-size-sm\" href=\"\/pt-br\/contato\/\">\n\t\t\t\t\t\t<span class=\"elementor-button-content-wrapper\">\n\t\t\t\t\t\t<span class=\"elementor-button-icon\">\n\t\t\t\t<i aria-hidden=\"true\" class=\"fas fa-arrow-right\"><\/i>\t\t\t<\/span>\n\t\t\t\t\t\t\t\t\t<span class=\"elementor-button-text\">FALE CONOSCO<\/span>\n\t\t\t\t\t<\/span>\n\t\t\t\t\t<\/a>\n\t\t\t\t\t\t\t\t<\/div>\n\t\t\t\t<\/div>\n\t\t\t\t\t<\/div>\n\t\t\t\t<\/div>\n\t\t<div class=\"elementor-element elementor-element-f20c9ed e-flex e-con-boxed e-con e-parent\" data-id=\"f20c9ed\" data-element_type=\"container\">\n\t\t\t\t\t<div class=\"e-con-inner\">\n\t\t<div class=\"elementor-element elementor-element-06557b0 e-con-full e-flex e-con e-child\" data-id=\"06557b0\" data-element_type=\"container\">\n\t\t<div class=\"elementor-element elementor-element-87c205e e-con-full e-flex e-con e-child\" data-id=\"87c205e\" data-element_type=\"container\">\n\t\t\t\t<div class=\"elementor-element elementor-element-2ca95a9 elementor-widget elementor-widget-heading\" data-id=\"2ca95a9\" data-element_type=\"widget\" data-widget_type=\"heading.default\">\n\t\t\t\t\t<h3 class=\"elementor-heading-title elementor-size-default\">Do\u011fa Panel: A Garantia de Kahramanmara\u015f em Pain\u00e9is Sandu\u00edche<\/h3>\t\t\t\t<\/div>\n\t\t\t\t<div class=\"elementor-element elementor-element-8e21788 elementor-widget-divider--view-line elementor-widget elementor-widget-divider\" data-id=\"8e21788\" data-element_type=\"widget\" data-widget_type=\"divider.default\">\n\t\t\t\t\t\t\t<div class=\"elementor-divider\">\n\t\t\t<span class=\"elementor-divider-separator\">\n\t\t\t\t\t\t<\/span>\n\t\t<\/div>\n\t\t\t\t\t\t<\/div>\n\t\t\t\t<\/div>\n\t\t\t\t<div class=\"elementor-element elementor-element-6fa9699 elementor-widget elementor-widget-text-editor\" data-id=\"6fa9699\" data-element_type=\"widget\" data-widget_type=\"text-editor.default\">\n\t\t\t\t\t\t\t\t\t<p class=\"whitespace-pre-wrap break-words\">A Do\u011fa Panel foi estabelecida em Kahramanmara\u015f em 2021 e rapidamente se tornou uma empresa que fez seu nome oferecendo solu\u00e7\u00f5es de alta qualidade em coberturas e fachadas para o setor de constru\u00e7\u00e3o e ind\u00fastria. Prestamos servi\u00e7os com nossa equipe especializada para atender \u00e0s necessidades dos edif\u00edcios industriais na regi\u00e3o, especialmente com nossas solu\u00e7\u00f5es de <strong>Pain\u00e9is Sandu\u00edche Kahramanmara\u015f<\/strong>, <strong>Pain\u00e9is de Fachada Kahramanmara\u015f<\/strong> e <strong>Pain\u00e9is de Cobertura Kahramanmara\u015f<\/strong>. Atendemos \u00e0s necessidades de isolamento e durabilidade de edif\u00edcios industriais alcan\u00e7ando um amplo portf\u00f3lio de clientes em prov\u00edncias vizinhas como Malatya, \u015eanl\u0131urfa e Ad\u0131yaman.<\/p><p class=\"whitespace-pre-wrap break-words\">Nossa empresa, conhecendo a import\u00e2ncia do isolamento e da efici\u00eancia energ\u00e9tica em edif\u00edcios industriais, dedica grande cuidado \u00e0 produ\u00e7\u00e3o de pain\u00e9is sandu\u00edche preenchidos com PUR e PIR. Estes pain\u00e9is oferecem alto desempenho em isolamento t\u00e9rmico, proporcionando ao mesmo tempo prote\u00e7\u00e3o duradoura contra fatores ambientais. A Do\u011fa Panel conseguiu fazer a diferen\u00e7a no setor de <strong>pain\u00e9is sandu\u00edche Kahramanmara\u015f<\/strong> gra\u00e7as ao seu conhecimento do setor e investimentos em tecnologias inovadoras.<\/p><p class=\"whitespace-pre-wrap break-words\">N\u00e3o se contentando apenas com solu\u00e7\u00f5es de pain\u00e9is tradicionais, a Do\u011fa Panel tamb\u00e9m visa produzir <strong>pain\u00e9is sandu\u00edche preenchidos com poliuretano compat\u00edveis com energia solar<\/strong>, estando ciente da necessidade de energia renov\u00e1vel. Estes pain\u00e9is, que podem trabalhar de forma integrada com energia solar, ajudam os edif\u00edcios industriais modernos a alcan\u00e7ar sustentabilidade e economia de energia, enquanto desempenham um papel importante em projetos ambientalmente conscientes.<\/p><p class=\"whitespace-pre-wrap break-words\">Desde nossa funda\u00e7\u00e3o, come\u00e7ando nossa jornada como uma empresa local de coberturas e fachadas, nos tornamos uma marca nacional com nossos projetos espalhados por toda a T\u00fcrkiye. Nos tornamos um parceiro de solu\u00e7\u00f5es na constru\u00e7\u00e3o e moderniza\u00e7\u00e3o de edif\u00edcios industriais em uma ampla geografia que se estende de Hakkari a \u00c7orlu, e de Denizli a Samsun. Alcan\u00e7amos este sucesso atrav\u00e9s da longa experi\u00eancia setorial de nossa diretoria e do trabalho meticuloso de nossa equipe profissional.<\/p><p class=\"whitespace-pre-wrap break-words\">A Do\u011fa Panel continua sendo uma parceira confi\u00e1vel n\u00e3o apenas em Kahramanmara\u015f, mas em toda a T\u00fcrkiye, com seu portf\u00f3lio de clientes em r\u00e1pido crescimento e compromisso com a qualidade. Nosso objetivo \u00e9 fornecer as solu\u00e7\u00f5es de <strong>pain\u00e9is sandu\u00edche<\/strong> da mais alta qualidade para cada regi\u00e3o da T\u00fcrkiye, liderando inova\u00e7\u00f5es no setor.<\/p>\t\t\t\t\t\t\t\t<\/div>\n\t\t\t\t<\/div>\n\t\t<div class=\"elementor-element elementor-element-ca0b38b e-con-full e-flex e-con e-child\" data-id=\"ca0b38b\" data-element_type=\"container\">\n\t\t<div class=\"elementor-element elementor-element-94cb001 e-con-full e-flex e-con e-child\" data-id=\"94cb001\" data-element_type=\"container\">\n\t\t\t\t<div class=\"elementor-element elementor-element-9197a80 elementor-widget elementor-widget-heading\" data-id=\"9197a80\" data-element_type=\"widget\" data-widget_type=\"heading.default\">\n\t\t\t\t\t<h3 class=\"elementor-heading-title elementor-size-default\">Nossa Pol\u00edtica de Qualidade<\/h3>\t\t\t\t<\/div>\n\t\t\t\t<div class=\"elementor-element elementor-element-5101f78 elementor-widget-divider--view-line elementor-widget elementor-widget-divider\" data-id=\"5101f78\" data-element_type=\"widget\" data-widget_type=\"divider.default\">\n\t\t\t\t\t\t\t<div class=\"elementor-divider\">\n\t\t\t<span class=\"elementor-divider-separator\">\n\t\t\t\t\t\t<\/span>\n\t\t<\/div>\n\t\t\t\t\t\t<\/div>\n\t\t\t\t<\/div>\n\t\t\t\t<div class=\"elementor-element elementor-element-4373810 elementor-widget elementor-widget-text-editor\" data-id=\"4373810\" data-element_type=\"widget\" data-widget_type=\"text-editor.default\">\n\t\t\t\t\t\t\t\t\t<ul><li class=\"whitespace-normal break-words\">Garantir total conformidade com as legisla\u00e7\u00f5es, regulamenta\u00e7\u00f5es legais e condi\u00e7\u00f5es dos clientes,<\/li><li class=\"whitespace-normal break-words\">Realizar melhorias cont\u00ednuas em todos os processos que conduzimos de acordo com o sistema de gest\u00e3o da qualidade,<\/li><li class=\"whitespace-normal break-words\">Elevar os padr\u00f5es de qualidade utilizando as mais recentes tecnologias nos processos de produ\u00e7\u00e3o,<\/li><li class=\"whitespace-normal break-words\">Garantir entrega no prazo, efici\u00eancia de custos e alta qualidade nos projetos atrav\u00e9s da cria\u00e7\u00e3o de colabora\u00e7\u00f5es confi\u00e1veis e sustent\u00e1veis na cadeia de fornecimento,<\/li><li class=\"whitespace-normal break-words\">Nos diferenciar dos nossos concorrentes no setor com a &#8220;Qualidade Do\u011fa \u00c7at\u0131 Panel&#8221; e maximizar a satisfa\u00e7\u00e3o do cliente,<\/li><li class=\"whitespace-normal break-words\">Organizar programas de treinamento cont\u00ednuo para desenvolver o conhecimento e as habilidades profissionais de nossos funcion\u00e1rios,<\/li><li class=\"whitespace-normal break-words\">Incentivar o trabalho em equipe entre nossos funcion\u00e1rios e permitir que eles usem suas habilidades no mais alto n\u00edvel,<\/li><li class=\"whitespace-normal break-words\">Incutir a consci\u00eancia da qualidade em todos os nossos funcion\u00e1rios, trazendo participa\u00e7\u00e3o total e consci\u00eancia de responsabilidade aos nossos processos de neg\u00f3cios,<\/li><li class=\"whitespace-normal break-words\">Garantir a sustentabilidade adotando processos de produ\u00e7\u00e3o ambientalmente conscientes e uma forma de fazer neg\u00f3cios que respeite a sociedade,<\/li><li class=\"whitespace-normal break-words\">Manter nossa posi\u00e7\u00e3o de lideran\u00e7a no setor e contribuir para a economia do pa\u00eds desenvolvendo continuamente nosso volume de neg\u00f3cios.<\/li><\/ul>\t\t\t\t\t\t\t\t<\/div>\n\t\t\t\t<\/div>\n\t\t\t\t\t<\/div>\n\t\t\t\t<\/div>\n\t\t\t\t<\/div>\n\t\t","protected":false},"excerpt":{"rendered":"<p>DO\u011eA PANEL Quem Somos e o Que Fazemos? Nosso empresa foi fundada em 2021 em\u00a0Kahramanmara\u015f\u00a0e inicialmente come\u00e7ou a atender edif\u00edcios industriais na regi\u00e3o com solu\u00e7\u00f5es como\u00a0Painel Sandu\u00edche Kahramanmara\u015f,\u00a0Painel de Telhado Kahramanmara\u015f\u00a0e\u00a0Painel de Fachada Kahramanmara\u015f. Tamb\u00e9m assumiu projetos em prov\u00edncias vizinhas como\u00a0\u015eanl\u0131urfa,\u00a0Malatya\u00a0e\u00a0Ad\u0131yaman. Gra\u00e7as ao seu r\u00e1pido crescimento em pouco tempo, a Do\u011fa Panel foi al\u00e9m de [&hellip;]<\/p>\n","protected":false},"author":1,"featured_media":0,"parent":0,"menu_order":0,"comment_status":"closed","ping_status":"closed","template":"","meta":{"_acf_changed":false,"footnotes":""},"class_list":["post-1717","page","type-page","status-publish","hentry"],"acf":[],"_links":{"self":[{"href":"https:\/\/dogapanel.com\/pt-br\/wp-json\/wp\/v2\/pages\/1717","targetHints":{"allow":["GET"]}}],"collection":[{"href":"https:\/\/dogapanel.com\/pt-br\/wp-json\/wp\/v2\/pages"}],"about":[{"href":"https:\/\/dogapanel.com\/pt-br\/wp-json\/wp\/v2\/types\/page"}],"author":[{"embeddable":true,"href":"https:\/\/dogapanel.com\/pt-br\/wp-json\/wp\/v2\/users\/1"}],"replies":[{"embeddable":true,"href":"https:\/\/dogapanel.com\/pt-br\/wp-json\/wp\/v2\/comments?post=1717"}],"version-history":[{"count":0,"href":"https:\/\/dogapanel.com\/pt-br\/wp-json\/wp\/v2\/pages\/1717\/revisions"}],"wp:attachment":[{"href":"https:\/\/dogapanel.com\/pt-br\/wp-json\/wp\/v2\/media?parent=1717"}],"curies":[{"name":"wp","href":"https:\/\/api.w.org\/{rel}","templated":true}]}}