{"id":1741,"date":"2025-01-06T15:06:55","date_gmt":"2025-01-06T15:06:55","guid":{"rendered":"https:\/\/dogapanel.com\/yasal-bilgilendirme\/"},"modified":"2025-01-10T04:49:38","modified_gmt":"2025-01-10T04:49:38","slug":"informacoes-legais","status":"publish","type":"page","link":"https:\/\/dogapanel.com\/pt-br\/informacoes-legais\/","title":{"rendered":"Informa\u00e7\u00f5es Legais"},"content":{"rendered":"\t\t<div data-elementor-type=\"wp-page\" data-elementor-id=\"1741\" class=\"elementor elementor-1741 elementor-30\" data-elementor-post-type=\"page\">\n\t\t\t\t<div class=\"elementor-element elementor-element-e63d266 e-flex e-con-boxed e-con e-parent\" data-id=\"e63d266\" data-element_type=\"container\" data-settings=\"{&quot;background_background&quot;:&quot;classic&quot;}\">\n\t\t\t\t\t<div class=\"e-con-inner\">\n\t\t\t\t\t<\/div>\n\t\t\t\t<\/div>\n\t\t<div class=\"elementor-element elementor-element-f0968a0 e-flex e-con-boxed e-con e-parent\" data-id=\"f0968a0\" data-element_type=\"container\">\n\t\t\t\t\t<div class=\"e-con-inner\">\n\t\t<div class=\"elementor-element elementor-element-7aadf3f e-con-full e-flex e-con e-child\" data-id=\"7aadf3f\" data-element_type=\"container\" id=\"kvkk-aydinlatma-metni\">\n\t\t<div class=\"elementor-element elementor-element-10a0476 e-con-full e-flex e-con e-child\" data-id=\"10a0476\" data-element_type=\"container\">\n\t\t\t\t<div class=\"elementor-element elementor-element-704c707 elementor-widget elementor-widget-heading\" data-id=\"704c707\" data-element_type=\"widget\" data-widget_type=\"heading.default\">\n\t\t\t\t\t<h2 class=\"elementor-heading-title elementor-size-default\">Texto de Esclarecimento da Lei de Prote\u00e7\u00e3o de Dados Pessoais (KVKK)<\/h2>\t\t\t\t<\/div>\n\t\t\t\t<div class=\"elementor-element elementor-element-40af2c4 elementor-widget-divider--view-line elementor-invisible elementor-widget elementor-widget-divider\" data-id=\"40af2c4\" data-element_type=\"widget\" data-settings=\"{&quot;_animation&quot;:&quot;fadeIn&quot;}\" data-widget_type=\"divider.default\">\n\t\t\t\t\t\t\t<div class=\"elementor-divider\">\n\t\t\t<span class=\"elementor-divider-separator\">\n\t\t\t\t\t\t<\/span>\n\t\t<\/div>\n\t\t\t\t\t\t<\/div>\n\t\t\t\t<\/div>\n\t\t\t\t<div class=\"elementor-element elementor-element-d4dc6ff elementor-widget elementor-widget-text-editor\" data-id=\"d4dc6ff\" data-element_type=\"widget\" data-widget_type=\"text-editor.default\">\n\t\t\t\t\t\t\t\t\t<p><strong>Informa\u00e7\u00f5es Sobre o Controlador de Dados<\/strong><br \/>No \u00e2mbito da Lei de Prote\u00e7\u00e3o de Dados Pessoais n\u00ba 6698 (&#8220;KVKK&#8221;), os seus dados pessoais s\u00e3o processados pela Do\u011fa Panel como controlador de dados, conforme detalhado abaixo.<\/p><p><strong>Objetivo do Processamento de Seus Dados Pessoais<\/strong><br \/>Os dados pessoais coletados podem ser processados para os seguintes fins, de acordo com as condi\u00e7\u00f5es de processamento de dados pessoais especificadas nos artigos 5 e 6 da KVKK:<\/p><ul><li>Fornecimento de servi\u00e7os oferecidos atrav\u00e9s do nosso site,<\/li><li>Gerenciamento de processos de comunica\u00e7\u00e3o,<\/li><li>Gerenciamento de solicita\u00e7\u00f5es e reclama\u00e7\u00f5es,<\/li><li>Cumprimento das obriga\u00e7\u00f5es legais.<\/li><\/ul><p><strong>M\u00e9todos de Coleta e Base Legal para Seus Dados Pessoais<\/strong><br \/>Seus dados pessoais s\u00e3o coletados eletronicamente atrav\u00e9s de formul\u00e1rios de contato em nosso site, transa\u00e7\u00f5es de usu\u00e1rios e cookies. Esses processos s\u00e3o baseados nos fundamentos legais especificados no artigo 5 da KVKK, como a necessidade de estabelecer ou executar um contrato e o interesse leg\u00edtimo do controlador de dados.<\/p><p><strong>Transfer\u00eancia de Seus Dados Pessoais<\/strong><br \/>Os dados pessoais coletados podem ser compartilhados com terceiros apenas quando necess\u00e1rio para atingir os objetivos especificados acima e em conformidade com a regulamenta\u00e7\u00e3o legal. Esses terceiros podem incluir nossos parceiros comerciais, fornecedores e institui\u00e7\u00f5es p\u00fablicas autorizadas.<\/p><p><strong>Direitos do Titular dos Dados<\/strong><br \/>Como titular de dados pessoais, voc\u00ea tem os seguintes direitos de acordo com o artigo 11 da KVKK:<\/p><ul><li>Saber se seus dados pessoais est\u00e3o sendo processados,<\/li><li>Solicitar informa\u00e7\u00f5es se seus dados pessoais foram processados,<\/li><li>Saber o prop\u00f3sito do processamento de seus dados pessoais e se eles s\u00e3o utilizados de acordo com esse prop\u00f3sito,<\/li><li>Saber para quem seus dados pessoais foram transferidos dentro ou fora do pa\u00eds,<\/li><li>Solicitar a corre\u00e7\u00e3o de seus dados pessoais se foram processados de forma incompleta ou incorreta,<\/li><li>Solicitar a exclus\u00e3o ou destrui\u00e7\u00e3o de seus dados pessoais nas condi\u00e7\u00f5es especificadas na KVKK,<\/li><li>Opor-se a qualquer resultado adverso que surja do processamento exclusivo de dados por meio de sistemas automatizados,<\/li><li>Solicitar indeniza\u00e7\u00e3o por danos em caso de processamento ilegal de seus dados pessoais.<\/li><\/ul><p>Voc\u00ea pode entrar em contato conosco para exercer esses direitos.<\/p><p><strong>Informa\u00e7\u00f5es de Contato<\/strong><br \/>Para mais informa\u00e7\u00f5es ou para exercer seus direitos, voc\u00ea pode entrar em contato conosco pelos seguintes canais:<\/p><ul><li>E-mail: info@dogapanel.com<\/li><li>Telefone: +90 (344) 331 21 00<\/li><\/ul>\t\t\t\t\t\t\t\t<\/div>\n\t\t\t\t<\/div>\n\t\t<div class=\"elementor-element elementor-element-7825362 e-con-full e-flex e-con e-child\" data-id=\"7825362\" data-element_type=\"container\" id=\"cerez-politikasi\">\n\t\t<div class=\"elementor-element elementor-element-2bc444c e-con-full e-flex e-con e-child\" data-id=\"2bc444c\" data-element_type=\"container\">\n\t\t\t\t<div class=\"elementor-element elementor-element-bc092fd elementor-widget elementor-widget-heading\" data-id=\"bc092fd\" data-element_type=\"widget\" data-widget_type=\"heading.default\">\n\t\t\t\t\t<h2 class=\"elementor-heading-title elementor-size-default\">Pol\u00edtica de Cookies<\/h2>\t\t\t\t<\/div>\n\t\t\t\t<div class=\"elementor-element elementor-element-5910999 elementor-widget-divider--view-line elementor-invisible elementor-widget elementor-widget-divider\" data-id=\"5910999\" data-element_type=\"widget\" data-settings=\"{&quot;_animation&quot;:&quot;fadeIn&quot;}\" data-widget_type=\"divider.default\">\n\t\t\t\t\t\t\t<div class=\"elementor-divider\">\n\t\t\t<span class=\"elementor-divider-separator\">\n\t\t\t\t\t\t<\/span>\n\t\t<\/div>\n\t\t\t\t\t\t<\/div>\n\t\t\t\t<\/div>\n\t\t\t\t<div class=\"elementor-element elementor-element-ceaeac5 elementor-widget elementor-widget-text-editor\" data-id=\"ceaeac5\" data-element_type=\"widget\" data-widget_type=\"text-editor.default\">\n\t\t\t\t\t\t\t\t\t<p><strong>O que s\u00e3o cookies?<\/strong><br \/>Os cookies s\u00e3o pequenos arquivos de dados colocados no seu navegador pelos sites que voc\u00ea visita. Eles s\u00e3o usados para melhorar sua experi\u00eancia no site, fornecer conte\u00fado personalizado e lembrar suas prefer\u00eancias.<\/p><p><strong>Quais cookies usamos?<\/strong><br \/>Nosso site utiliza diferentes tipos de cookies. Eles podem ser categorizados como:<\/p><ul><li><strong>Cookies Necess\u00e1rios:<\/strong> Esses cookies s\u00e3o essenciais para o funcionamento correto do nosso site. Eles fornecem funcionalidades b\u00e1sicas, como login de usu\u00e1rios ou prefer\u00eancias de idioma.<\/li><li><strong>Cookies de Desempenho e An\u00e1lise:<\/strong> Esses cookies nos ajudam a entender como voc\u00ea utiliza nosso site e a melhorar nosso desempenho. Por exemplo, eles coletam dados an\u00f4nimos, como p\u00e1ginas visitadas e tempo gasto.<\/li><li><strong>Cookies Funcionais:<\/strong> Esses cookies melhoram a funcionalidade do nosso site e permitem que ofere\u00e7amos servi\u00e7os personalizados. Por exemplo, eles podem lembrar suas prefer\u00eancias de idioma ou informa\u00e7\u00f5es de login.<\/li><li><strong>Cookies de Direcionamento e Publicidade:<\/strong> Esses cookies s\u00e3o usados para exibir an\u00fancios alinhados aos seus interesses e medir a efic\u00e1cia de nossas campanhas publicit\u00e1rias.<\/li><\/ul><p><strong>Objetivos do uso de cookies<\/strong><br \/>Os cookies em nosso site s\u00e3o usados para:<\/p><ul><li>Analisar o tr\u00e1fego do site e o comportamento dos usu\u00e1rios,<\/li><li>Melhorar nossos servi\u00e7os,<\/li><li>Reconhecer voc\u00ea e lembrar suas prefer\u00eancias,<\/li><li>Proporcionar uma melhor experi\u00eancia ao usu\u00e1rio.<\/li><\/ul><p><strong>Gerenciamento e desativa\u00e7\u00e3o de cookies<\/strong><br \/>Voc\u00ea pode gerenciar ou desativar os cookies usando as configura\u00e7\u00f5es do seu navegador. Note que, se voc\u00ea desativar os cookies, alguns recursos do nosso site podem n\u00e3o funcionar corretamente. Para mais informa\u00e7\u00f5es sobre configura\u00e7\u00f5es de cookies, consulte o menu de ajuda do seu navegador.<\/p><p><strong>Mais informa\u00e7\u00f5es sobre cookies<\/strong><br \/>Para saber mais sobre cookies e como eles funcionam, voc\u00ea pode visitar o site <a href=\"http:\/\/www.aboutcookies.org\" target=\"_new\" rel=\"noopener\">www.aboutcookies.org<\/a>.<\/p><p><strong>Contato<\/strong><br \/>Se tiver d\u00favidas ou solicita\u00e7\u00f5es sobre nossa pol\u00edtica de cookies, entre em contato conosco:<\/p><ul><li>Email: info@dogapanel.com<\/li><li>Telefone: +90 (344) 331 21 00<\/li><\/ul>\t\t\t\t\t\t\t\t<\/div>\n\t\t\t\t<\/div>\n\t\t\t\t\t<\/div>\n\t\t\t\t<\/div>\n\t\t\t\t<\/div>\n\t\t","protected":false},"excerpt":{"rendered":"<p>Texto de Esclarecimento da Lei de Prote\u00e7\u00e3o de Dados Pessoais (KVKK) Informa\u00e7\u00f5es Sobre o Controlador de DadosNo \u00e2mbito da Lei de Prote\u00e7\u00e3o de Dados Pessoais n\u00ba 6698 (&#8220;KVKK&#8221;), os seus dados pessoais s\u00e3o processados pela como controlador de dados, conforme detalhado abaixo. Objetivo do Processamento de Seus Dados PessoaisOs dados pessoais coletados podem ser processados [&hellip;]<\/p>\n","protected":false},"author":1,"featured_media":0,"parent":0,"menu_order":0,"comment_status":"closed","ping_status":"closed","template":"","meta":{"_acf_changed":false,"footnotes":""},"class_list":["post-1741","page","type-page","status-publish","hentry"],"acf":[],"_links":{"self":[{"href":"https:\/\/dogapanel.com\/pt-br\/wp-json\/wp\/v2\/pages\/1741","targetHints":{"allow":["GET"]}}],"collection":[{"href":"https:\/\/dogapanel.com\/pt-br\/wp-json\/wp\/v2\/pages"}],"about":[{"href":"https:\/\/dogapanel.com\/pt-br\/wp-json\/wp\/v2\/types\/page"}],"author":[{"embeddable":true,"href":"https:\/\/dogapanel.com\/pt-br\/wp-json\/wp\/v2\/users\/1"}],"replies":[{"embeddable":true,"href":"https:\/\/dogapanel.com\/pt-br\/wp-json\/wp\/v2\/comments?post=1741"}],"version-history":[{"count":0,"href":"https:\/\/dogapanel.com\/pt-br\/wp-json\/wp\/v2\/pages\/1741\/revisions"}],"wp:attachment":[{"href":"https:\/\/dogapanel.com\/pt-br\/wp-json\/wp\/v2\/media?parent=1741"}],"curies":[{"name":"wp","href":"https:\/\/api.w.org\/{rel}","templated":true}]}}