{"id":1710,"date":"2025-01-06T15:05:09","date_gmt":"2025-01-06T15:05:09","guid":{"rendered":"https:\/\/dogapanel.com\/iletisim\/"},"modified":"2025-06-01T19:57:55","modified_gmt":"2025-06-01T19:57:55","slug":"contact-us","status":"publish","type":"page","link":"https:\/\/dogapanel.com\/ru\/contact-us\/","title":{"rendered":"\u041a\u043e\u043d\u0442\u0430\u043a\u0442\u044b"},"content":{"rendered":"\t\t<div data-elementor-type=\"wp-page\" data-elementor-id=\"1710\" class=\"elementor elementor-1710 elementor-18\" data-elementor-post-type=\"page\">\n\t\t\t\t<div class=\"elementor-element elementor-element-52c6b69 e-con-full e-flex e-con e-parent\" data-id=\"52c6b69\" data-element_type=\"container\">\n\t\t\t\t<div class=\"elementor-element elementor-element-25d9421 elementor-widget elementor-widget-google_maps\" data-id=\"25d9421\" data-element_type=\"widget\" data-widget_type=\"google_maps.default\">\n\t\t\t\t\t\t\t<div class=\"elementor-custom-embed\">\n\t\t\t<iframe loading=\"lazy\"\n\t\t\t\t\tsrc=\"https:\/\/maps.google.com\/maps?q=Eskinarl%C4%B1%2C%20K%C3%BCme%20Evler%20No%3A%20151A%20Dulkadiro%C4%9Flu%20%2F%20Kahramanmara%C5%9F&#038;t=m&#038;z=17&#038;output=embed&#038;iwloc=near\"\n\t\t\t\t\ttitle=\"Eskinarl\u0131, K\u00fcme Evler No: 151A Dulkadiro\u011flu \/ Kahramanmara\u015f\"\n\t\t\t\t\taria-label=\"Eskinarl\u0131, K\u00fcme Evler No: 151A Dulkadiro\u011flu \/ Kahramanmara\u015f\"\n\t\t\t><\/iframe>\n\t\t<\/div>\n\t\t\t\t\t\t<\/div>\n\t\t\t\t<\/div>\n\t\t<div class=\"elementor-element elementor-element-d935130 e-flex e-con-boxed e-con e-parent\" data-id=\"d935130\" data-element_type=\"container\">\n\t\t\t\t\t<div class=\"e-con-inner\">\n\t\t<div class=\"elementor-element elementor-element-792fee6 e-con-full e-flex e-con e-child\" data-id=\"792fee6\" data-element_type=\"container\">\n\t\t<div class=\"elementor-element elementor-element-6f0e043 e-con-full e-flex e-con e-child\" data-id=\"6f0e043\" data-element_type=\"container\">\n\t\t<div class=\"elementor-element elementor-element-1db1edb e-con-full e-flex e-con e-child\" data-id=\"1db1edb\" data-element_type=\"container\">\n\t\t\t\t<div class=\"elementor-element elementor-element-2bba236 elementor-widget elementor-widget-heading\" data-id=\"2bba236\" data-element_type=\"widget\" data-widget_type=\"heading.default\">\n\t\t\t\t\t<h2 class=\"elementor-heading-title elementor-size-default\">\u041d\u0430\u0448\u0438 \u043a\u043e\u043d\u0442\u0430\u043a\u0442\u043d\u044b\u0435 \u0434\u0430\u043d\u043d\u044b\u0435<\/h2>\t\t\t\t<\/div>\n\t\t\t\t<div class=\"elementor-element elementor-element-669230a elementor-widget-divider--view-line elementor-invisible elementor-widget elementor-widget-divider\" data-id=\"669230a\" data-element_type=\"widget\" data-settings=\"{&quot;_animation&quot;:&quot;fadeIn&quot;}\" data-widget_type=\"divider.default\">\n\t\t\t\t\t\t\t<div class=\"elementor-divider\">\n\t\t\t<span class=\"elementor-divider-separator\">\n\t\t\t\t\t\t<\/span>\n\t\t<\/div>\n\t\t\t\t\t\t<\/div>\n\t\t\t\t<\/div>\n\t\t<div class=\"elementor-element elementor-element-bea2378 e-con-full e-flex e-con e-child\" data-id=\"bea2378\" data-element_type=\"container\">\n\t\t\t\t<div class=\"elementor-element elementor-element-445f627 elementor-position-left elementor-view-default elementor-mobile-position-top elementor-widget elementor-widget-icon-box\" data-id=\"445f627\" data-element_type=\"widget\" data-settings=\"{&quot;_animation&quot;:&quot;none&quot;,&quot;_animation_delay&quot;:200}\" data-widget_type=\"icon-box.default\">\n\t\t\t\t\t\t\t<div class=\"elementor-icon-box-wrapper\">\n\n\t\t\t\t\t\t<div class=\"elementor-icon-box-icon\">\n\t\t\t\t<span  class=\"elementor-icon\">\n\t\t\t\t<i aria-hidden=\"true\" class=\"fas fa-phone-alt\"><\/i>\t\t\t\t<\/span>\n\t\t\t<\/div>\n\t\t\t\n\t\t\t\t\t\t<div class=\"elementor-icon-box-content\">\n\n\t\t\t\t\t\t\t\t\t<h3 class=\"elementor-icon-box-title\">\n\t\t\t\t\t\t<span  >\n\t\t\t\t\t\t\t\u0422\u0435\u043b\u0435\u0444\u043e\u043d\t\t\t\t\t\t<\/span>\n\t\t\t\t\t<\/h3>\n\t\t\t\t\n\t\t\t\t\t\t\t\t\t<p class=\"elementor-icon-box-description\">\n\t\t\t\t\t\t+90 (344) 331 21 00\t\t\t\t\t<\/p>\n\t\t\t\t\n\t\t\t<\/div>\n\t\t\t\n\t\t<\/div>\n\t\t\t\t\t\t<\/div>\n\t\t\t\t<div class=\"elementor-element elementor-element-7b60344 elementor-position-left elementor-view-default elementor-mobile-position-top elementor-widget elementor-widget-icon-box\" data-id=\"7b60344\" data-element_type=\"widget\" data-settings=\"{&quot;_animation&quot;:&quot;none&quot;,&quot;_animation_delay&quot;:600}\" data-widget_type=\"icon-box.default\">\n\t\t\t\t\t\t\t<div class=\"elementor-icon-box-wrapper\">\n\n\t\t\t\t\t\t<div class=\"elementor-icon-box-icon\">\n\t\t\t\t<a href=\"https:\/\/api.whatsapp.com\/send?phone=905330730293\" target=\"_blank\" class=\"elementor-icon\" tabindex=\"-1\" aria-label=\"WhatsApp\">\n\t\t\t\t<i aria-hidden=\"true\" class=\"fab fa-whatsapp-square\"><\/i>\t\t\t\t<\/a>\n\t\t\t<\/div>\n\t\t\t\n\t\t\t\t\t\t<div class=\"elementor-icon-box-content\">\n\n\t\t\t\t\t\t\t\t\t<h3 class=\"elementor-icon-box-title\">\n\t\t\t\t\t\t<a href=\"https:\/\/api.whatsapp.com\/send?phone=905330730293\" target=\"_blank\" >\n\t\t\t\t\t\t\tWhatsApp\t\t\t\t\t\t<\/a>\n\t\t\t\t\t<\/h3>\n\t\t\t\t\n\t\t\t\t\t\t\t\t\t<p class=\"elementor-icon-box-description\">\n\t\t\t\t\t\t<a href=\"https:\/\/wa.me\/905330730293\" style=\"color:#555555\" target=\"_blank\">+90 (533) 073 02 93<\/a>\t\t\t\t\t<\/p>\n\t\t\t\t\n\t\t\t<\/div>\n\t\t\t\n\t\t<\/div>\n\t\t\t\t\t\t<\/div>\n\t\t\t\t<div class=\"elementor-element elementor-element-2e97857 elementor-position-left elementor-view-default elementor-mobile-position-top elementor-widget elementor-widget-icon-box\" data-id=\"2e97857\" data-element_type=\"widget\" data-settings=\"{&quot;_animation&quot;:&quot;none&quot;,&quot;_animation_delay&quot;:400}\" data-widget_type=\"icon-box.default\">\n\t\t\t\t\t\t\t<div class=\"elementor-icon-box-wrapper\">\n\n\t\t\t\t\t\t<div class=\"elementor-icon-box-icon\">\n\t\t\t\t<span  class=\"elementor-icon\">\n\t\t\t\t<i aria-hidden=\"true\" class=\"fas fa-envelope\"><\/i>\t\t\t\t<\/span>\n\t\t\t<\/div>\n\t\t\t\n\t\t\t\t\t\t<div class=\"elementor-icon-box-content\">\n\n\t\t\t\t\t\t\t\t\t<h3 class=\"elementor-icon-box-title\">\n\t\t\t\t\t\t<span  >\n\t\t\t\t\t\t\tE-Posta\t\t\t\t\t\t<\/span>\n\t\t\t\t\t<\/h3>\n\t\t\t\t\n\t\t\t\t\t\t\t\t\t<p class=\"elementor-icon-box-description\">\n\t\t\t\t\t\tinfo@dogapanel.com\t\t\t\t\t<\/p>\n\t\t\t\t\n\t\t\t<\/div>\n\t\t\t\n\t\t<\/div>\n\t\t\t\t\t\t<\/div>\n\t\t\t\t<div class=\"elementor-element elementor-element-4718052 elementor-position-left elementor-view-default elementor-mobile-position-top elementor-widget elementor-widget-icon-box\" data-id=\"4718052\" data-element_type=\"widget\" data-settings=\"{&quot;_animation&quot;:&quot;none&quot;,&quot;_animation_delay&quot;:600}\" data-widget_type=\"icon-box.default\">\n\t\t\t\t\t\t\t<div class=\"elementor-icon-box-wrapper\">\n\n\t\t\t\t\t\t<div class=\"elementor-icon-box-icon\">\n\t\t\t\t<span  class=\"elementor-icon\">\n\t\t\t\t<i aria-hidden=\"true\" class=\"fas fa-map-marker-alt\"><\/i>\t\t\t\t<\/span>\n\t\t\t<\/div>\n\t\t\t\n\t\t\t\t\t\t<div class=\"elementor-icon-box-content\">\n\n\t\t\t\t\t\t\t\t\t<h3 class=\"elementor-icon-box-title\">\n\t\t\t\t\t\t<span  >\n\t\t\t\t\t\t\t\u0410\u0434\u0440\u0435\u0441\t\t\t\t\t\t<\/span>\n\t\t\t\t\t<\/h3>\n\t\t\t\t\n\t\t\t\t\t\t\t\t\t<p class=\"elementor-icon-box-description\">\n\t\t\t\t\t\tEskinarl\u0131, K\u00fcme Evler No: 151A Dulkadiro\u011flu \/ Kahramanmara\u015f\t\t\t\t\t<\/p>\n\t\t\t\t\n\t\t\t<\/div>\n\t\t\t\n\t\t<\/div>\n\t\t\t\t\t\t<\/div>\n\t\t\t\t<\/div>\n\t\t\t\t<\/div>\n\t\t\t\t<\/div>\n\t\t<div class=\"elementor-element elementor-element-ff23e39 e-con-full animated-slow e-flex e-con e-child\" data-id=\"ff23e39\" data-element_type=\"container\" data-settings=\"{&quot;background_background&quot;:&quot;classic&quot;,&quot;animation&quot;:&quot;none&quot;}\">\n\t\t\t\t<div class=\"elementor-element elementor-element-b8e379a elementor-widget elementor-widget-heading\" data-id=\"b8e379a\" data-element_type=\"widget\" data-widget_type=\"heading.default\">\n\t\t\t\t\t<h2 class=\"elementor-heading-title elementor-size-default\">\u041e\u0442\u043f\u0440\u0430\u0432\u044c\u0442\u0435 \u043d\u0430\u043c \u0441\u043e\u043e\u0431\u0449\u0435\u043d\u0438\u0435<\/h2>\t\t\t\t<\/div>\n\t\t\t\t<div class=\"elementor-element elementor-element-ebbe734 elementor-button-align-stretch elementor-widget elementor-widget-form\" data-id=\"ebbe734\" data-element_type=\"widget\" data-settings=\"{&quot;step_next_label&quot;:&quot;Next&quot;,&quot;step_previous_label&quot;:&quot;Previous&quot;,&quot;button_width&quot;:&quot;100&quot;,&quot;step_type&quot;:&quot;number_text&quot;,&quot;step_icon_shape&quot;:&quot;circle&quot;}\" data-widget_type=\"form.default\">\n\t\t\t\t\t\t\t<form class=\"elementor-form\" method=\"post\" name=\"\u0130leti\u015fim Formu\">\n\t\t\t<input type=\"hidden\" name=\"post_id\" value=\"1710\"\/>\n\t\t\t<input type=\"hidden\" name=\"form_id\" value=\"ebbe734\"\/>\n\t\t\t<input type=\"hidden\" name=\"referer_title\" value=\"Do\u011fa Panel\" \/>\n\n\t\t\t\n\t\t\t<div class=\"elementor-form-fields-wrapper elementor-labels-above\">\n\t\t\t\t\t\t\t\t<div class=\"elementor-field-type-text elementor-field-group elementor-column elementor-field-group-isim elementor-col-50 elementor-field-required\">\n\t\t\t\t\t\t\t\t\t\t\t\t<label for=\"form-field-isim\" class=\"elementor-field-label\">\n\t\t\t\t\t\t\t\t\u0412\u0430\u0448\u0435 \u0438\u043c\u044f\t\t\t\t\t\t\t<\/label>\n\t\t\t\t\t\t\t\t\t\t\t\t\t\t<input size=\"1\" type=\"text\" name=\"form_fields[isim]\" id=\"form-field-isim\" class=\"elementor-field elementor-size-md  elementor-field-textual\" placeholder=\"\u0412\u0432\u0435\u0434\u0438\u0442\u0435 \u0432\u0430\u0448\u0435 \u0438\u043c\u044f...\" required=\"required\">\n\t\t\t\t\t\t\t\t\t\t\t<\/div>\n\t\t\t\t\t\t\t\t<div class=\"elementor-field-type-text elementor-field-group elementor-column elementor-field-group-soyisim elementor-col-50 elementor-field-required\">\n\t\t\t\t\t\t\t\t\t\t\t\t<label for=\"form-field-soyisim\" class=\"elementor-field-label\">\n\t\t\t\t\t\t\t\t\u0412\u0430\u0448\u0430 \u0444\u0430\u043c\u0438\u043b\u0438\u044f\t\t\t\t\t\t\t<\/label>\n\t\t\t\t\t\t\t\t\t\t\t\t\t\t<input size=\"1\" type=\"text\" name=\"form_fields[soyisim]\" id=\"form-field-soyisim\" class=\"elementor-field elementor-size-md  elementor-field-textual\" placeholder=\"\u0412\u0432\u0435\u0434\u0438\u0442\u0435 \u0432\u0430\u0448\u0443 \u0444\u0430\u043c\u0438\u043b\u0438\u044e...\" required=\"required\">\n\t\t\t\t\t\t\t\t\t\t\t<\/div>\n\t\t\t\t\t\t\t\t<div class=\"elementor-field-type-tel elementor-field-group elementor-column elementor-field-group-telefon elementor-col-50 elementor-field-required\">\n\t\t\t\t\t\t\t\t\t\t\t\t<label for=\"form-field-telefon\" class=\"elementor-field-label\">\n\t\t\t\t\t\t\t\t\u0412\u0430\u0448 \u043d\u043e\u043c\u0435\u0440 \u0442\u0435\u043b\u0435\u0444\u043e\u043d\u0430\t\t\t\t\t\t\t<\/label>\n\t\t\t\t\t\t\t\t<input size=\"1\" type=\"tel\" name=\"form_fields[telefon]\" id=\"form-field-telefon\" class=\"elementor-field elementor-size-md  elementor-field-textual\" placeholder=\"0 (555) 555 55 55\" required=\"required\" pattern=\"[0-9()#&amp;+*-=.]+\" title=\"Only numbers and phone characters (#, -, *, etc) are accepted.\">\n\n\t\t\t\t\t\t<\/div>\n\t\t\t\t\t\t\t\t<div class=\"elementor-field-type-email elementor-field-group elementor-column elementor-field-group-field_203999d elementor-col-50 elementor-field-required\">\n\t\t\t\t\t\t\t\t\t\t\t\t<label for=\"form-field-field_203999d\" class=\"elementor-field-label\">\n\t\t\t\t\t\t\t\t\u0412\u0430\u0448 \u0430\u0434\u0440\u0435\u0441 \u044d\u043b\u0435\u043a\u0442\u0440\u043e\u043d\u043d\u043e\u0439 \u043f\u043e\u0447\u0442\u044b\t\t\t\t\t\t\t<\/label>\n\t\t\t\t\t\t\t\t\t\t\t\t\t\t<input size=\"1\" type=\"email\" name=\"form_fields[field_203999d]\" id=\"form-field-field_203999d\" class=\"elementor-field elementor-size-md  elementor-field-textual\" placeholder=\"example@dogapanel.com\" required=\"required\">\n\t\t\t\t\t\t\t\t\t\t\t<\/div>\n\t\t\t\t\t\t\t\t<div class=\"elementor-field-type-textarea elementor-field-group elementor-column elementor-field-group-message elementor-col-100 elementor-field-required\">\n\t\t\t\t\t\t\t\t\t\t\t\t<label for=\"form-field-message\" class=\"elementor-field-label\">\n\t\t\t\t\t\t\t\t\u0412\u0430\u0448\u0435 \u0441\u043e\u043e\u0431\u0449\u0435\u043d\u0438\u0435\t\t\t\t\t\t\t<\/label>\n\t\t\t\t\t\t<textarea class=\"elementor-field-textual elementor-field  elementor-size-md\" name=\"form_fields[message]\" id=\"form-field-message\" rows=\"5\" placeholder=\"\u041f\u043e\u0436\u0430\u043b\u0443\u0439\u0441\u0442\u0430, \u043d\u0430\u043f\u0438\u0448\u0438\u0442\u0435 \u0432\u0430\u0448\u0435 \u0441\u043e\u043e\u0431\u0449\u0435\u043d\u0438\u0435 \u0447\u0435\u0442\u043a\u043e \u0438 \u043f\u043e\u043d\u044f\u0442\u043d\u043e...\" required=\"required\"><\/textarea>\t\t\t\t<\/div>\n\t\t\t\t\t\t\t\t<div class=\"elementor-field-type-acceptance elementor-field-group elementor-column elementor-field-group-sozlesme elementor-col-100 elementor-field-required\">\n\t\t\t\t\t\t\t<div class=\"elementor-field-subgroup\">\n\t\t\t<span class=\"elementor-field-option\">\n\t\t\t\t<input type=\"checkbox\" name=\"form_fields[sozlesme]\" id=\"form-field-sozlesme\" class=\"elementor-field elementor-size-md  elementor-acceptance-field\" required=\"required\" checked=\"checked\">\n\t\t\t\t<label for=\"form-field-sozlesme\">\u042f \u043f\u0440\u043e\u0447\u0438\u0442\u0430\u043b(\u0430) \u0438 \u0441\u043e\u0433\u043b\u0430\u0441\u0435\u043d(\u043d\u0430) \u0441 <a href=\"\/\u043f\u0440\u0430\u0432\u043e\u0432\u0430\u044f-\u0438\u043d\u0444\u043e\u0440\u043c\u0430\u0446\u0438\u044f\">\u0442\u0435\u043a\u0441\u0442\u0430\u043c\u0438 \u044e\u0440\u0438\u0434\u0438\u0447\u0435\u0441\u043a\u043e\u0439 \u0438\u043d\u0444\u043e\u0440\u043c\u0430\u0446\u0438\u0438<\/a>.<\/label>\t\t\t<\/span>\n\t\t<\/div>\n\t\t\t\t\t\t<\/div>\n\t\t\t\t\t\t\t\t<div class=\"elementor-field-group elementor-column elementor-field-type-submit elementor-col-100 e-form__buttons\">\n\t\t\t\t\t<button class=\"elementor-button elementor-size-sm\" type=\"submit\">\n\t\t\t\t\t\t<span class=\"elementor-button-content-wrapper\">\n\t\t\t\t\t\t\t\t\t\t\t\t\t\t\t\t\t\t\t\t\t\t<span class=\"elementor-button-text\">\u041e\u0442\u043f\u0440\u0430\u0432\u0438\u0442\u044c \u0441\u043e\u043e\u0431\u0449\u0435\u043d\u0438\u0435<\/span>\n\t\t\t\t\t\t\t\t\t\t\t\t\t<\/span>\n\t\t\t\t\t<\/button>\n\t\t\t\t<\/div>\n\t\t\t<\/div>\n\t\t<\/form>\n\t\t\t\t\t\t<\/div>\n\t\t\t\t<\/div>\n\t\t\t\t\t<\/div>\n\t\t\t\t<\/div>\n\t\t\t\t<\/div>\n\t\t","protected":false},"excerpt":{"rendered":"<p>\u041d\u0430\u0448\u0438 \u043a\u043e\u043d\u0442\u0430\u043a\u0442\u043d\u044b\u0435 \u0434\u0430\u043d\u043d\u044b\u0435 &nbsp; \u0422\u0435\u043b\u0435\u0444\u043e\u043d +90 (344) 331 21 00 &nbsp; WhatsApp +90 (533) 073 02 93 &nbsp; E-Posta info@dogapanel.com &nbsp; \u0410\u0434\u0440\u0435\u0441 Eskinarl\u0131, K\u00fcme Evler No: 151A Dulkadiro\u011flu \/ Kahramanmara\u015f \u041e\u0442\u043f\u0440\u0430\u0432\u044c\u0442\u0435 \u043d\u0430\u043c \u0441\u043e\u043e\u0431\u0449\u0435\u043d\u0438\u0435<\/p>\n","protected":false},"author":1,"featured_media":0,"parent":0,"menu_order":0,"comment_status":"closed","ping_status":"closed","template":"","meta":{"_acf_changed":false,"footnotes":""},"class_list":["post-1710","page","type-page","status-publish","hentry"],"acf":[],"_links":{"self":[{"href":"https:\/\/dogapanel.com\/ru\/wp-json\/wp\/v2\/pages\/1710","targetHints":{"allow":["GET"]}}],"collection":[{"href":"https:\/\/dogapanel.com\/ru\/wp-json\/wp\/v2\/pages"}],"about":[{"href":"https:\/\/dogapanel.com\/ru\/wp-json\/wp\/v2\/types\/page"}],"author":[{"embeddable":true,"href":"https:\/\/dogapanel.com\/ru\/wp-json\/wp\/v2\/users\/1"}],"replies":[{"embeddable":true,"href":"https:\/\/dogapanel.com\/ru\/wp-json\/wp\/v2\/comments?post=1710"}],"version-history":[{"count":0,"href":"https:\/\/dogapanel.com\/ru\/wp-json\/wp\/v2\/pages\/1710\/revisions"}],"wp:attachment":[{"href":"https:\/\/dogapanel.com\/ru\/wp-json\/wp\/v2\/media?parent=1710"}],"curies":[{"name":"wp","href":"https:\/\/api.w.org\/{rel}","templated":true}]}}