{"id":1720,"date":"2025-01-06T15:05:52","date_gmt":"2025-01-06T15:05:52","guid":{"rendered":"https:\/\/dogapanel.com\/kurumsal\/"},"modified":"2025-06-01T15:49:19","modified_gmt":"2025-06-01T15:49:19","slug":"biz-hakda","status":"publish","type":"page","link":"https:\/\/dogapanel.com\/tk\/biz-hakda\/","title":{"rendered":"Biz Hakda"},"content":{"rendered":"\t\t<div data-elementor-type=\"wp-page\" data-elementor-id=\"1720\" class=\"elementor elementor-1720 elementor-26\" data-elementor-post-type=\"page\">\n\t\t\t\t<div class=\"elementor-element elementor-element-e9fb551 e-flex e-con-boxed e-con e-parent\" data-id=\"e9fb551\" data-element_type=\"container\" data-settings=\"{&quot;background_background&quot;:&quot;classic&quot;}\">\n\t\t\t\t\t<div class=\"e-con-inner\">\n\t\t\t\t\t<\/div>\n\t\t\t\t<\/div>\n\t\t<div class=\"elementor-element elementor-element-f7a54a9 e-flex e-con-boxed e-con e-parent\" data-id=\"f7a54a9\" data-element_type=\"container\">\n\t\t\t\t\t<div class=\"e-con-inner\">\n\t\t<div class=\"elementor-element elementor-element-bed8a73 e-con-full e-flex e-con e-child\" data-id=\"bed8a73\" data-element_type=\"container\">\n\t\t\t\t<div class=\"elementor-element elementor-element-4e0a49f elementor-widget elementor-widget-image\" data-id=\"4e0a49f\" data-element_type=\"widget\" data-widget_type=\"image.default\">\n\t\t\t\t\t\t\t\t\t\t\t\t\t\t\t<img loading=\"lazy\" decoding=\"async\" width=\"158\" height=\"203\" src=\"https:\/\/dogapanel.com\/wp-content\/uploads\/doga-panel-element-1-1.webp\" class=\"attachment-full size-full wp-image-322\" alt=\"\" \/>\t\t\t\t\t\t\t\t\t\t\t\t\t\t\t<\/div>\n\t\t\t\t<div class=\"elementor-element elementor-element-e17c442 elementor-widget elementor-widget-image\" data-id=\"e17c442\" data-element_type=\"widget\" data-settings=\"{&quot;motion_fx_motion_fx_mouse&quot;:&quot;yes&quot;,&quot;motion_fx_tilt_effect&quot;:&quot;yes&quot;,&quot;motion_fx_tilt_speed&quot;:{&quot;unit&quot;:&quot;px&quot;,&quot;size&quot;:1,&quot;sizes&quot;:[]}}\" data-widget_type=\"image.default\">\n\t\t\t\t\t\t\t\t\t\t\t\t\t\t\t<img loading=\"lazy\" decoding=\"async\" width=\"1600\" height=\"1066\" src=\"https:\/\/dogapanel.com\/wp-content\/uploads\/doga-panel-biz-kimiz-ve-neler-yapiyoruz.webp\" class=\"attachment-full size-full wp-image-323\" alt=\"\" srcset=\"https:\/\/dogapanel.com\/wp-content\/uploads\/doga-panel-biz-kimiz-ve-neler-yapiyoruz.webp 1600w, https:\/\/dogapanel.com\/wp-content\/uploads\/doga-panel-biz-kimiz-ve-neler-yapiyoruz-300x200.webp 300w, https:\/\/dogapanel.com\/wp-content\/uploads\/doga-panel-biz-kimiz-ve-neler-yapiyoruz-1024x682.webp 1024w, https:\/\/dogapanel.com\/wp-content\/uploads\/doga-panel-biz-kimiz-ve-neler-yapiyoruz-768x512.webp 768w, https:\/\/dogapanel.com\/wp-content\/uploads\/doga-panel-biz-kimiz-ve-neler-yapiyoruz-1536x1023.webp 1536w\" sizes=\"auto, (max-width: 1600px) 100vw, 1600px\" \/>\t\t\t\t\t\t\t\t\t\t\t\t\t\t\t<\/div>\n\t\t\t\t<div class=\"elementor-element elementor-element-a59d4a1 elementor-widget elementor-widget-image\" data-id=\"a59d4a1\" data-element_type=\"widget\" data-widget_type=\"image.default\">\n\t\t\t\t\t\t\t\t\t\t\t\t\t\t\t<img loading=\"lazy\" decoding=\"async\" width=\"178\" height=\"234\" src=\"https:\/\/dogapanel.com\/wp-content\/uploads\/doga-panel-element-2.webp\" class=\"attachment-full size-full wp-image-324\" alt=\"\" \/>\t\t\t\t\t\t\t\t\t\t\t\t\t\t\t<\/div>\n\t\t\t\t<\/div>\n\t\t<div class=\"elementor-element elementor-element-56425c2 e-con-full e-flex e-con e-child\" data-id=\"56425c2\" data-element_type=\"container\">\n\t\t<div class=\"elementor-element elementor-element-8551b6e e-con-full e-flex e-con e-child\" data-id=\"8551b6e\" data-element_type=\"container\">\n\t\t\t\t<div class=\"elementor-element elementor-element-a2bfc4e elementor-widget elementor-widget-heading\" data-id=\"a2bfc4e\" data-element_type=\"widget\" data-widget_type=\"heading.default\">\n\t\t\t\t\t<span class=\"elementor-heading-title elementor-size-default\">DO\u011eA PANEL<\/span>\t\t\t\t<\/div>\n\t\t\t\t<div class=\"elementor-element elementor-element-e86c739 elementor-widget elementor-widget-heading\" data-id=\"e86c739\" data-element_type=\"widget\" data-widget_type=\"heading.default\">\n\t\t\t\t\t<h2 class=\"elementor-heading-title elementor-size-default\">Biz Kim we N\u00e4me Ed\u00fd\u00e4ris?<\/h2>\t\t\t\t<\/div>\n\t\t\t\t<div class=\"elementor-element elementor-element-7394827 elementor-widget-divider--view-line elementor-widget elementor-widget-divider\" data-id=\"7394827\" data-element_type=\"widget\" data-widget_type=\"divider.default\">\n\t\t\t\t\t\t\t<div class=\"elementor-divider\">\n\t\t\t<span class=\"elementor-divider-separator\">\n\t\t\t\t\t\t<\/span>\n\t\t<\/div>\n\t\t\t\t\t\t<\/div>\n\t\t\t\t<\/div>\n\t\t\t\t<div class=\"elementor-element elementor-element-a891c5a elementor-widget elementor-widget-text-editor\" data-id=\"a891c5a\" data-element_type=\"widget\" data-widget_type=\"text-editor.default\">\n\t\t\t\t\t\t\t\t\t<p>Kompani\u00fdamyz 2021-nji \u00fdylda\u00a0<span style=\"font-weight: bolder;\">Kahramanmara\u015fda<\/span>\u00a0esaslandyryldy we ilkinji bolup\u00a0<span style=\"font-weight: bolder;\">Kahramanmara\u015f Sandwi\u00e7 Panel<\/span>,\u00a0<span style=\"font-weight: bolder;\">Kahramanmara\u015f \u00c7aty Panel<\/span>\u00a0we\u00a0<span style=\"font-weight: bolder;\">Kahramanmara\u015f Fa\u00e7ad Panel<\/span>\u00a0\u00e7\u00f6zg\u00fctleri bilen sebiti\u0148 senagat binalaryna hyzmat berm\u00e4ge ba\u015flady. \u015ee\u00fdle hem\u00a0<span style=\"font-weight: bolder;\">\u015eanlyurfa<\/span>,\u00a0<span style=\"font-weight: bolder;\">Malat\u00fda<\/span>\u00a0we\u00a0<span style=\"font-weight: bolder;\">Ady\u00fdaman<\/span>\u00a0\u00fdaly go\u0148\u015fy wela\u00fdatlarda-da taslamalary \u00fderine \u00fdetirdi.<\/p><p>Do\u011fa Panel gysga wagtda gazanan \u00e7alt \u00f6s\u00fc\u015fi bilen \u00fderli kompani\u00fda bolmagy yzda go\u00fdup,\u00a0<span style=\"font-weight: bolder;\">Hakkariden \u00c7orlu<\/span>,\u00a0<span style=\"font-weight: bolder;\">Denizliden Samsuna<\/span>\u00a0\u00e7enli, T\u00fcrki\u00fd\u00e4ni\u0148 \u00e4hli \u00fderinde \u00e7aty we fasad taslamalarynda \u00e7\u00f6zg\u00fct hyzmatda\u015fy boldy.<\/p>\t\t\t\t\t\t\t\t<\/div>\n\t\t\t\t<div class=\"elementor-element elementor-element-3729b8a elementor-align-left elementor-widget elementor-widget-button\" data-id=\"3729b8a\" data-element_type=\"widget\" data-widget_type=\"button.default\">\n\t\t\t\t\t\t\t\t\t\t<a class=\"elementor-button elementor-button-link elementor-size-sm\" href=\"\/tk\/habarlasmak\/\">\n\t\t\t\t\t\t<span class=\"elementor-button-content-wrapper\">\n\t\t\t\t\t\t<span class=\"elementor-button-icon\">\n\t\t\t\t<i aria-hidden=\"true\" class=\"fas fa-arrow-right\"><\/i>\t\t\t<\/span>\n\t\t\t\t\t\t\t\t\t<span class=\"elementor-button-text\">BIZE HABARLA\u015eY\u0147<\/span>\n\t\t\t\t\t<\/span>\n\t\t\t\t\t<\/a>\n\t\t\t\t\t\t\t\t<\/div>\n\t\t\t\t<\/div>\n\t\t\t\t\t<\/div>\n\t\t\t\t<\/div>\n\t\t<div class=\"elementor-element elementor-element-f20c9ed e-flex e-con-boxed e-con e-parent\" data-id=\"f20c9ed\" data-element_type=\"container\">\n\t\t\t\t\t<div class=\"e-con-inner\">\n\t\t<div class=\"elementor-element elementor-element-06557b0 e-con-full e-flex e-con e-child\" data-id=\"06557b0\" data-element_type=\"container\">\n\t\t<div class=\"elementor-element elementor-element-87c205e e-con-full e-flex e-con e-child\" data-id=\"87c205e\" data-element_type=\"container\">\n\t\t\t\t<div class=\"elementor-element elementor-element-2ca95a9 elementor-widget elementor-widget-heading\" data-id=\"2ca95a9\" data-element_type=\"widget\" data-widget_type=\"heading.default\">\n\t\t\t\t\t<h3 class=\"elementor-heading-title elementor-size-default\">Do\u011fa Panel: Kahramanmara\u015fy\u0148 Sandwi\u00e7 Paneld\u00e4ki Kepili<\/h3>\t\t\t\t<\/div>\n\t\t\t\t<div class=\"elementor-element elementor-element-8e21788 elementor-widget-divider--view-line elementor-widget elementor-widget-divider\" data-id=\"8e21788\" data-element_type=\"widget\" data-widget_type=\"divider.default\">\n\t\t\t\t\t\t\t<div class=\"elementor-divider\">\n\t\t\t<span class=\"elementor-divider-separator\">\n\t\t\t\t\t\t<\/span>\n\t\t<\/div>\n\t\t\t\t\t\t<\/div>\n\t\t\t\t<\/div>\n\t\t\t\t<div class=\"elementor-element elementor-element-6fa9699 elementor-widget elementor-widget-text-editor\" data-id=\"6fa9699\" data-element_type=\"widget\" data-widget_type=\"text-editor.default\">\n\t\t\t\t\t\t\t\t\t<p class=\"whitespace-pre-wrap break-words\">Do\u011fa Panel 2021-nji \u00fdylda Kahramanmara\u015f&#8217;da esaslandyrylyp, gysga wagtda gurlu\u015fyk we senagat pudagyna \u00fdokary hillli \u00fc\u00e7ek we fasad \u00e7\u00f6zg\u00fctlerini h\u00f6d\u00fcrl\u00e4p, \u00f6z\u00fcni tanadan kompani\u00fda \u00f6wr\u00fcldi. Biz a\u00fdratyn-da <strong>Kahramanmara\u015f Sendwi\u00e7 Panel<\/strong>, <strong>Kahramanmara\u015f Fasad Panel<\/strong> we <strong>Kahramanmara\u015f \u00dc\u00e7ek Panel<\/strong> \u00e7\u00f6zg\u00fctlerimiz bilen sebiti\u0148 senagat binalaryny\u0148 zerurlygyny kanagatlandyrmak \u00fc\u00e7in h\u00fcn\u00e4rmen i\u015fg\u00e4rlerimiz bilen hyzmat ed\u00fd\u00e4ris. Malatya, \u015eanl\u0131urfa, Ad\u0131yaman \u00fdaly go\u0148\u015fy wela\u00fdatlarda-da gi\u0148 m\u00fc\u015fderi toplumyna \u00fdetip, senagat binalaryny\u0148 izol\u00fdasi\u00fda we durnuklylyk zerurlygyny kanagatlandyr\u00fdarys.<\/p><p class=\"whitespace-pre-wrap break-words\">Kompani\u00fdamyz, senagat binalarynda izol\u00fdasi\u00fdany\u0148 we energi\u00fda netijeliligini\u0148 m\u00f6h\u00fcmdigini bilip, PUR we PIR doldurylan sendwi\u00e7 panelleri\u0148 \u00f6nd\u00fcrili\u015fine uly \u00fcns ber\u00fd\u00e4r. Bu paneller, \u00fdylylyk izol\u00fdasi\u00fdasynda \u00fdokary netije ber\u00fd\u00e4n mahaly, da\u015fky gur\u015faw \u015fertlerine gar\u015fy uzak m\u00f6hletle\u00fdin gorag \u00fcpj\u00fcn ed\u00fd\u00e4r. Do\u011fa Panel pudakdaky bilimleri we innowasi\u00fdaly tehnologi\u00fdalara bolan ma\u00fda go\u00fdumlary bilen <strong>Kahramanmara\u015f sendwi\u00e7 panel<\/strong> pudagynda tapawut d\u00f6retmegi ba\u015fardy.<\/p><p class=\"whitespace-pre-wrap break-words\">Do\u011fa Panel di\u0148e adaty panel \u00e7\u00f6zg\u00fctleri bilen \u00e7\u00e4klenm\u00e4n, \u015fe\u00fdle hem ga\u00fdtadan dikeldil\u00fd\u00e4n energi\u00fda bolan zerurlykdan habardar bolup, <strong>G\u00fcn energi\u00fdasy bilen utga\u015fykly Poliuretan doldurylan sendwi\u00e7 panel<\/strong> \u00f6nd\u00fcrmegi maksat edin\u00fd\u00e4r. G\u00fcn energi\u00fdasy bilen utga\u015fykly i\u015fl\u00e4p bil\u00fd\u00e4n bu paneller, h\u00e4zirki zaman senagat binalaryny\u0148 durnuklylyk we energi\u00fda tyg\u015fytlylygyny gazanmagyna k\u00f6mek ed\u00fd\u00e4n mahaly, da\u015fky gur\u015fawa du\u00fdgur taslamalarda-da m\u00f6h\u00fcm rol o\u00fdna\u00fdar.<\/p><p class=\"whitespace-pre-wrap break-words\">Esaslandyrylan g\u00fcn\u00fcmizden bu \u00fdana \u00fderli bir \u00fc\u00e7ek we fasad kompani\u00fdasy h\u00f6km\u00fcnde ba\u015flan \u00fdolumyzda, T\u00fcrki\u00fd\u00e4ni\u0148 d\u00f6rt bir \u00fdanyna \u00fda\u00fdran taslamalarymyz bilen milli bir marka \u00f6wr\u00fcldik. Hakkari&#8217;den \u00c7orlu&#8217;a, Denizli&#8217;den Samsun&#8217;a \u00e7enli uza\u00fdan gi\u0148 bir geografi\u00fdada senagat binalaryny\u0148 gurlu\u015fygynda we t\u00e4zeleni\u015finde \u00e7\u00f6zg\u00fct hyzmatda\u015fy bolduk. Bu \u00fcst\u00fcnligimizi, dolandyry\u015f ge\u0148e\u015fimizi\u0148 uzyn \u00fdyllara da\u00fdan\u00fdan pudak tejribesi we professional toparymyzy\u0148 yhlas bilen i\u015flemegi arkaly gazan\u00fdarys.<\/p><p class=\"whitespace-pre-wrap break-words\">Do\u011fa Panel, \u00e7alt \u00f6s\u00fd\u00e4n m\u00fc\u015fderi toplumy we hile bolan ygrarly gara\u00fd\u015fy bilen di\u0148e Kahramanmara\u015f&#8217;da d\u00e4l-de, tutu\u015f T\u00fcrki\u00fdede ygtybarly hyzmatda\u015f bolmagyny dowam etdir\u00fd\u00e4r. Maksadymyz, pudakdaky t\u00e4zeliklere \u00f6\u0148ba\u015f\u00e7ylyk edip, T\u00fcrki\u00fd\u00e4ni\u0148 her sebitine i\u0148 \u00fdokary hilli <strong>sendwi\u00e7 panel<\/strong> \u00e7\u00f6zg\u00fctlerini h\u00f6d\u00fcrlemekdir.<\/p>\t\t\t\t\t\t\t\t<\/div>\n\t\t\t\t<\/div>\n\t\t<div class=\"elementor-element elementor-element-ca0b38b e-con-full e-flex e-con e-child\" data-id=\"ca0b38b\" data-element_type=\"container\">\n\t\t<div class=\"elementor-element elementor-element-94cb001 e-con-full e-flex e-con e-child\" data-id=\"94cb001\" data-element_type=\"container\">\n\t\t\t\t<div class=\"elementor-element elementor-element-9197a80 elementor-widget elementor-widget-heading\" data-id=\"9197a80\" data-element_type=\"widget\" data-widget_type=\"heading.default\">\n\t\t\t\t\t<h3 class=\"elementor-heading-title elementor-size-default\">Hil Sy\u00fdasatymyz<\/h3>\t\t\t\t<\/div>\n\t\t\t\t<div class=\"elementor-element elementor-element-5101f78 elementor-widget-divider--view-line elementor-widget elementor-widget-divider\" data-id=\"5101f78\" data-element_type=\"widget\" data-widget_type=\"divider.default\">\n\t\t\t\t\t\t\t<div class=\"elementor-divider\">\n\t\t\t<span class=\"elementor-divider-separator\">\n\t\t\t\t\t\t<\/span>\n\t\t<\/div>\n\t\t\t\t\t\t<\/div>\n\t\t\t\t<\/div>\n\t\t\t\t<div class=\"elementor-element elementor-element-4373810 elementor-widget elementor-widget-text-editor\" data-id=\"4373810\" data-element_type=\"widget\" data-widget_type=\"text-editor.default\">\n\t\t\t\t\t\t\t\t\t<ul><li>Kanun\u00e7ylyk d\u00fczg\u00fcnnamalaryna, hukuk d\u00fczg\u00fcnlerine we m\u00fc\u015fderi \u015fertlerine doly la\u00fdyk gelmegi,<\/li><li>Hil dolandyry\u015f ulgamyna la\u00fdyklykda \u00e4hli proseslerimizde yzygiderli k\u00e4mille\u015fdirmeler ge\u00e7irmegi,<\/li><li>\u00d6nd\u00fcri\u015f amallarynda i\u0148 t\u00e4ze tehnologi\u00fdalary ulanmak arkaly hil \u00f6l\u00e7eglerini \u00fdokarlandyrmagy,<\/li><li>Taslamalarda wagtynda gow\u015fury\u015f, \u00e7ykdajy netijeliligi we \u00fdokary hili \u00fcpj\u00fcn etmek \u00fc\u00e7in \u00fcpj\u00fcn\u00e7ilik zynjyrynda ygtybarly we durnukly hyzmatda\u015flyklar d\u00f6retmegi,<\/li><li>&#8220;Do\u011fa \u00c7aty Panel Hili&#8221; bilen sektordaky b\u00e4sde\u015flerimizden tapawutlanmagy we m\u00fc\u015fderi kanagatlanmasyny i\u0148 \u00fdokary derej\u00e4 \u00e7ykarmagy,<\/li><li>I\u015fg\u00e4rlerimizi\u0148 h\u00fcn\u00e4r derejesini \u00fdokarlandyrmak \u00fc\u00e7in yzygiderli okuw maksatnamalaryny gurnamagy,<\/li><li>I\u015fg\u00e4rlerimizi\u0148 toparla\u00fdyn i\u015fine h\u00f6wes d\u00f6redip, olary\u0148 ukyplaryny i\u0148 \u00fdokary derejede ulanmagyny \u00fcpj\u00fcn etmegi,<\/li><li>I\u015fg\u00e4rlerimizi\u0148 \u00e4hlisinde hil du\u00fdgusyny d\u00f6retmek arkaly, i\u015f proseslerine doly gatna\u015fmak we jogapk\u00e4r\u00e7ilik du\u00fdgusyny \u00f6sd\u00fcrmegi,<\/li><li>Ekologi\u00fda ta\u00fddan arassa \u00f6n\u00fcm\u00e7ilik amallaryny we jemgy\u00fdete hormat go\u00fd\u00fdan i\u015f \u00fd\u00f6relgesini kabul edip, durnuklylygy gazanmagy,<\/li><li>I\u015f gerimimizi hemi\u015fe \u00f6sd\u00fcrmek bilen sektordaky liderlik derejesini saklamagy we milli ykdysady\u00fdete go\u015fant go\u015fmagy.<\/li><\/ul>\t\t\t\t\t\t\t\t<\/div>\n\t\t\t\t<\/div>\n\t\t\t\t\t<\/div>\n\t\t\t\t<\/div>\n\t\t\t\t<\/div>\n\t\t","protected":false},"excerpt":{"rendered":"<p>DO\u011eA PANEL Biz Kim we N\u00e4me Ed\u00fd\u00e4ris? Kompani\u00fdamyz 2021-nji \u00fdylda\u00a0Kahramanmara\u015fda\u00a0esaslandyryldy we ilkinji bolup\u00a0Kahramanmara\u015f Sandwi\u00e7 Panel,\u00a0Kahramanmara\u015f \u00c7aty Panel\u00a0we\u00a0Kahramanmara\u015f Fa\u00e7ad Panel\u00a0\u00e7\u00f6zg\u00fctleri bilen sebiti\u0148 senagat binalaryna hyzmat berm\u00e4ge ba\u015flady. \u015ee\u00fdle hem\u00a0\u015eanlyurfa,\u00a0Malat\u00fda\u00a0we\u00a0Ady\u00fdaman\u00a0\u00fdaly go\u0148\u015fy wela\u00fdatlarda-da taslamalary \u00fderine \u00fdetirdi. Do\u011fa Panel gysga wagtda gazanan \u00e7alt \u00f6s\u00fc\u015fi bilen \u00fderli kompani\u00fda bolmagy yzda go\u00fdup,\u00a0Hakkariden \u00c7orlu,\u00a0Denizliden Samsuna\u00a0\u00e7enli, T\u00fcrki\u00fd\u00e4ni\u0148 \u00e4hli \u00fderinde \u00e7aty we fasad taslamalarynda [&hellip;]<\/p>\n","protected":false},"author":1,"featured_media":0,"parent":0,"menu_order":0,"comment_status":"closed","ping_status":"closed","template":"","meta":{"_acf_changed":false,"footnotes":""},"class_list":["post-1720","page","type-page","status-publish","hentry"],"acf":[],"_links":{"self":[{"href":"https:\/\/dogapanel.com\/tk\/wp-json\/wp\/v2\/pages\/1720","targetHints":{"allow":["GET"]}}],"collection":[{"href":"https:\/\/dogapanel.com\/tk\/wp-json\/wp\/v2\/pages"}],"about":[{"href":"https:\/\/dogapanel.com\/tk\/wp-json\/wp\/v2\/types\/page"}],"author":[{"embeddable":true,"href":"https:\/\/dogapanel.com\/tk\/wp-json\/wp\/v2\/users\/1"}],"replies":[{"embeddable":true,"href":"https:\/\/dogapanel.com\/tk\/wp-json\/wp\/v2\/comments?post=1720"}],"version-history":[{"count":0,"href":"https:\/\/dogapanel.com\/tk\/wp-json\/wp\/v2\/pages\/1720\/revisions"}],"wp:attachment":[{"href":"https:\/\/dogapanel.com\/tk\/wp-json\/wp\/v2\/media?parent=1720"}],"curies":[{"name":"wp","href":"https:\/\/api.w.org\/{rel}","templated":true}]}}