{"id":1744,"date":"2025-01-06T15:06:55","date_gmt":"2025-01-06T15:06:55","guid":{"rendered":"https:\/\/dogapanel.com\/yasal-bilgilendirme\/"},"modified":"2025-01-10T04:51:29","modified_gmt":"2025-01-10T04:51:29","slug":"hukuk-maglumaty","status":"publish","type":"page","link":"https:\/\/dogapanel.com\/tk\/hukuk-maglumaty\/","title":{"rendered":"Hukuk Maglumaty"},"content":{"rendered":"\t\t<div data-elementor-type=\"wp-page\" data-elementor-id=\"1744\" class=\"elementor elementor-1744 elementor-30\" data-elementor-post-type=\"page\">\n\t\t\t\t<div class=\"elementor-element elementor-element-e63d266 e-flex e-con-boxed e-con e-parent\" data-id=\"e63d266\" data-element_type=\"container\" data-settings=\"{&quot;background_background&quot;:&quot;classic&quot;}\">\n\t\t\t\t\t<div class=\"e-con-inner\">\n\t\t\t\t\t<\/div>\n\t\t\t\t<\/div>\n\t\t<div class=\"elementor-element elementor-element-f0968a0 e-flex e-con-boxed e-con e-parent\" data-id=\"f0968a0\" data-element_type=\"container\">\n\t\t\t\t\t<div class=\"e-con-inner\">\n\t\t<div class=\"elementor-element elementor-element-7aadf3f e-con-full e-flex e-con e-child\" data-id=\"7aadf3f\" data-element_type=\"container\" id=\"kvkk-aydinlatma-metni\">\n\t\t<div class=\"elementor-element elementor-element-10a0476 e-con-full e-flex e-con e-child\" data-id=\"10a0476\" data-element_type=\"container\">\n\t\t\t\t<div class=\"elementor-element elementor-element-704c707 elementor-widget elementor-widget-heading\" data-id=\"704c707\" data-element_type=\"widget\" data-widget_type=\"heading.default\">\n\t\t\t\t\t<h2 class=\"elementor-heading-title elementor-size-default\">\u015eahsy Maglumatlary Goramak Kanuny (KVKK) D\u00fc\u015f\u00fcndiri\u015f Teksti<\/h2>\t\t\t\t<\/div>\n\t\t\t\t<div class=\"elementor-element elementor-element-40af2c4 elementor-widget-divider--view-line elementor-invisible elementor-widget elementor-widget-divider\" data-id=\"40af2c4\" data-element_type=\"widget\" data-settings=\"{&quot;_animation&quot;:&quot;fadeIn&quot;}\" data-widget_type=\"divider.default\">\n\t\t\t\t\t\t\t<div class=\"elementor-divider\">\n\t\t\t<span class=\"elementor-divider-separator\">\n\t\t\t\t\t\t<\/span>\n\t\t<\/div>\n\t\t\t\t\t\t<\/div>\n\t\t\t\t<\/div>\n\t\t\t\t<div class=\"elementor-element elementor-element-d4dc6ff elementor-widget elementor-widget-text-editor\" data-id=\"d4dc6ff\" data-element_type=\"widget\" data-widget_type=\"text-editor.default\">\n\t\t\t\t\t\t\t\t\t<p><strong>Maglumat Jogapk\u00e4rini\u0148 Hakynda<\/strong><br \/>6698 belgili \u015eahsy Maglumatlary Goramak Kanuny (&#8220;KVKK&#8221;) \u00e7\u00e4klerinde, \u015fahsy maglumatlary\u0148yz Do\u011fa Panel tarapyndan a\u015fakda g\u00f6rkezilen \u00e7\u00e4kde i\u015flen\u00fd\u00e4r.<\/p><p><strong>\u015eahsy Maglumatlary\u0148yzy\u0148 I\u015fleni\u015f Maksady<\/strong><br \/>Toplanan \u015fahsy maglumatlary\u0148yz, KVKK-ny\u0148 5-nji we 6-njy maddalarynda g\u00f6rkezilen \u015fertlere la\u00fdyklykda a\u015fakdaky maksatlar bilen i\u015flenip bilner:<\/p><ul><li>Web sahypamyzda h\u00f6d\u00fcrlen\u00fd\u00e4n hyzmatlary\u0148 \u00fderine \u00fdetirili\u015fi,<\/li><li>Aragatna\u015fyk proseslerini\u0148 guralmagy,<\/li><li>Ha\u00fdy\u015flar we arzalary\u0148 dolandyryly\u015fy,<\/li><li>Hukuk bor\u00e7laryny\u0148 \u00fderine \u00fdetirilmegi.<\/li><\/ul><p><strong>\u015eahsy Maglumatlary\u0148yzy\u0148 Toplany\u015f Usuly we Hukuk Esaslary<\/strong><br \/>\u015eahsy maglumatlary\u0148yz web sahypamyzda \u00fderle\u015f\u00fd\u00e4n aragatna\u015fyk formalary, ulanyjy amallary we kukiler arkaly elektron usulda \u00fdygnal\u00fdar. Bu amallar, KVKK-ny\u0148 5-nji maddasyna la\u00fdyklykda, \u015fertnama bagla\u015fmak \u00fda-da \u00fderine \u00fdetirmek \u00fc\u00e7in zerurlyk we maglumat jogapk\u00e4rini\u0148 kanuny b\u00e4hbitleri esasynda amala a\u015fyryl\u00fdar.<\/p><p><strong>\u015eahsy Maglumatlary\u0148yzy\u0148 Ge\u00e7irilmegi<\/strong><br \/>Toplanan \u015fahsy maglumatlary\u0148yz di\u0148e \u00fdokarda g\u00f6rkezilen maksatlary\u0148 \u00fderine \u00fdetirilmegi \u00fc\u00e7in zerur \u00fdagda\u00fdlarda kanun\u00e7ylyk talaplaryna la\u00fdyklykda \u00fc\u00e7\u00fcnji taraplar bilen pa\u00fdla\u015fylyp bilner.<\/p><p><strong>Degi\u015fli Adamy\u0148 Hukuklary<\/strong><br \/>KVKK-ny\u0148 11-nji maddasyna la\u00fdyklykda, \u015fahsy maglumat e\u00fdesi h\u00f6km\u00fcnde a\u015fakdaky hukuklara e\u00fde:<\/p><ul><li>\u015eahsy maglumatlary\u0148yzy\u0148 i\u015flenip-i\u015flenme\u00fd\u00e4ndigini \u00f6wrenmek,<\/li><li>\u015eahsy maglumatlary\u0148yz i\u015flenen bolsa maglumat talap etmek,<\/li><li>\u015eahsy maglumatlary\u0148 i\u015fleni\u015f maksadyny we bu maksada la\u00fdyk ulanyl\u00fdandygyny \u00f6wrenmek,<\/li><li>\u015eahsy maglumatlary\u0148 ge\u00e7irilen taraplaryny bilmek,<\/li><li>\u00ddal\u0148y\u015f \u00fda-da doly d\u00e4l maglumatlary d\u00fczetmek,<\/li><li>\u015eahsy maglumatlary\u0148yzy\u0148 pozulmagyny \u00fda-da \u00fdok edilmegini talap etmek,<\/li><li>\u015eahsy maglumatlary\u0148 kanuna ters i\u015flenmegi bilen zy\u00fdan \u00e7ekse\u0148iz, zy\u00fdany\u0148 \u00f6wezini dolmagy talap etmek.<\/li><\/ul><p>Hukuklary\u0148yzy ulanmak \u00fc\u00e7in bizi\u0148 bilen habarla\u015fy\u0148.<\/p><p><strong>Habarla\u015fmak<\/strong><br \/>Has gi\u0148i\u015fle\u00fdin maglumat \u00fda-da hukuklary\u0148yzy ulanmak \u00fc\u00e7in a\u015fakdaky kanallar arkaly habarla\u015fy\u0148:<\/p><ul><li>E-po\u00e7ta: info@dogapanel.com<\/li><li>Telefon: +90 (344) 331 21 00<\/li><\/ul>\t\t\t\t\t\t\t\t<\/div>\n\t\t\t\t<\/div>\n\t\t<div class=\"elementor-element elementor-element-7825362 e-con-full e-flex e-con e-child\" data-id=\"7825362\" data-element_type=\"container\" id=\"cerez-politikasi\">\n\t\t<div class=\"elementor-element elementor-element-2bc444c e-con-full e-flex e-con e-child\" data-id=\"2bc444c\" data-element_type=\"container\">\n\t\t\t\t<div class=\"elementor-element elementor-element-bc092fd elementor-widget elementor-widget-heading\" data-id=\"bc092fd\" data-element_type=\"widget\" data-widget_type=\"heading.default\">\n\t\t\t\t\t<h2 class=\"elementor-heading-title elementor-size-default\">Kukiler Sy\u00fdasaty<\/h2>\t\t\t\t<\/div>\n\t\t\t\t<div class=\"elementor-element elementor-element-5910999 elementor-widget-divider--view-line elementor-invisible elementor-widget elementor-widget-divider\" data-id=\"5910999\" data-element_type=\"widget\" data-settings=\"{&quot;_animation&quot;:&quot;fadeIn&quot;}\" data-widget_type=\"divider.default\">\n\t\t\t\t\t\t\t<div class=\"elementor-divider\">\n\t\t\t<span class=\"elementor-divider-separator\">\n\t\t\t\t\t\t<\/span>\n\t\t<\/div>\n\t\t\t\t\t\t<\/div>\n\t\t\t\t<\/div>\n\t\t\t\t<div class=\"elementor-element elementor-element-ceaeac5 elementor-widget elementor-widget-text-editor\" data-id=\"ceaeac5\" data-element_type=\"widget\" data-widget_type=\"text-editor.default\">\n\t\t\t\t\t\t\t\t\t<p><strong>Kukiler n\u00e4me?<\/strong><br \/>Kukiler (cookies), giren web sahypalary\u0148yz tarapyndan brauzeri\u0148ize \u00fderle\u015fdirilen ownuk maglumat fa\u00fdllarydyr. Bu fa\u00fdllar web sahypasyndaky tejrib\u00e4\u0148izi gowulandyrmak, size a\u00fdratyn mazmun h\u00f6d\u00fcrlemek we islegleri\u0148izi \u00fdatda saklamak \u00fc\u00e7in ulanyl\u00fdar.<\/p><p><strong>Ha\u00fdsy Kukiler Ulanyl\u00fdar?<\/strong><br \/>Web sahypamyzda d\u00fcrli g\u00f6rn\u00fc\u015fli kukiler ulanyl\u00fdar. Olar a\u015fakdaky kategori\u00fdalara b\u00f6l\u00fcn\u00fd\u00e4r:<\/p><ul><li><strong>Zarur Kukiler:<\/strong> Web sahypamyzy\u0148 dogry i\u015flemegi \u00fc\u00e7in zerur bolan kukiler. Bu kukiler ulanyjy giri\u015fleri \u00fda-da dil islegleri \u00fdaly esasy funksi\u00fdalary \u00fcpj\u00fcn ed\u00fd\u00e4r.<\/li><li><strong>Performance we Analiz Kukiler:<\/strong> Bu kukiler sahypamyzy n\u00e4dip ulan\u00fdandygy\u0148yzy d\u00fc\u015f\u00fcnm\u00e4ge we \u00f6nd\u00fcrijiligimizi \u00fdokarlandyrmaga k\u00f6mek ed\u00fd\u00e4r. Mysal \u00fc\u00e7in, barylan sahypalar we sarp edilen wagt \u00fdaly anonim maglumatlary jemle\u00fd\u00e4r.<\/li><li><strong>Funksional Kukiler:<\/strong> Web sahypamyzy\u0148 i\u015fini artdyr\u00fdar we \u015fahsyla\u015fdyrylan hyzmatlary h\u00f6d\u00fcrlem\u00e4ge m\u00fcmkin\u00e7ilik ber\u00fd\u00e4r. Mysal \u00fc\u00e7in, dil islegleri\u0148izi \u00fda-da giri\u015f maglumatlary\u0148yzy \u00fdatlap biler.<\/li><li><strong>Ny\u015fana aly\u015f we Reklama Kukileri:<\/strong> Bu kukiler gyzyklan\u00fdan ugurlary\u0148yza la\u00fdyk mahabatlar g\u00f6rkezmek we mahabat kampani\u00fdalarymyzy\u0148 netijeliligini \u00f6l\u00e7emek \u00fc\u00e7in ulanyl\u00fdar.<\/li><\/ul><p><strong>Kukileri\u0148 Ulany\u015f Maksatlary<\/strong><br \/>Web sahypamyzda kukiler \u015fu maksatlar bilen ulanyl\u00fdar:<\/p><ul><li>Sahypa traffigini we ulanyjy hereketlerini seljermek,<\/li><li>Hyzmatlarymyzy gowulandyrmak,<\/li><li>Size tanamak we islegleri\u0148izi \u00fdatda saklamak,<\/li><li>Has gowy ulanyjy tejribesini \u00fcpj\u00fcn etmek.<\/li><\/ul><p><strong>Kukileri Dolandyrmak we \u00d6\u00e7\u00fcrmek<\/strong><br \/>Brauzeri\u0148iz arkaly kukileri dolandyryp \u00fda-da \u00f6\u00e7\u00fcrip bilersi\u0148iz. Kukileri \u00f6\u00e7\u00fcrmegi\u0148iz bilen web sahypamyzy\u0148 k\u00e4bir a\u00fdratynlyklaryny\u0148 doly i\u015flemejekdigini \u00fdatdan \u00e7ykarmaly\u0148. Kukiler sazlamalary barada gi\u0148i\u015fle\u00fdin maglumat \u00fc\u00e7in ulanylan brauzeri\u0148 k\u00f6mek b\u00f6l\u00fcmini g\u00f6r\u00fcp bilersi\u0148iz.<\/p><p><strong>Kukiler Hakynda Has K\u00f6p Maglumat<\/strong><br \/>Kukiler we olary\u0148 n\u00e4dip i\u015fle\u00fd\u00e4ndigi hakynda has gi\u0148i\u015fle\u00fdin maglumat almak islese\u0148iz, \u015fu salgyny g\u00f6r\u00fcp bilersi\u0148iz: <a href=\"http:\/\/www.aboutcookies.org\" target=\"_new\" rel=\"noopener\">www.aboutcookies.org<\/a>.<\/p><p><strong>Habarla\u015fmak<\/strong><br \/>Kukiler sy\u00fdasatymyz hakynda soraglary\u0148yz \u00fda-da ha\u00fdy\u015flary\u0148yz bar bolsa, bizi\u0148 bilen habarla\u015fyp bilersi\u0148iz:<\/p><ul><li>E-po\u00e7ta: info@dogapanel.com<\/li><li>Telefon: +90 (344) 331 21 00<\/li><\/ul>\t\t\t\t\t\t\t\t<\/div>\n\t\t\t\t<\/div>\n\t\t\t\t\t<\/div>\n\t\t\t\t<\/div>\n\t\t\t\t<\/div>\n\t\t","protected":false},"excerpt":{"rendered":"<p>\u015eahsy Maglumatlary Goramak Kanuny (KVKK) D\u00fc\u015f\u00fcndiri\u015f Teksti Maglumat Jogapk\u00e4rini\u0148 Hakynda6698 belgili \u015eahsy Maglumatlary Goramak Kanuny (&#8220;KVKK&#8221;) \u00e7\u00e4klerinde, \u015fahsy maglumatlary\u0148yz tarapyndan a\u015fakda g\u00f6rkezilen \u00e7\u00e4kde i\u015flen\u00fd\u00e4r. \u015eahsy Maglumatlary\u0148yzy\u0148 I\u015fleni\u015f MaksadyToplanan \u015fahsy maglumatlary\u0148yz, KVKK-ny\u0148 5-nji we 6-njy maddalarynda g\u00f6rkezilen \u015fertlere la\u00fdyklykda a\u015fakdaky maksatlar bilen i\u015flenip bilner: Web sahypamyzda h\u00f6d\u00fcrlen\u00fd\u00e4n hyzmatlary\u0148 \u00fderine \u00fdetirili\u015fi, Aragatna\u015fyk proseslerini\u0148 guralmagy, Ha\u00fdy\u015flar we arzalary\u0148 [&hellip;]<\/p>\n","protected":false},"author":1,"featured_media":0,"parent":0,"menu_order":0,"comment_status":"closed","ping_status":"closed","template":"","meta":{"_acf_changed":false,"footnotes":""},"class_list":["post-1744","page","type-page","status-publish","hentry"],"acf":[],"_links":{"self":[{"href":"https:\/\/dogapanel.com\/tk\/wp-json\/wp\/v2\/pages\/1744","targetHints":{"allow":["GET"]}}],"collection":[{"href":"https:\/\/dogapanel.com\/tk\/wp-json\/wp\/v2\/pages"}],"about":[{"href":"https:\/\/dogapanel.com\/tk\/wp-json\/wp\/v2\/types\/page"}],"author":[{"embeddable":true,"href":"https:\/\/dogapanel.com\/tk\/wp-json\/wp\/v2\/users\/1"}],"replies":[{"embeddable":true,"href":"https:\/\/dogapanel.com\/tk\/wp-json\/wp\/v2\/comments?post=1744"}],"version-history":[{"count":0,"href":"https:\/\/dogapanel.com\/tk\/wp-json\/wp\/v2\/pages\/1744\/revisions"}],"wp:attachment":[{"href":"https:\/\/dogapanel.com\/tk\/wp-json\/wp\/v2\/media?parent=1744"}],"curies":[{"name":"wp","href":"https:\/\/api.w.org\/{rel}","templated":true}]}}