{"id":1721,"date":"2025-01-06T15:05:52","date_gmt":"2025-01-06T15:05:52","guid":{"rendered":"https:\/\/dogapanel.com\/kurumsal\/"},"modified":"2025-06-01T15:50:54","modified_gmt":"2025-06-01T15:50:54","slug":"haqimizda","status":"publish","type":"page","link":"https:\/\/dogapanel.com\/uz\/haqimizda\/","title":{"rendered":"Haqimizda"},"content":{"rendered":"\t\t<div data-elementor-type=\"wp-page\" data-elementor-id=\"1721\" class=\"elementor elementor-1721 elementor-26\" data-elementor-post-type=\"page\">\n\t\t\t\t<div class=\"elementor-element elementor-element-e9fb551 e-flex e-con-boxed e-con e-parent\" data-id=\"e9fb551\" data-element_type=\"container\" data-settings=\"{&quot;background_background&quot;:&quot;classic&quot;}\">\n\t\t\t\t\t<div class=\"e-con-inner\">\n\t\t\t\t\t<\/div>\n\t\t\t\t<\/div>\n\t\t<div class=\"elementor-element elementor-element-f7a54a9 e-flex e-con-boxed e-con e-parent\" data-id=\"f7a54a9\" data-element_type=\"container\">\n\t\t\t\t\t<div class=\"e-con-inner\">\n\t\t<div class=\"elementor-element elementor-element-bed8a73 e-con-full e-flex e-con e-child\" data-id=\"bed8a73\" data-element_type=\"container\">\n\t\t\t\t<div class=\"elementor-element elementor-element-4e0a49f elementor-widget elementor-widget-image\" data-id=\"4e0a49f\" data-element_type=\"widget\" data-widget_type=\"image.default\">\n\t\t\t\t\t\t\t\t\t\t\t\t\t\t\t<img loading=\"lazy\" decoding=\"async\" width=\"158\" height=\"203\" src=\"https:\/\/dogapanel.com\/wp-content\/uploads\/doga-panel-element-1-1.webp\" class=\"attachment-full size-full wp-image-322\" alt=\"\" \/>\t\t\t\t\t\t\t\t\t\t\t\t\t\t\t<\/div>\n\t\t\t\t<div class=\"elementor-element elementor-element-e17c442 elementor-widget elementor-widget-image\" data-id=\"e17c442\" data-element_type=\"widget\" data-settings=\"{&quot;motion_fx_motion_fx_mouse&quot;:&quot;yes&quot;,&quot;motion_fx_tilt_effect&quot;:&quot;yes&quot;,&quot;motion_fx_tilt_speed&quot;:{&quot;unit&quot;:&quot;px&quot;,&quot;size&quot;:1,&quot;sizes&quot;:[]}}\" data-widget_type=\"image.default\">\n\t\t\t\t\t\t\t\t\t\t\t\t\t\t\t<img loading=\"lazy\" decoding=\"async\" width=\"1600\" height=\"1066\" src=\"https:\/\/dogapanel.com\/wp-content\/uploads\/doga-panel-biz-kimiz-ve-neler-yapiyoruz.webp\" class=\"attachment-full size-full wp-image-323\" alt=\"\" srcset=\"https:\/\/dogapanel.com\/wp-content\/uploads\/doga-panel-biz-kimiz-ve-neler-yapiyoruz.webp 1600w, https:\/\/dogapanel.com\/wp-content\/uploads\/doga-panel-biz-kimiz-ve-neler-yapiyoruz-300x200.webp 300w, https:\/\/dogapanel.com\/wp-content\/uploads\/doga-panel-biz-kimiz-ve-neler-yapiyoruz-1024x682.webp 1024w, https:\/\/dogapanel.com\/wp-content\/uploads\/doga-panel-biz-kimiz-ve-neler-yapiyoruz-768x512.webp 768w, https:\/\/dogapanel.com\/wp-content\/uploads\/doga-panel-biz-kimiz-ve-neler-yapiyoruz-1536x1023.webp 1536w\" sizes=\"auto, (max-width: 1600px) 100vw, 1600px\" \/>\t\t\t\t\t\t\t\t\t\t\t\t\t\t\t<\/div>\n\t\t\t\t<div class=\"elementor-element elementor-element-a59d4a1 elementor-widget elementor-widget-image\" data-id=\"a59d4a1\" data-element_type=\"widget\" data-widget_type=\"image.default\">\n\t\t\t\t\t\t\t\t\t\t\t\t\t\t\t<img loading=\"lazy\" decoding=\"async\" width=\"178\" height=\"234\" src=\"https:\/\/dogapanel.com\/wp-content\/uploads\/doga-panel-element-2.webp\" class=\"attachment-full size-full wp-image-324\" alt=\"\" \/>\t\t\t\t\t\t\t\t\t\t\t\t\t\t\t<\/div>\n\t\t\t\t<\/div>\n\t\t<div class=\"elementor-element elementor-element-56425c2 e-con-full e-flex e-con e-child\" data-id=\"56425c2\" data-element_type=\"container\">\n\t\t<div class=\"elementor-element elementor-element-8551b6e e-con-full e-flex e-con e-child\" data-id=\"8551b6e\" data-element_type=\"container\">\n\t\t\t\t<div class=\"elementor-element elementor-element-a2bfc4e elementor-widget elementor-widget-heading\" data-id=\"a2bfc4e\" data-element_type=\"widget\" data-widget_type=\"heading.default\">\n\t\t\t\t\t<span class=\"elementor-heading-title elementor-size-default\">DO\u011eA PANEL<\/span>\t\t\t\t<\/div>\n\t\t\t\t<div class=\"elementor-element elementor-element-e86c739 elementor-widget elementor-widget-heading\" data-id=\"e86c739\" data-element_type=\"widget\" data-widget_type=\"heading.default\">\n\t\t\t\t\t<h2 class=\"elementor-heading-title elementor-size-default\">Biz Kim va Nimalar Qilamiz?<\/h2>\t\t\t\t<\/div>\n\t\t\t\t<div class=\"elementor-element elementor-element-7394827 elementor-widget-divider--view-line elementor-widget elementor-widget-divider\" data-id=\"7394827\" data-element_type=\"widget\" data-widget_type=\"divider.default\">\n\t\t\t\t\t\t\t<div class=\"elementor-divider\">\n\t\t\t<span class=\"elementor-divider-separator\">\n\t\t\t\t\t\t<\/span>\n\t\t<\/div>\n\t\t\t\t\t\t<\/div>\n\t\t\t\t<\/div>\n\t\t\t\t<div class=\"elementor-element elementor-element-59775b1 elementor-widget elementor-widget-text-editor\" data-id=\"59775b1\" data-element_type=\"widget\" data-widget_type=\"text-editor.default\">\n\t\t\t\t\t\t\t\t\t<p>Kompaniyamiz 2021-yilda\u00a0<span style=\"font-weight: bolder;\">Kahramanmara\u015fda<\/span>\u00a0tashkil etilgan bo\u2018lib, dastlab\u00a0<span style=\"font-weight: bolder;\">Kahramanmara\u015f Sendvich Panel<\/span>,\u00a0<span style=\"font-weight: bolder;\">Kahramanmara\u015f Tom Panel<\/span>\u00a0va\u00a0<span style=\"font-weight: bolder;\">Kahramanmara\u015f Fasad Panel<\/span>\u00a0yechimlari bilan hududdagi sanoat binolariga xizmat ko\u2018rsata boshladi. Shuningdek,\u00a0<span style=\"font-weight: bolder;\">\u015eanl\u0131urfa<\/span>,\u00a0<span style=\"font-weight: bolder;\">Malatya<\/span>\u00a0va\u00a0<span style=\"font-weight: bolder;\">Ad\u0131yaman<\/span>\u00a0kabi qo\u2018shni viloyatlarda ham loyihalarni amalga oshirdi.<\/p><p>Do\u011fa Panel qisqa vaqt ichida tez o\u2018sib, mahalliy kompaniya bo\u2018lishdan chiqib, butun Turkiya bo\u2018ylab\u00a0<span style=\"font-weight: bolder;\">Hakkaridan Chorlugacha<\/span>,\u00a0<span style=\"font-weight: bolder;\">Denizlidan Samsungacha<\/span>\u00a0tom va fasad loyihalarida yechim hamkori bo\u2018lib qoldi.<\/p>\t\t\t\t\t\t\t\t<\/div>\n\t\t\t\t<div class=\"elementor-element elementor-element-3729b8a elementor-align-left elementor-widget elementor-widget-button\" data-id=\"3729b8a\" data-element_type=\"widget\" data-widget_type=\"button.default\">\n\t\t\t\t\t\t\t\t\t\t<a class=\"elementor-button elementor-button-link elementor-size-sm\" href=\"\/uz\/boglanish\/\">\n\t\t\t\t\t\t<span class=\"elementor-button-content-wrapper\">\n\t\t\t\t\t\t<span class=\"elementor-button-icon\">\n\t\t\t\t<i aria-hidden=\"true\" class=\"fas fa-arrow-right\"><\/i>\t\t\t<\/span>\n\t\t\t\t\t\t\t\t\t<span class=\"elementor-button-text\">BIZ BILAN BOG\u2018LANING<\/span>\n\t\t\t\t\t<\/span>\n\t\t\t\t\t<\/a>\n\t\t\t\t\t\t\t\t<\/div>\n\t\t\t\t<\/div>\n\t\t\t\t\t<\/div>\n\t\t\t\t<\/div>\n\t\t<div class=\"elementor-element elementor-element-f20c9ed e-flex e-con-boxed e-con e-parent\" data-id=\"f20c9ed\" data-element_type=\"container\">\n\t\t\t\t\t<div class=\"e-con-inner\">\n\t\t<div class=\"elementor-element elementor-element-06557b0 e-con-full e-flex e-con e-child\" data-id=\"06557b0\" data-element_type=\"container\">\n\t\t<div class=\"elementor-element elementor-element-87c205e e-con-full e-flex e-con e-child\" data-id=\"87c205e\" data-element_type=\"container\">\n\t\t\t\t<div class=\"elementor-element elementor-element-2ca95a9 elementor-widget elementor-widget-heading\" data-id=\"2ca95a9\" data-element_type=\"widget\" data-widget_type=\"heading.default\">\n\t\t\t\t\t<h3 class=\"elementor-heading-title elementor-size-default\">Do\u011fa Panel: Qahramonmarashning Sendvich Panellardagi Ishonchi<\/h3>\t\t\t\t<\/div>\n\t\t\t\t<div class=\"elementor-element elementor-element-8e21788 elementor-widget-divider--view-line elementor-widget elementor-widget-divider\" data-id=\"8e21788\" data-element_type=\"widget\" data-widget_type=\"divider.default\">\n\t\t\t\t\t\t\t<div class=\"elementor-divider\">\n\t\t\t<span class=\"elementor-divider-separator\">\n\t\t\t\t\t\t<\/span>\n\t\t<\/div>\n\t\t\t\t\t\t<\/div>\n\t\t\t\t<\/div>\n\t\t\t\t<div class=\"elementor-element elementor-element-6fa9699 elementor-widget elementor-widget-text-editor\" data-id=\"6fa9699\" data-element_type=\"widget\" data-widget_type=\"text-editor.default\">\n\t\t\t\t\t\t\t\t\t<ul><li>Qonuniy talablarga, huquqiy me\u2019yorlarga va mijoz shartlariga to\u2018liq rioya qilishni,<\/li><li>Sifat boshqaruv tizimiga muvofiq olib borilayotgan barcha jarayonlarni doimiy ravishda takomillashtirishni,<\/li><li>Ishlab chiqarish jarayonlarida eng zamonaviy texnologiyalarni qo\u2018llash orqali sifat standartlarini oshirishni,<\/li><li>Loyihalarda o\u2018z vaqtida yetkazib berish, xarajat samaradorligi va yuqori sifatni ta\u2019minlash uchun ta\u2019minot zanjirida ishonchli va barqaror hamkorliklarni yo\u2018lga qo\u2018yishni,<\/li><li>&laquo;Do\u011fa Tom Panel Sifati&raquo; bilan sohadagi raqobatchilarimizdan farqlanishni va mijozlar qoniqishini eng yuqori darajaga ko\u2018tarishni,<\/li><li>Xodimlarimizning kasbiy bilim va ko\u2018nikmalarini rivojlantirish uchun uzluksiz trening dasturlarini tashkil qilishni,<\/li><li>Xodimlarimiz o\u2018rtasida jamoaviy ishni qo\u2018llab-quvvatlashni va ularning iste\u2019dodlarini to\u2018liq ishga solishlarini ta\u2019minlashni,<\/li><li>Barcha xodimlarimizda sifat ongini shakllantirib, ish jarayonlariga to\u2018liq ishtirok va mas\u2019uliyat hissini rivojlantirishni,<\/li><li>Atrof-muhitga zarar yetkazmaydigan ishlab chiqarish jarayonlarini qabul qilib va jamiyatga hurmat ko\u2018rsatgan holda, barqarorlikka erishishni,<\/li><li>Ish hajmini doimiy oshirib, sohada yetakchilik maqomini saqlab qolishni va mamlakat iqtisodiyotiga hissa qo\u2018shishni.<\/li><\/ul>\t\t\t\t\t\t\t\t<\/div>\n\t\t\t\t<\/div>\n\t\t<div class=\"elementor-element elementor-element-ca0b38b e-con-full e-flex e-con e-child\" data-id=\"ca0b38b\" data-element_type=\"container\">\n\t\t<div class=\"elementor-element elementor-element-94cb001 e-con-full e-flex e-con e-child\" data-id=\"94cb001\" data-element_type=\"container\">\n\t\t\t\t<div class=\"elementor-element elementor-element-9197a80 elementor-widget elementor-widget-heading\" data-id=\"9197a80\" data-element_type=\"widget\" data-widget_type=\"heading.default\">\n\t\t\t\t\t<h3 class=\"elementor-heading-title elementor-size-default\">Sifat Siyosatimiz<\/h3>\t\t\t\t<\/div>\n\t\t\t\t<div class=\"elementor-element elementor-element-5101f78 elementor-widget-divider--view-line elementor-widget elementor-widget-divider\" data-id=\"5101f78\" data-element_type=\"widget\" data-widget_type=\"divider.default\">\n\t\t\t\t\t\t\t<div class=\"elementor-divider\">\n\t\t\t<span class=\"elementor-divider-separator\">\n\t\t\t\t\t\t<\/span>\n\t\t<\/div>\n\t\t\t\t\t\t<\/div>\n\t\t\t\t<\/div>\n\t\t\t\t<div class=\"elementor-element elementor-element-4373810 elementor-widget elementor-widget-text-editor\" data-id=\"4373810\" data-element_type=\"widget\" data-widget_type=\"text-editor.default\">\n\t\t\t\t\t\t\t\t\t<ul><li>Yasal mevzuatlara, kanuni d\u00fczenlemelere ve m\u00fc\u015fteri \u015fartlar\u0131na tam uyum sa\u011flamay\u0131,<\/li><li>Kalite y\u00f6netim sistemi do\u011frultusunda y\u00fcr\u00fctt\u00fc\u011f\u00fcm\u00fcz t\u00fcm proseslerde s\u00fcrekli iyile\u015ftirme yapmay\u0131,<\/li><li>\u00dcretim s\u00fcre\u00e7lerinde en son teknolojileri kullanarak kalite standartlar\u0131n\u0131 y\u00fckseltmeyi,<\/li><li>Tedarik zincirinde g\u00fcvenilir ve s\u00fcrd\u00fcr\u00fclebilir i\u015fbirlikleri olu\u015fturarak projelerde zaman\u0131nda teslimat, maliyet verimlili\u011fi ve y\u00fcksek kaliteyi sa\u011flamay\u0131,<\/li><li>&laquo;Do\u011fa \u00c7at\u0131 Panel Kalitesi&raquo; ile sekt\u00f6rdeki rakiplerimizden ayr\u0131\u015fmay\u0131 ve m\u00fc\u015fteri memnuniyetini en \u00fcst d\u00fczeye \u00e7\u0131karmay\u0131,<\/li><li>\u00c7al\u0131\u015fanlar\u0131m\u0131z\u0131n mesleki bilgi ve becerilerini geli\u015ftirmek i\u00e7in s\u00fcrekli e\u011fitim programlar\u0131 d\u00fczenlemeyi,<\/li><li>\u00c7al\u0131\u015fanlar\u0131m\u0131z aras\u0131nda ekip \u00e7al\u0131\u015fmas\u0131n\u0131 te\u015fvik ederek, yeteneklerini en \u00fcst seviyede kullanmalar\u0131n\u0131 sa\u011flamay\u0131,<\/li><li>T\u00fcm \u00e7al\u0131\u015fanlar\u0131m\u0131zda kalite bilincini yerle\u015ftirerek, i\u015f s\u00fcre\u00e7lerimize tam kat\u0131l\u0131m ve sorumluluk bilinci kazand\u0131rmay\u0131,<\/li><li>\u00c7evreye duyarl\u0131 \u00fcretim s\u00fcre\u00e7leri ve topluma sayg\u0131l\u0131 bir i\u015f yap\u0131\u015f \u015fekli benimseyerek, s\u00fcrd\u00fcr\u00fclebilirli\u011fi sa\u011flamay\u0131,<\/li><li>\u0130\u015f hacmimizi s\u00fcrekli geli\u015ftirerek hem sekt\u00f6rdeki lider konumumuzu korumay\u0131 hem de \u00fclke ekonomisine katk\u0131da bulunmay\u0131 taahh\u00fct ederiz.<\/li><\/ul>\t\t\t\t\t\t\t\t<\/div>\n\t\t\t\t<\/div>\n\t\t\t\t\t<\/div>\n\t\t\t\t<\/div>\n\t\t\t\t<\/div>\n\t\t","protected":false},"excerpt":{"rendered":"<p>DO\u011eA PANEL Biz Kim va Nimalar Qilamiz? Kompaniyamiz 2021-yilda\u00a0Kahramanmara\u015fda\u00a0tashkil etilgan bo\u2018lib, dastlab\u00a0Kahramanmara\u015f Sendvich Panel,\u00a0Kahramanmara\u015f Tom Panel\u00a0va\u00a0Kahramanmara\u015f Fasad Panel\u00a0yechimlari bilan hududdagi sanoat binolariga xizmat ko\u2018rsata boshladi. Shuningdek,\u00a0\u015eanl\u0131urfa,\u00a0Malatya\u00a0va\u00a0Ad\u0131yaman\u00a0kabi qo\u2018shni viloyatlarda ham loyihalarni amalga oshirdi. Do\u011fa Panel qisqa vaqt ichida tez o\u2018sib, mahalliy kompaniya bo\u2018lishdan chiqib, butun Turkiya bo\u2018ylab\u00a0Hakkaridan Chorlugacha,\u00a0Denizlidan Samsungacha\u00a0tom va fasad loyihalarida yechim hamkori bo\u2018lib qoldi. [&hellip;]<\/p>\n","protected":false},"author":1,"featured_media":0,"parent":0,"menu_order":0,"comment_status":"closed","ping_status":"closed","template":"","meta":{"_acf_changed":false,"footnotes":""},"class_list":["post-1721","page","type-page","status-publish","hentry"],"acf":[],"_links":{"self":[{"href":"https:\/\/dogapanel.com\/uz\/wp-json\/wp\/v2\/pages\/1721","targetHints":{"allow":["GET"]}}],"collection":[{"href":"https:\/\/dogapanel.com\/uz\/wp-json\/wp\/v2\/pages"}],"about":[{"href":"https:\/\/dogapanel.com\/uz\/wp-json\/wp\/v2\/types\/page"}],"author":[{"embeddable":true,"href":"https:\/\/dogapanel.com\/uz\/wp-json\/wp\/v2\/users\/1"}],"replies":[{"embeddable":true,"href":"https:\/\/dogapanel.com\/uz\/wp-json\/wp\/v2\/comments?post=1721"}],"version-history":[{"count":0,"href":"https:\/\/dogapanel.com\/uz\/wp-json\/wp\/v2\/pages\/1721\/revisions"}],"wp:attachment":[{"href":"https:\/\/dogapanel.com\/uz\/wp-json\/wp\/v2\/media?parent=1721"}],"curies":[{"name":"wp","href":"https:\/\/api.w.org\/{rel}","templated":true}]}}